{"id":1160,"date":"2024-08-23T11:21:14","date_gmt":"2024-08-23T09:21:14","guid":{"rendered":"https:\/\/estecheabogados.com\/?post_type=product&#038;p=1160"},"modified":"2025-10-31T12:00:15","modified_gmt":"2025-10-31T11:00:15","slug":"reserva-de-cita","status":"publish","type":"product","link":"https:\/\/estecheabogados.com\/en\/product\/reserva-de-cita\/","title":{"rendered":"Appointment Booking"},"content":{"rendered":"<p>Book your appointment with our law firm quickly and easily! If you need personalized legal advice, our experts are ready to help you with any queries you may have. Whether you are facing a complex legal problem or simply need guidance, you can rely on us to offer you effective solutions tailored to your needs.<\/p>","protected":false},"excerpt":{"rendered":"<p>Book your appointment with our law firm quickly and easily! If you need personalized legal advice, our experts are ready to help you with any queries you may have. Whether you are facing a complex legal problem or simply need guidance, you can rely on us to offer you effective solutions tailored to your needs.<\/p>","protected":false},"featured_media":1203,"comment_status":"closed","ping_status":"closed","template":"","meta":[],"product_brand":[],"product_cat":[34],"product_tag":[],"class_list":{"0":"post-1160","1":"product","2":"type-product","3":"status-publish","4":"has-post-thumbnail","6":"product_cat-reserva-cita","8":"first","9":"instock","10":"shipping-taxable","11":"purchasable","12":"product-type-variable","13":"cpw-product"},"yoast_head":"<!-- This site is optimized with the Yoast SEO plugin v26.2 - https:\/\/yoast.com\/wordpress\/plugins\/seo\/ -->\n<title>Reserva de cita - Esteche Abogados<\/title>\n<meta name=\"robots\" content=\"index, follow, max-snippet:-1, max-image-preview:large, max-video-preview:-1\" \/>\n<link rel=\"canonical\" href=\"https:\/\/estecheabogados.com\/en\/product\/reserva-de-cita\/\" \/>\n<meta property=\"og:locale\" content=\"en_GB\" \/>\n<meta property=\"og:type\" content=\"article\" \/>\n<meta property=\"og:title\" content=\"Reserva de cita - Esteche Abogados\" \/>\n<meta property=\"og:description\" content=\"\u00a1Reserva tu cita con nuestro despacho de abogados de manera r\u00e1pida y sencilla! Si necesitas asesoramiento legal personalizado, nuestros expertos est\u00e1n listos para ayudarte con cualquier consulta que tengas. Ya sea que est\u00e9s enfrentando un problema legal complejo o simplemente necesites orientaci\u00f3n, puedes confiar en nosotros para ofrecerte soluciones eficaces y adaptadas a tus necesidades.\" \/>\n<meta property=\"og:url\" content=\"https:\/\/estecheabogados.com\/en\/product\/reserva-de-cita\/\" \/>\n<meta property=\"og:site_name\" content=\"Esteche Abogados\" \/>\n<meta property=\"article:modified_time\" content=\"2025-10-31T11:00:15+00:00\" \/>\n<meta property=\"og:image\" content=\"https:\/\/estecheabogados.com\/wp-content\/uploads\/2024\/09\/Esteche-logo-1-08-2.png\" \/>\n\t<meta property=\"og:image:width\" content=\"8989\" \/>\n\t<meta property=\"og:image:height\" content=\"9067\" \/>\n\t<meta property=\"og:image:type\" content=\"image\/png\" \/>\n<meta name=\"twitter:card\" content=\"summary_large_image\" \/>\n<meta name=\"twitter:label1\" content=\"Estimated reading time\" \/>\n\t<meta name=\"twitter:data1\" content=\"1 minute\" \/>\n<script type=\"application\/ld+json\" class=\"yoast-schema-graph\">{\"@context\":\"https:\/\/schema.org\",\"@graph\":[{\"@type\":\"WebPage\",\"@id\":\"https:\/\/estecheabogados.com\/producto\/reserva-de-cita\/\",\"url\":\"https:\/\/estecheabogados.com\/producto\/reserva-de-cita\/\",\"name\":\"Reserva de cita - Esteche Abogados\",\"isPartOf\":{\"@id\":\"https:\/\/estecheabogados.com\/#website\"},\"primaryImageOfPage\":{\"@id\":\"https:\/\/estecheabogados.com\/producto\/reserva-de-cita\/#primaryimage\"},\"image\":{\"@id\":\"https:\/\/estecheabogados.com\/producto\/reserva-de-cita\/#primaryimage\"},\"thumbnailUrl\":\"https:\/\/estecheabogados.com\/wp-content\/uploads\/2024\/09\/Esteche-logo-1-08-2-scaled.png\",\"datePublished\":\"2024-08-23T09:21:14+00:00\",\"dateModified\":\"2025-10-31T11:00:15+00:00\",\"breadcrumb\":{\"@id\":\"https:\/\/estecheabogados.com\/producto\/reserva-de-cita\/#breadcrumb\"},\"inLanguage\":\"en-GB\",\"potentialAction\":[{\"@type\":\"ReadAction\",\"target\":[\"https:\/\/estecheabogados.com\/producto\/reserva-de-cita\/\"]}]},{\"@type\":\"ImageObject\",\"inLanguage\":\"en-GB\",\"@id\":\"https:\/\/estecheabogados.com\/producto\/reserva-de-cita\/#primaryimage\",\"url\":\"https:\/\/estecheabogados.com\/wp-content\/uploads\/2024\/09\/Esteche-logo-1-08-2-scaled.png\",\"contentUrl\":\"https:\/\/estecheabogados.com\/wp-content\/uploads\/2024\/09\/Esteche-logo-1-08-2-scaled.png\",\"width\":2538,\"height\":2560},{\"@type\":\"BreadcrumbList\",\"@id\":\"https:\/\/estecheabogados.com\/producto\/reserva-de-cita\/#breadcrumb\",\"itemListElement\":[{\"@type\":\"ListItem\",\"position\":1,\"name\":\"Portada\",\"item\":\"https:\/\/estecheabogados.com\/\"},{\"@type\":\"ListItem\",\"position\":2,\"name\":\"Tienda\",\"item\":\"https:\/\/estecheabogados.com\/tienda\/\"},{\"@type\":\"ListItem\",\"position\":3,\"name\":\"Reserva de cita\"}]},{\"@type\":\"WebSite\",\"@id\":\"https:\/\/estecheabogados.com\/#website\",\"url\":\"https:\/\/estecheabogados.com\/\",\"name\":\"Esteche Abogados\",\"description\":\"\",\"potentialAction\":[{\"@type\":\"SearchAction\",\"target\":{\"@type\":\"EntryPoint\",\"urlTemplate\":\"https:\/\/estecheabogados.com\/?s={search_term_string}\"},\"query-input\":{\"@type\":\"PropertyValueSpecification\",\"valueRequired\":true,\"valueName\":\"search_term_string\"}}],\"inLanguage\":\"en-GB\"}]}<\/script>\n<!-- \/ Yoast SEO plugin. -->","yoast_head_json":{"title":"Appointment booking - Esteche Abogados","robots":{"index":"index","follow":"follow","max-snippet":"max-snippet:-1","max-image-preview":"max-image-preview:large","max-video-preview":"max-video-preview:-1"},"canonical":"https:\/\/estecheabogados.com\/en\/product\/reserva-de-cita\/","og_locale":"en_GB","og_type":"article","og_title":"Reserva de cita - Esteche Abogados","og_description":"\u00a1Reserva tu cita con nuestro despacho de abogados de manera r\u00e1pida y sencilla! Si necesitas asesoramiento legal personalizado, nuestros expertos est\u00e1n listos para ayudarte con cualquier consulta que tengas. Ya sea que est\u00e9s enfrentando un problema legal complejo o simplemente necesites orientaci\u00f3n, puedes confiar en nosotros para ofrecerte soluciones eficaces y adaptadas a tus necesidades.","og_url":"https:\/\/estecheabogados.com\/en\/product\/reserva-de-cita\/","og_site_name":"Esteche Abogados","article_modified_time":"2025-10-31T11:00:15+00:00","og_image":[{"width":8989,"height":9067,"url":"https:\/\/estecheabogados.com\/wp-content\/uploads\/2024\/09\/Esteche-logo-1-08-2.png","type":"image\/png"}],"twitter_card":"summary_large_image","twitter_misc":{"Estimated reading time":"1 minute"},"schema":{"@context":"https:\/\/schema.org","@graph":[{"@type":"WebPage","@id":"https:\/\/estecheabogados.com\/producto\/reserva-de-cita\/","url":"https:\/\/estecheabogados.com\/producto\/reserva-de-cita\/","name":"Appointment booking - Esteche Abogados","isPartOf":{"@id":"https:\/\/estecheabogados.com\/#website"},"primaryImageOfPage":{"@id":"https:\/\/estecheabogados.com\/producto\/reserva-de-cita\/#primaryimage"},"image":{"@id":"https:\/\/estecheabogados.com\/producto\/reserva-de-cita\/#primaryimage"},"thumbnailUrl":"https:\/\/estecheabogados.com\/wp-content\/uploads\/2024\/09\/Esteche-logo-1-08-2-scaled.png","datePublished":"2024-08-23T09:21:14+00:00","dateModified":"2025-10-31T11:00:15+00:00","breadcrumb":{"@id":"https:\/\/estecheabogados.com\/producto\/reserva-de-cita\/#breadcrumb"},"inLanguage":"en-GB","potentialAction":[{"@type":"ReadAction","target":["https:\/\/estecheabogados.com\/producto\/reserva-de-cita\/"]}]},{"@type":"ImageObject","inLanguage":"en-GB","@id":"https:\/\/estecheabogados.com\/producto\/reserva-de-cita\/#primaryimage","url":"https:\/\/estecheabogados.com\/wp-content\/uploads\/2024\/09\/Esteche-logo-1-08-2-scaled.png","contentUrl":"https:\/\/estecheabogados.com\/wp-content\/uploads\/2024\/09\/Esteche-logo-1-08-2-scaled.png","width":2538,"height":2560},{"@type":"BreadcrumbList","@id":"https:\/\/estecheabogados.com\/producto\/reserva-de-cita\/#breadcrumb","itemListElement":[{"@type":"ListItem","position":1,"name":"Portada","item":"https:\/\/estecheabogados.com\/"},{"@type":"ListItem","position":2,"name":"Tienda","item":"https:\/\/estecheabogados.com\/tienda\/"},{"@type":"ListItem","position":3,"name":"Reserva de cita"}]},{"@type":"WebSite","@id":"https:\/\/estecheabogados.com\/#website","url":"https:\/\/estecheabogados.com\/","name":"Esteche Lawyers","description":"","potentialAction":[{"@type":"SearchAction","target":{"@type":"EntryPoint","urlTemplate":"https:\/\/estecheabogados.com\/?s={search_term_string}"},"query-input":{"@type":"PropertyValueSpecification","valueRequired":true,"valueName":"search_term_string"}}],"inLanguage":"en-GB"}]}},"_links":{"self":[{"href":"https:\/\/estecheabogados.com\/en\/wp-json\/wp\/v2\/product\/1160","targetHints":{"allow":["GET"]}}],"collection":[{"href":"https:\/\/estecheabogados.com\/en\/wp-json\/wp\/v2\/product"}],"about":[{"href":"https:\/\/estecheabogados.com\/en\/wp-json\/wp\/v2\/types\/product"}],"replies":[{"embeddable":true,"href":"https:\/\/estecheabogados.com\/en\/wp-json\/wp\/v2\/comments?post=1160"}],"wp:featuredmedia":[{"embeddable":true,"href":"https:\/\/estecheabogados.com\/en\/wp-json\/wp\/v2\/media\/1203"}],"wp:attachment":[{"href":"https:\/\/estecheabogados.com\/en\/wp-json\/wp\/v2\/media?parent=1160"}],"wp:term":[{"taxonomy":"product_brand","embeddable":true,"href":"https:\/\/estecheabogados.com\/en\/wp-json\/wp\/v2\/product_brand?post=1160"},{"taxonomy":"product_cat","embeddable":true,"href":"https:\/\/estecheabogados.com\/en\/wp-json\/wp\/v2\/product_cat?post=1160"},{"taxonomy":"product_tag","embeddable":true,"href":"https:\/\/estecheabogados.com\/en\/wp-json\/wp\/v2\/product_tag?post=1160"}],"curies":[{"name":"wp","href":"https:\/\/api.w.org\/{rel}","templated":true}]}}