{"id":89,"date":"2024-07-01T15:09:29","date_gmt":"2024-07-01T15:09:29","guid":{"rendered":"https:\/\/estecheabogados.com\/?page_id=89"},"modified":"2024-07-22T11:16:14","modified_gmt":"2024-07-22T11:16:14","slug":"derecho-laboral","status":"publish","type":"page","link":"https:\/\/estecheabogados.com\/en\/derecho-laboral\/","title":{"rendered":"Labor law"},"content":{"rendered":"<div data-elementor-type=\"wp-page\" data-elementor-id=\"89\" class=\"elementor elementor-89\" data-elementor-post-type=\"page\">\n\t\t\t\t<div class=\"elementor-element elementor-element-1d4c3e1 e-flex e-con-boxed e-con e-parent\" data-id=\"1d4c3e1\" data-element_type=\"container\" data-settings=\"{&quot;background_background&quot;:&quot;classic&quot;}\">\n\t\t\t\t\t<div class=\"e-con-inner\">\n\t\t<div class=\"elementor-element elementor-element-aab5bfe e-con-full e-flex e-con e-child\" data-id=\"aab5bfe\" data-element_type=\"container\">\n\t\t\t\t<div class=\"elementor-element elementor-element-e43e94a elementor-widget elementor-widget-heading\" data-id=\"e43e94a\" data-element_type=\"widget\" data-widget_type=\"heading.default\">\n\t\t\t\t<div class=\"elementor-widget-container\">\n\t\t\t\t\t<h2 class=\"elementor-heading-title elementor-size-default\">Labor law in Madrid<\/h2>\t\t\t\t<\/div>\n\t\t\t\t<\/div>\n\t\t\t\t<\/div>\n\t\t<div class=\"elementor-element elementor-element-55883c3 e-con-full elementor-hidden-mobile e-flex e-con e-child\" data-id=\"55883c3\" data-element_type=\"container\">\n\t\t\t\t<\/div>\n\t\t\t\t\t<\/div>\n\t\t\t\t<\/div>\n\t\t<div class=\"elementor-element elementor-element-c0c95b9 e-flex e-con-boxed e-con e-parent\" data-id=\"c0c95b9\" data-element_type=\"container\">\n\t\t\t\t\t<div class=\"e-con-inner\">\n\t\t<div class=\"elementor-element elementor-element-6ad605e e-con-full e-flex e-con e-child\" data-id=\"6ad605e\" data-element_type=\"container\">\n\t\t\t\t<div class=\"elementor-element elementor-element-83e4fa5 elementor-widget elementor-widget-heading\" data-id=\"83e4fa5\" data-element_type=\"widget\" data-widget_type=\"heading.default\">\n\t\t\t\t<div class=\"elementor-widget-container\">\n\t\t\t\t\t<h2 class=\"elementor-heading-title elementor-size-default\">Services and assistance in labour law and legislation in Madrid<\/h2>\t\t\t\t<\/div>\n\t\t\t\t<\/div>\n\t\t\t\t<div class=\"elementor-element elementor-element-4371635 elementor-widget-divider--view-line elementor-widget elementor-widget-divider\" data-id=\"4371635\" data-element_type=\"widget\" data-widget_type=\"divider.default\">\n\t\t\t\t<div class=\"elementor-widget-container\">\n\t\t\t\t\t\t\t<div class=\"elementor-divider\">\n\t\t\t<span class=\"elementor-divider-separator\">\n\t\t\t\t\t\t<\/span>\n\t\t<\/div>\n\t\t\t\t\t\t<\/div>\n\t\t\t\t<\/div>\n\t\t\t\t<div class=\"elementor-element elementor-element-4567db0 elementor-widget__width-initial elementor-widget elementor-widget-text-editor\" data-id=\"4567db0\" data-element_type=\"widget\" data-widget_type=\"text-editor.default\">\n\t\t\t\t<div class=\"elementor-widget-container\">\n\t\t\t\t\t\t\t\t\t<p><span style=\"font-weight: 400;\">At Esteche Abogados, we understand that employment law is essential to protecting workers&#039; rights and ensuring fair working conditions. Our team of employment law attorneys are here to provide you with the expert advice and representation you need in a wide range of employment matters.<\/span><\/p>\t\t\t\t\t\t\t\t<\/div>\n\t\t\t\t<\/div>\n\t\t\t\t<\/div>\n\t\t<div class=\"elementor-element elementor-element-b8479b7 e-con-full e-flex e-con e-child\" data-id=\"b8479b7\" data-element_type=\"container\">\n\t\t\t\t<div class=\"elementor-element elementor-element-30e63d9 elementor-widget elementor-widget-image\" data-id=\"30e63d9\" data-element_type=\"widget\" data-widget_type=\"image.default\">\n\t\t\t\t<div class=\"elementor-widget-container\">\n\t\t\t\t\t\t\t\t\t\t\t\t\t\t\t<img fetchpriority=\"high\" decoding=\"async\" width=\"800\" height=\"450\" src=\"https:\/\/estecheabogados.com\/wp-content\/uploads\/2024\/07\/42-1024x576.jpg\" class=\"attachment-large size-large wp-image-54\" alt=\"\" srcset=\"https:\/\/estecheabogados.com\/wp-content\/uploads\/2024\/07\/42-1024x576.jpg 1024w, https:\/\/estecheabogados.com\/wp-content\/uploads\/2024\/07\/42-600x338.jpg 600w, https:\/\/estecheabogados.com\/wp-content\/uploads\/2024\/07\/42-300x169.jpg 300w, https:\/\/estecheabogados.com\/wp-content\/uploads\/2024\/07\/42-768x432.jpg 768w, https:\/\/estecheabogados.com\/wp-content\/uploads\/2024\/07\/42-1536x864.jpg 1536w, https:\/\/estecheabogados.com\/wp-content\/uploads\/2024\/07\/42.jpg 1920w\" sizes=\"(max-width: 800px) 100vw, 800px\" \/>\t\t\t\t\t\t\t\t\t\t\t\t\t\t\t<\/div>\n\t\t\t\t<\/div>\n\t\t\t\t<\/div>\n\t\t\t\t\t<\/div>\n\t\t\t\t<\/div>\n\t\t<div class=\"elementor-element elementor-element-5e2d07c e-flex e-con-boxed e-con e-parent\" data-id=\"5e2d07c\" data-element_type=\"container\" data-settings=\"{&quot;background_background&quot;:&quot;classic&quot;}\">\n\t\t\t\t\t<div class=\"e-con-inner\">\n\t\t\t\t<div class=\"elementor-element elementor-element-3a252ec elementor-widget elementor-widget-heading\" data-id=\"3a252ec\" data-element_type=\"widget\" data-widget_type=\"heading.default\">\n\t\t\t\t<div class=\"elementor-widget-container\">\n\t\t\t\t\t<h3 class=\"elementor-heading-title elementor-size-default\">Our labor law services\n<\/h3>\t\t\t\t<\/div>\n\t\t\t\t<\/div>\n\t\t\t\t<div class=\"elementor-element elementor-element-11e2087 elementor-widget-divider--view-line elementor-widget elementor-widget-divider\" data-id=\"11e2087\" data-element_type=\"widget\" data-widget_type=\"divider.default\">\n\t\t\t\t<div class=\"elementor-widget-container\">\n\t\t\t\t\t\t\t<div class=\"elementor-divider\">\n\t\t\t<span class=\"elementor-divider-separator\">\n\t\t\t\t\t\t<\/span>\n\t\t<\/div>\n\t\t\t\t\t\t<\/div>\n\t\t\t\t<\/div>\n\t\t<div class=\"elementor-element elementor-element-6a59786 e-con-full e-flex e-con e-child\" data-id=\"6a59786\" data-element_type=\"container\">\n\t\t<div class=\"elementor-element elementor-element-2b254fb e-con-full e-flex e-con e-child\" data-id=\"2b254fb\" data-element_type=\"container\" data-settings=\"{&quot;background_background&quot;:&quot;classic&quot;}\">\n\t\t\t\t<div class=\"elementor-element elementor-element-543dbfc elementor-view-default elementor-position-top elementor-mobile-position-top elementor-widget elementor-widget-icon-box\" data-id=\"543dbfc\" data-element_type=\"widget\" data-widget_type=\"icon-box.default\">\n\t\t\t\t<div class=\"elementor-widget-container\">\n\t\t\t\t\t\t\t<div class=\"elementor-icon-box-wrapper\">\n\n\t\t\t\t\t\t<div class=\"elementor-icon-box-icon\">\n\t\t\t\t<span  class=\"elementor-icon\">\n\t\t\t\t<i aria-hidden=\"true\" class=\"icofont icofont-university\"><\/i>\t\t\t\t<\/span>\n\t\t\t<\/div>\n\t\t\t\n\t\t\t\t\t\t<div class=\"elementor-icon-box-content\">\n\n\t\t\t\t\t\t\t\t\t<h3 class=\"elementor-icon-box-title\">\n\t\t\t\t\t\t<span  >\n\t\t\t\t\t\t\tUnjustified dismissals\t\t\t\t\t\t<\/span>\n\t\t\t\t\t<\/h3>\n\t\t\t\t\n\t\t\t\t\t\t\t\t\t<p class=\"elementor-icon-box-description\">\n\t\t\t\t\t\tWe represent employees who have been dismissed unfairly or without just cause, ensuring that their rights are respected under Spanish labour law.\n\t\t\t\t\t<\/p>\n\t\t\t\t\n\t\t\t<\/div>\n\t\t\t\n\t\t<\/div>\n\t\t\t\t\t\t<\/div>\n\t\t\t\t<\/div>\n\t\t\t\t<\/div>\n\t\t<div class=\"elementor-element elementor-element-9aa54e3 e-con-full e-flex e-con e-child\" data-id=\"9aa54e3\" data-element_type=\"container\" data-settings=\"{&quot;background_background&quot;:&quot;classic&quot;}\">\n\t\t\t\t<div class=\"elementor-element elementor-element-6a05e3b elementor-view-default elementor-position-top elementor-mobile-position-top elementor-widget elementor-widget-icon-box\" data-id=\"6a05e3b\" data-element_type=\"widget\" data-widget_type=\"icon-box.default\">\n\t\t\t\t<div class=\"elementor-widget-container\">\n\t\t\t\t\t\t\t<div class=\"elementor-icon-box-wrapper\">\n\n\t\t\t\t\t\t<div class=\"elementor-icon-box-icon\">\n\t\t\t\t<span  class=\"elementor-icon\">\n\t\t\t\t<svg aria-hidden=\"true\" class=\"e-font-icon-svg e-fas-money-bill-wave\" viewbox=\"0 0 640 512\" xmlns=\"http:\/\/www.w3.org\/2000\/svg\"><path d=\"M621.16 54.46C582.37 38.19 543.55 32 504.75 32c-123.17-.01-246.33 62.34-369.5 62.34-30.89 0-61.76-3.92-92.65-13.72-3.47-1.1-6.95-1.62-10.35-1.62C15.04 79 0 92.32 0 110.81v317.26c0 12.63 7.23 24.6 18.84 29.46C57.63 473.81 96.45 480 135.25 480c123.17 0 246.34-62.35 369.51-62.35 30.89 0 61.76 3.92 92.65 13.72 3.47 1.1 6.95 1.62 10.35 1.62 17.21 0 32.25-13.32 32.25-31.81V83.93c-.01-12.64-7.24-24.6-18.85-29.47zM48 132.22c20.12 5.04 41.12 7.57 62.72 8.93C104.84 170.54 79 192.69 48 192.69v-60.47zm0 285v-47.78c34.37 0 62.18 27.27 63.71 61.4-22.53-1.81-43.59-6.31-63.71-13.62zM320 352c-44.19 0-80-42.99-80-96 0-53.02 35.82-96 80-96s80 42.98 80 96c0 53.03-35.83 96-80 96zm272 27.78c-17.52-4.39-35.71-6.85-54.32-8.44 5.87-26.08 27.5-45.88 54.32-49.28v57.72zm0-236.11c-30.89-3.91-54.86-29.7-55.81-61.55 19.54 2.17 38.09 6.23 55.81 12.66v48.89z\"><\/path><\/svg>\t\t\t\t<\/span>\n\t\t\t<\/div>\n\t\t\t\n\t\t\t\t\t\t<div class=\"elementor-icon-box-content\">\n\n\t\t\t\t\t\t\t\t\t<h3 class=\"elementor-icon-box-title\">\n\t\t\t\t\t\t<span  >\n\t\t\t\t\t\t\tWage claims\t\t\t\t\t\t<\/span>\n\t\t\t\t\t<\/h3>\n\t\t\t\t\n\t\t\t\t\t\t\t\t\t<p class=\"elementor-icon-box-description\">\n\t\t\t\t\t\tWe represent employees who have been dismissed unfairly or without just cause, ensuring that their rights are respected under Spanish labour law.\n\t\t\t\t\t<\/p>\n\t\t\t\t\n\t\t\t<\/div>\n\t\t\t\n\t\t<\/div>\n\t\t\t\t\t\t<\/div>\n\t\t\t\t<\/div>\n\t\t\t\t<\/div>\n\t\t<div class=\"elementor-element elementor-element-8bec6c1 e-con-full e-flex e-con e-child\" data-id=\"8bec6c1\" data-element_type=\"container\" data-settings=\"{&quot;background_background&quot;:&quot;classic&quot;}\">\n\t\t\t\t<div class=\"elementor-element elementor-element-2f26c50 elementor-view-default elementor-position-top elementor-mobile-position-top elementor-widget elementor-widget-icon-box\" data-id=\"2f26c50\" data-element_type=\"widget\" data-widget_type=\"icon-box.default\">\n\t\t\t\t<div class=\"elementor-widget-container\">\n\t\t\t\t\t\t\t<div class=\"elementor-icon-box-wrapper\">\n\n\t\t\t\t\t\t<div class=\"elementor-icon-box-icon\">\n\t\t\t\t<span  class=\"elementor-icon\">\n\t\t\t\t<i aria-hidden=\"true\" class=\"icofont icofont-workers-group\"><\/i>\t\t\t\t<\/span>\n\t\t\t<\/div>\n\t\t\t\n\t\t\t\t\t\t<div class=\"elementor-icon-box-content\">\n\n\t\t\t\t\t\t\t\t\t<h3 class=\"elementor-icon-box-title\">\n\t\t\t\t\t\t<span  >\n\t\t\t\t\t\t\tLabor disputes\t\t\t\t\t\t<\/span>\n\t\t\t\t\t<\/h3>\n\t\t\t\t\n\t\t\t\t\t\t\t\t\t<p class=\"elementor-icon-box-description\">\n\t\t\t\t\t\tWe represent employees who have been dismissed unfairly or without just cause, ensuring that their rights are respected under Spanish labour law.\n\t\t\t\t\t<\/p>\n\t\t\t\t\n\t\t\t<\/div>\n\t\t\t\n\t\t<\/div>\n\t\t\t\t\t\t<\/div>\n\t\t\t\t<\/div>\n\t\t\t\t<\/div>\n\t\t\t\t<\/div>\n\t\t<div class=\"elementor-element elementor-element-57dbdbc e-con-full e-flex e-con e-child\" data-id=\"57dbdbc\" data-element_type=\"container\">\n\t\t<div class=\"elementor-element elementor-element-0d205dc e-con-full elementor-hidden-mobile e-flex e-con e-child\" data-id=\"0d205dc\" data-element_type=\"container\" data-settings=\"{&quot;background_background&quot;:&quot;classic&quot;}\">\n\t\t\t\t<\/div>\n\t\t<div class=\"elementor-element elementor-element-e15783f e-con-full e-flex e-con e-child\" data-id=\"e15783f\" data-element_type=\"container\" data-settings=\"{&quot;background_background&quot;:&quot;classic&quot;}\">\n\t\t\t\t<div class=\"elementor-element elementor-element-39687d9 elementor-view-default elementor-position-top elementor-mobile-position-top elementor-widget elementor-widget-icon-box\" data-id=\"39687d9\" data-element_type=\"widget\" data-widget_type=\"icon-box.default\">\n\t\t\t\t<div class=\"elementor-widget-container\">\n\t\t\t\t\t\t\t<div class=\"elementor-icon-box-wrapper\">\n\n\t\t\t\t\t\t<div class=\"elementor-icon-box-icon\">\n\t\t\t\t<span  class=\"elementor-icon\">\n\t\t\t\t<i aria-hidden=\"true\" class=\"ti-write\"><\/i>\t\t\t\t<\/span>\n\t\t\t<\/div>\n\t\t\t\n\t\t\t\t\t\t<div class=\"elementor-icon-box-content\">\n\n\t\t\t\t\t\t\t\t\t<h3 class=\"elementor-icon-box-title\">\n\t\t\t\t\t\t<span  >\n\t\t\t\t\t\t\tModification of working conditions\t\t\t\t\t\t<\/span>\n\t\t\t\t\t<\/h3>\n\t\t\t\t\n\t\t\t\t\t\t\t\t\t<p class=\"elementor-icon-box-description\">\n\t\t\t\t\t\tWe help employees negotiate changes to their working conditions, such as work schedules, pay, and job responsibilities, ensuring that any modifications are legal and fair.\n\n\t\t\t\t\t<\/p>\n\t\t\t\t\n\t\t\t<\/div>\n\t\t\t\n\t\t<\/div>\n\t\t\t\t\t\t<\/div>\n\t\t\t\t<\/div>\n\t\t\t\t<\/div>\n\t\t<div class=\"elementor-element elementor-element-37b9d5d e-con-full e-flex e-con e-child\" data-id=\"37b9d5d\" data-element_type=\"container\" data-settings=\"{&quot;background_background&quot;:&quot;classic&quot;}\">\n\t\t\t\t<div class=\"elementor-element elementor-element-6b28a8c elementor-view-default elementor-position-top elementor-mobile-position-top elementor-widget elementor-widget-icon-box\" data-id=\"6b28a8c\" data-element_type=\"widget\" data-widget_type=\"icon-box.default\">\n\t\t\t\t<div class=\"elementor-widget-container\">\n\t\t\t\t\t\t\t<div class=\"elementor-icon-box-wrapper\">\n\n\t\t\t\t\t\t<div class=\"elementor-icon-box-icon\">\n\t\t\t\t<span  class=\"elementor-icon\">\n\t\t\t\t<i aria-hidden=\"true\" class=\"las la-file-contract\"><\/i>\t\t\t\t<\/span>\n\t\t\t<\/div>\n\t\t\t\n\t\t\t\t\t\t<div class=\"elementor-icon-box-content\">\n\n\t\t\t\t\t\t\t\t\t<h3 class=\"elementor-icon-box-title\">\n\t\t\t\t\t\t<span  >\n\t\t\t\t\t\t\tEmployment contracts\t\t\t\t\t\t<\/span>\n\t\t\t\t\t<\/h3>\n\t\t\t\t\n\t\t\t\t\t\t\t\t\t<p class=\"elementor-icon-box-description\">\n\t\t\t\t\t\tWe review and draft employment contracts to ensure they accurately reflect the rights and obligations of both parties, providing clarity and legal protection.\t\t\t\t\t<\/p>\n\t\t\t\t\n\t\t\t<\/div>\n\t\t\t\n\t\t<\/div>\n\t\t\t\t\t\t<\/div>\n\t\t\t\t<\/div>\n\t\t\t\t<\/div>\n\t\t<div class=\"elementor-element elementor-element-853917b e-con-full elementor-hidden-mobile e-flex e-con e-child\" data-id=\"853917b\" data-element_type=\"container\" data-settings=\"{&quot;background_background&quot;:&quot;classic&quot;}\">\n\t\t\t\t<\/div>\n\t\t\t\t<\/div>\n\t\t\t\t\t<\/div>\n\t\t\t\t<\/div>\n\t\t<div class=\"elementor-element elementor-element-dd22318 e-flex e-con-boxed e-con e-parent\" data-id=\"dd22318\" data-element_type=\"container\">\n\t\t\t\t\t<div class=\"e-con-inner\">\n\t\t<div class=\"elementor-element elementor-element-8303c88 e-con-full e-flex e-con e-child\" data-id=\"8303c88\" data-element_type=\"container\">\n\t\t\t\t<div class=\"elementor-element elementor-element-d397ad1 elementor-widget elementor-widget-image\" data-id=\"d397ad1\" data-element_type=\"widget\" data-widget_type=\"image.default\">\n\t\t\t\t<div class=\"elementor-widget-container\">\n\t\t\t\t\t\t\t\t\t\t\t\t\t\t\t<img decoding=\"async\" width=\"800\" height=\"450\" src=\"https:\/\/estecheabogados.com\/wp-content\/uploads\/2024\/07\/61-1024x576.jpg\" class=\"attachment-large size-large wp-image-73\" alt=\"\" srcset=\"https:\/\/estecheabogados.com\/wp-content\/uploads\/2024\/07\/61-1024x576.jpg 1024w, https:\/\/estecheabogados.com\/wp-content\/uploads\/2024\/07\/61-600x338.jpg 600w, https:\/\/estecheabogados.com\/wp-content\/uploads\/2024\/07\/61-300x169.jpg 300w, https:\/\/estecheabogados.com\/wp-content\/uploads\/2024\/07\/61-768x432.jpg 768w, https:\/\/estecheabogados.com\/wp-content\/uploads\/2024\/07\/61-1536x864.jpg 1536w, https:\/\/estecheabogados.com\/wp-content\/uploads\/2024\/07\/61.jpg 1920w\" sizes=\"(max-width: 800px) 100vw, 800px\" \/>\t\t\t\t\t\t\t\t\t\t\t\t\t\t\t<\/div>\n\t\t\t\t<\/div>\n\t\t\t\t<\/div>\n\t\t<div class=\"elementor-element elementor-element-d6d0570 e-con-full e-flex e-con e-child\" data-id=\"d6d0570\" data-element_type=\"container\">\n\t\t\t\t<div class=\"elementor-element elementor-element-e25533c elementor-widget elementor-widget-heading\" data-id=\"e25533c\" data-element_type=\"widget\" data-widget_type=\"heading.default\">\n\t\t\t\t<div class=\"elementor-widget-container\">\n\t\t\t\t\t<h2 class=\"elementor-heading-title elementor-size-default\">We offer you personalized legal advice<\/h2>\t\t\t\t<\/div>\n\t\t\t\t<\/div>\n\t\t\t\t<div class=\"elementor-element elementor-element-92e9a74 elementor-widget-divider--view-line elementor-widget elementor-widget-divider\" data-id=\"92e9a74\" data-element_type=\"widget\" data-widget_type=\"divider.default\">\n\t\t\t\t<div class=\"elementor-widget-container\">\n\t\t\t\t\t\t\t<div class=\"elementor-divider\">\n\t\t\t<span class=\"elementor-divider-separator\">\n\t\t\t\t\t\t<\/span>\n\t\t<\/div>\n\t\t\t\t\t\t<\/div>\n\t\t\t\t<\/div>\n\t\t\t\t<div class=\"elementor-element elementor-element-2794b4a elementor-widget elementor-widget-text-editor\" data-id=\"2794b4a\" data-element_type=\"widget\" data-widget_type=\"text-editor.default\">\n\t\t\t\t<div class=\"elementor-widget-container\">\n\t\t\t\t\t\t\t\t\t<p><span style=\"font-weight: 400;\">We understand that every employment situation is unique. That&#039;s why we offer personalized legal advice tailored to your specific needs. Whether you&#039;re facing a specific employment issue or want to better understand your rights as an employee, we&#039;re here to help you navigate the complex landscape of employment law in Spain.<\/span><\/p>\t\t\t\t\t\t\t\t<\/div>\n\t\t\t\t<\/div>\n\t\t\t\t<div class=\"elementor-element elementor-element-88bb567 elementor-mobile-align-center elementor-widget elementor-widget-button\" data-id=\"88bb567\" data-element_type=\"widget\" data-widget_type=\"button.default\">\n\t\t\t\t<div class=\"elementor-widget-container\">\n\t\t\t\t\t\t\t\t\t<div class=\"elementor-button-wrapper\">\n\t\t\t\t\t<a class=\"elementor-button elementor-button-link elementor-size-sm\" href=\"https:\/\/estecheabogados.com\/en\/contacto\/\">\n\t\t\t\t\t\t<span class=\"elementor-button-content-wrapper\">\n\t\t\t\t\t\t\t\t\t<span class=\"elementor-button-text\">Make an enquiry here<\/span>\n\t\t\t\t\t<\/span>\n\t\t\t\t\t<\/a>\n\t\t\t\t<\/div>\n\t\t\t\t\t\t\t\t<\/div>\n\t\t\t\t<\/div>\n\t\t\t\t<\/div>\n\t\t\t\t\t<\/div>\n\t\t\t\t<\/div>\n\t\t\t\t<\/div>","protected":false},"excerpt":{"rendered":"<p>Derecho laboral en Madrid Servicios y ayudas en derecho y legislaci\u00f3n laboral en Madrid En Esteche Abogados, entendemos que el derecho laboral es fundamental para proteger los derechos de los trabajadores y asegurar condiciones laborales justas. Nuestro equipo de abogados especializados en derecho laboral est\u00e1 aqu\u00ed para proporcionarte el asesoramiento experto y la representaci\u00f3n necesaria [&hellip;]<\/p>","protected":false},"author":2,"featured_media":0,"parent":0,"menu_order":0,"comment_status":"closed","ping_status":"closed","template":"","meta":{"footnotes":""},"class_list":["post-89","page","type-page","status-publish","hentry"],"yoast_head":"<!-- This site is optimized with the Yoast SEO plugin v26.2 - https:\/\/yoast.com\/wordpress\/plugins\/seo\/ -->\n<title>Derecho laboral - Esteche Abogados<\/title>\n<meta name=\"robots\" content=\"index, follow, max-snippet:-1, max-image-preview:large, max-video-preview:-1\" \/>\n<link rel=\"canonical\" href=\"https:\/\/estecheabogados.com\/en\/derecho-laboral\/\" \/>\n<meta property=\"og:locale\" content=\"en_GB\" \/>\n<meta property=\"og:type\" content=\"article\" \/>\n<meta property=\"og:title\" content=\"Derecho laboral - Esteche Abogados\" \/>\n<meta property=\"og:description\" content=\"Derecho laboral en Madrid Servicios y ayudas en derecho y legislaci\u00f3n laboral en Madrid En Esteche Abogados, entendemos que el derecho laboral es fundamental para proteger los derechos de los trabajadores y asegurar condiciones laborales justas. Nuestro equipo de abogados especializados en derecho laboral est\u00e1 aqu\u00ed para proporcionarte el asesoramiento experto y la representaci\u00f3n necesaria [&hellip;]\" \/>\n<meta property=\"og:url\" content=\"https:\/\/estecheabogados.com\/en\/derecho-laboral\/\" \/>\n<meta property=\"og:site_name\" content=\"Esteche Abogados\" \/>\n<meta property=\"article:modified_time\" content=\"2024-07-22T11:16:14+00:00\" \/>\n<meta property=\"og:image\" content=\"https:\/\/estecheabogados.com\/wp-content\/uploads\/2024\/07\/42-1024x576.jpg\" \/>\n<meta name=\"twitter:card\" content=\"summary_large_image\" \/>\n<meta name=\"twitter:label1\" content=\"Estimated reading time\" \/>\n\t<meta name=\"twitter:data1\" content=\"1 minute\" \/>\n<script type=\"application\/ld+json\" class=\"yoast-schema-graph\">{\"@context\":\"https:\/\/schema.org\",\"@graph\":[{\"@type\":\"WebPage\",\"@id\":\"https:\/\/estecheabogados.com\/derecho-laboral\/\",\"url\":\"https:\/\/estecheabogados.com\/derecho-laboral\/\",\"name\":\"Derecho laboral - Esteche Abogados\",\"isPartOf\":{\"@id\":\"https:\/\/estecheabogados.com\/#website\"},\"primaryImageOfPage\":{\"@id\":\"https:\/\/estecheabogados.com\/derecho-laboral\/#primaryimage\"},\"image\":{\"@id\":\"https:\/\/estecheabogados.com\/derecho-laboral\/#primaryimage\"},\"thumbnailUrl\":\"https:\/\/estecheabogados.com\/wp-content\/uploads\/2024\/07\/42-1024x576.jpg\",\"datePublished\":\"2024-07-01T15:09:29+00:00\",\"dateModified\":\"2024-07-22T11:16:14+00:00\",\"breadcrumb\":{\"@id\":\"https:\/\/estecheabogados.com\/derecho-laboral\/#breadcrumb\"},\"inLanguage\":\"en-GB\",\"potentialAction\":[{\"@type\":\"ReadAction\",\"target\":[\"https:\/\/estecheabogados.com\/derecho-laboral\/\"]}]},{\"@type\":\"ImageObject\",\"inLanguage\":\"en-GB\",\"@id\":\"https:\/\/estecheabogados.com\/derecho-laboral\/#primaryimage\",\"url\":\"https:\/\/estecheabogados.com\/wp-content\/uploads\/2024\/07\/42-1024x576.jpg\",\"contentUrl\":\"https:\/\/estecheabogados.com\/wp-content\/uploads\/2024\/07\/42-1024x576.jpg\"},{\"@type\":\"BreadcrumbList\",\"@id\":\"https:\/\/estecheabogados.com\/derecho-laboral\/#breadcrumb\",\"itemListElement\":[{\"@type\":\"ListItem\",\"position\":1,\"name\":\"Portada\",\"item\":\"https:\/\/estecheabogados.com\/\"},{\"@type\":\"ListItem\",\"position\":2,\"name\":\"Derecho laboral\"}]},{\"@type\":\"WebSite\",\"@id\":\"https:\/\/estecheabogados.com\/#website\",\"url\":\"https:\/\/estecheabogados.com\/\",\"name\":\"Esteche Abogados\",\"description\":\"\",\"potentialAction\":[{\"@type\":\"SearchAction\",\"target\":{\"@type\":\"EntryPoint\",\"urlTemplate\":\"https:\/\/estecheabogados.com\/?s={search_term_string}\"},\"query-input\":{\"@type\":\"PropertyValueSpecification\",\"valueRequired\":true,\"valueName\":\"search_term_string\"}}],\"inLanguage\":\"en-GB\"}]}<\/script>\n<!-- \/ Yoast SEO plugin. -->","yoast_head_json":{"title":"Derecho laboral - Esteche Abogados","robots":{"index":"index","follow":"follow","max-snippet":"max-snippet:-1","max-image-preview":"max-image-preview:large","max-video-preview":"max-video-preview:-1"},"canonical":"https:\/\/estecheabogados.com\/en\/derecho-laboral\/","og_locale":"en_GB","og_type":"article","og_title":"Derecho laboral - Esteche Abogados","og_description":"Derecho laboral en Madrid Servicios y ayudas en derecho y legislaci\u00f3n laboral en Madrid En Esteche Abogados, entendemos que el derecho laboral es fundamental para proteger los derechos de los trabajadores y asegurar condiciones laborales justas. Nuestro equipo de abogados especializados en derecho laboral est\u00e1 aqu\u00ed para proporcionarte el asesoramiento experto y la representaci\u00f3n necesaria [&hellip;]","og_url":"https:\/\/estecheabogados.com\/en\/derecho-laboral\/","og_site_name":"Esteche Abogados","article_modified_time":"2024-07-22T11:16:14+00:00","og_image":[{"url":"https:\/\/estecheabogados.com\/wp-content\/uploads\/2024\/07\/42-1024x576.jpg","type":"","width":"","height":""}],"twitter_card":"summary_large_image","twitter_misc":{"Estimated reading time":"1 minute"},"schema":{"@context":"https:\/\/schema.org","@graph":[{"@type":"WebPage","@id":"https:\/\/estecheabogados.com\/derecho-laboral\/","url":"https:\/\/estecheabogados.com\/derecho-laboral\/","name":"Derecho laboral - Esteche Abogados","isPartOf":{"@id":"https:\/\/estecheabogados.com\/#website"},"primaryImageOfPage":{"@id":"https:\/\/estecheabogados.com\/derecho-laboral\/#primaryimage"},"image":{"@id":"https:\/\/estecheabogados.com\/derecho-laboral\/#primaryimage"},"thumbnailUrl":"https:\/\/estecheabogados.com\/wp-content\/uploads\/2024\/07\/42-1024x576.jpg","datePublished":"2024-07-01T15:09:29+00:00","dateModified":"2024-07-22T11:16:14+00:00","breadcrumb":{"@id":"https:\/\/estecheabogados.com\/derecho-laboral\/#breadcrumb"},"inLanguage":"en-GB","potentialAction":[{"@type":"ReadAction","target":["https:\/\/estecheabogados.com\/derecho-laboral\/"]}]},{"@type":"ImageObject","inLanguage":"en-GB","@id":"https:\/\/estecheabogados.com\/derecho-laboral\/#primaryimage","url":"https:\/\/estecheabogados.com\/wp-content\/uploads\/2024\/07\/42-1024x576.jpg","contentUrl":"https:\/\/estecheabogados.com\/wp-content\/uploads\/2024\/07\/42-1024x576.jpg"},{"@type":"BreadcrumbList","@id":"https:\/\/estecheabogados.com\/derecho-laboral\/#breadcrumb","itemListElement":[{"@type":"ListItem","position":1,"name":"Portada","item":"https:\/\/estecheabogados.com\/"},{"@type":"ListItem","position":2,"name":"Derecho laboral"}]},{"@type":"WebSite","@id":"https:\/\/estecheabogados.com\/#website","url":"https:\/\/estecheabogados.com\/","name":"Esteche Lawyers","description":"","potentialAction":[{"@type":"SearchAction","target":{"@type":"EntryPoint","urlTemplate":"https:\/\/estecheabogados.com\/?s={search_term_string}"},"query-input":{"@type":"PropertyValueSpecification","valueRequired":true,"valueName":"search_term_string"}}],"inLanguage":"en-GB"}]}},"_links":{"self":[{"href":"https:\/\/estecheabogados.com\/en\/wp-json\/wp\/v2\/pages\/89","targetHints":{"allow":["GET"]}}],"collection":[{"href":"https:\/\/estecheabogados.com\/en\/wp-json\/wp\/v2\/pages"}],"about":[{"href":"https:\/\/estecheabogados.com\/en\/wp-json\/wp\/v2\/types\/page"}],"author":[{"embeddable":true,"href":"https:\/\/estecheabogados.com\/en\/wp-json\/wp\/v2\/users\/2"}],"replies":[{"embeddable":true,"href":"https:\/\/estecheabogados.com\/en\/wp-json\/wp\/v2\/comments?post=89"}],"version-history":[{"count":34,"href":"https:\/\/estecheabogados.com\/en\/wp-json\/wp\/v2\/pages\/89\/revisions"}],"predecessor-version":[{"id":1004,"href":"https:\/\/estecheabogados.com\/en\/wp-json\/wp\/v2\/pages\/89\/revisions\/1004"}],"wp:attachment":[{"href":"https:\/\/estecheabogados.com\/en\/wp-json\/wp\/v2\/media?parent=89"}],"curies":[{"name":"wp","href":"https:\/\/api.w.org\/{rel}","templated":true}]}}