{"id":617,"date":"2024-07-05T08:01:14","date_gmt":"2024-07-05T08:01:14","guid":{"rendered":"https:\/\/estecheabogados.com\/?page_id=617"},"modified":"2024-07-22T10:39:21","modified_gmt":"2024-07-22T10:39:21","slug":"tramite-de-nacionalidad","status":"publish","type":"page","link":"https:\/\/estecheabogados.com\/en\/derecho-de-extranjeria\/tramite-de-nacionalidad\/","title":{"rendered":"Nationality Procedure"},"content":{"rendered":"<div data-elementor-type=\"wp-page\" data-elementor-id=\"617\" class=\"elementor elementor-617\" data-elementor-post-type=\"page\">\n\t\t\t\t<div class=\"elementor-element elementor-element-1d4c3e1 e-flex e-con-boxed e-con e-parent\" data-id=\"1d4c3e1\" data-element_type=\"container\" data-settings=\"{&quot;background_background&quot;:&quot;classic&quot;}\">\n\t\t\t\t\t<div class=\"e-con-inner\">\n\t\t<div class=\"elementor-element elementor-element-aab5bfe e-con-full e-flex e-con e-child\" data-id=\"aab5bfe\" data-element_type=\"container\">\n\t\t\t\t<div class=\"elementor-element elementor-element-e43e94a elementor-widget elementor-widget-heading\" data-id=\"e43e94a\" data-element_type=\"widget\" data-widget_type=\"heading.default\">\n\t\t\t\t<div class=\"elementor-widget-container\">\n\t\t\t\t\t<h2 class=\"elementor-heading-title elementor-size-default\">Spanish nationality procedure<\/h2>\t\t\t\t<\/div>\n\t\t\t\t<\/div>\n\t\t\t\t<\/div>\n\t\t<div class=\"elementor-element elementor-element-55883c3 e-con-full elementor-hidden-mobile e-flex e-con e-child\" data-id=\"55883c3\" data-element_type=\"container\">\n\t\t\t\t<\/div>\n\t\t\t\t\t<\/div>\n\t\t\t\t<\/div>\n\t\t<div class=\"elementor-element elementor-element-c0c95b9 e-flex e-con-boxed e-con e-parent\" data-id=\"c0c95b9\" data-element_type=\"container\">\n\t\t\t\t\t<div class=\"e-con-inner\">\n\t\t<div class=\"elementor-element elementor-element-6ad605e e-con-full e-flex e-con e-child\" data-id=\"6ad605e\" data-element_type=\"container\">\n\t\t\t\t<div class=\"elementor-element elementor-element-83e4fa5 elementor-widget elementor-widget-heading\" data-id=\"83e4fa5\" data-element_type=\"widget\" data-widget_type=\"heading.default\">\n\t\t\t\t<div class=\"elementor-widget-container\">\n\t\t\t\t\t<h2 class=\"elementor-heading-title elementor-size-default\">Obtain Spanish nationality legitimately<\/h2>\t\t\t\t<\/div>\n\t\t\t\t<\/div>\n\t\t\t\t<div class=\"elementor-element elementor-element-4371635 elementor-widget-divider--view-line elementor-widget elementor-widget-divider\" data-id=\"4371635\" data-element_type=\"widget\" data-widget_type=\"divider.default\">\n\t\t\t\t<div class=\"elementor-widget-container\">\n\t\t\t\t\t\t\t<div class=\"elementor-divider\">\n\t\t\t<span class=\"elementor-divider-separator\">\n\t\t\t\t\t\t<\/span>\n\t\t<\/div>\n\t\t\t\t\t\t<\/div>\n\t\t\t\t<\/div>\n\t\t\t\t<div class=\"elementor-element elementor-element-4567db0 elementor-widget__width-initial elementor-widget elementor-widget-text-editor\" data-id=\"4567db0\" data-element_type=\"widget\" data-widget_type=\"text-editor.default\">\n\t\t\t\t<div class=\"elementor-widget-container\">\n\t\t\t\t\t\t\t\t\t<p><span style=\"font-weight: 400;\">The Spanish nationality procedure is the legal procedure that allows foreigners to obtain Spanish nationality, granting them the same rights and duties as Spanish citizens.\u00a0<\/span><\/p><p><span style=\"font-weight: 400;\">In <\/span>Esteche Lawyers<span style=\"font-weight: 400;\"> In Madrid, we offer specialized assistance to guide our clients through this process successfully.<\/span><\/p>\t\t\t\t\t\t\t\t<\/div>\n\t\t\t\t<\/div>\n\t\t\t\t<\/div>\n\t\t<div class=\"elementor-element elementor-element-b8479b7 e-con-full e-flex e-con e-child\" data-id=\"b8479b7\" data-element_type=\"container\">\n\t\t\t\t<div class=\"elementor-element elementor-element-30e63d9 elementor-widget elementor-widget-image\" data-id=\"30e63d9\" data-element_type=\"widget\" data-widget_type=\"image.default\">\n\t\t\t\t<div class=\"elementor-widget-container\">\n\t\t\t\t\t\t\t\t\t\t\t\t\t\t\t<img fetchpriority=\"high\" decoding=\"async\" width=\"800\" height=\"450\" src=\"https:\/\/estecheabogados.com\/wp-content\/uploads\/2024\/07\/ESTECHE-ABOGADA-web-5-1024x576.jpg\" class=\"attachment-large size-large wp-image-651\" alt=\"\" srcset=\"https:\/\/estecheabogados.com\/wp-content\/uploads\/2024\/07\/ESTECHE-ABOGADA-web-5-1024x576.jpg 1024w, https:\/\/estecheabogados.com\/wp-content\/uploads\/2024\/07\/ESTECHE-ABOGADA-web-5-600x338.jpg 600w, https:\/\/estecheabogados.com\/wp-content\/uploads\/2024\/07\/ESTECHE-ABOGADA-web-5-300x169.jpg 300w, https:\/\/estecheabogados.com\/wp-content\/uploads\/2024\/07\/ESTECHE-ABOGADA-web-5-768x432.jpg 768w, https:\/\/estecheabogados.com\/wp-content\/uploads\/2024\/07\/ESTECHE-ABOGADA-web-5-1536x864.jpg 1536w, https:\/\/estecheabogados.com\/wp-content\/uploads\/2024\/07\/ESTECHE-ABOGADA-web-5.jpg 1920w\" sizes=\"(max-width: 800px) 100vw, 800px\" \/>\t\t\t\t\t\t\t\t\t\t\t\t\t\t\t<\/div>\n\t\t\t\t<\/div>\n\t\t\t\t<\/div>\n\t\t\t\t\t<\/div>\n\t\t\t\t<\/div>\n\t\t<div class=\"elementor-element elementor-element-5e2d07c e-flex e-con-boxed e-con e-parent\" data-id=\"5e2d07c\" data-element_type=\"container\" data-settings=\"{&quot;background_background&quot;:&quot;classic&quot;}\">\n\t\t\t\t\t<div class=\"e-con-inner\">\n\t\t\t\t<div class=\"elementor-element elementor-element-3a252ec elementor-widget elementor-widget-heading\" data-id=\"3a252ec\" data-element_type=\"widget\" data-widget_type=\"heading.default\">\n\t\t\t\t<div class=\"elementor-widget-container\">\n\t\t\t\t\t<h3 class=\"elementor-heading-title elementor-size-default\">Requirements for the legitimate processing of Spanish nationality<\/h3>\t\t\t\t<\/div>\n\t\t\t\t<\/div>\n\t\t\t\t<div class=\"elementor-element elementor-element-11e2087 elementor-widget-divider--view-line elementor-widget elementor-widget-divider\" data-id=\"11e2087\" data-element_type=\"widget\" data-widget_type=\"divider.default\">\n\t\t\t\t<div class=\"elementor-widget-container\">\n\t\t\t\t\t\t\t<div class=\"elementor-divider\">\n\t\t\t<span class=\"elementor-divider-separator\">\n\t\t\t\t\t\t<\/span>\n\t\t<\/div>\n\t\t\t\t\t\t<\/div>\n\t\t\t\t<\/div>\n\t\t<div class=\"elementor-element elementor-element-6a59786 e-con-full e-flex e-con e-child\" data-id=\"6a59786\" data-element_type=\"container\">\n\t\t<div class=\"elementor-element elementor-element-2b254fb e-con-full e-flex e-con e-child\" data-id=\"2b254fb\" data-element_type=\"container\" data-settings=\"{&quot;background_background&quot;:&quot;classic&quot;}\">\n\t\t\t\t<div class=\"elementor-element elementor-element-543dbfc elementor-position-left elementor-view-default elementor-mobile-position-top elementor-widget elementor-widget-icon-box\" data-id=\"543dbfc\" data-element_type=\"widget\" data-widget_type=\"icon-box.default\">\n\t\t\t\t<div class=\"elementor-widget-container\">\n\t\t\t\t\t\t\t<div class=\"elementor-icon-box-wrapper\">\n\n\t\t\t\t\t\t<div class=\"elementor-icon-box-icon\">\n\t\t\t\t<span  class=\"elementor-icon\">\n\t\t\t\t<i aria-hidden=\"true\" class=\"icon_house_alt\"><\/i>\t\t\t\t<\/span>\n\t\t\t<\/div>\n\t\t\t\n\t\t\t\t\t\t<div class=\"elementor-icon-box-content\">\n\n\t\t\t\t\t\t\t\t\t<h3 class=\"elementor-icon-box-title\">\n\t\t\t\t\t\t<span  >\n\t\t\t\t\t\t\t1. Legal residence in Spain\t\t\t\t\t\t<\/span>\n\t\t\t\t\t<\/h3>\n\t\t\t\t\n\t\t\t\t\t\t\t\t\t<p class=\"elementor-icon-box-description\">\n\t\t\t\t\t\tYou must have legally resided in Spain for a continuous period prior to the application. This period varies depending on the specific circumstances (generally 10 years, 2 years for citizens of Ibero-American countries, 1 year for refugees, etc.).\n\t\t\t\t\t<\/p>\n\t\t\t\t\n\t\t\t<\/div>\n\t\t\t\n\t\t<\/div>\n\t\t\t\t\t\t<\/div>\n\t\t\t\t<\/div>\n\t\t\t\t<\/div>\n\t\t<div class=\"elementor-element elementor-element-b89443a e-con-full e-flex e-con e-child\" data-id=\"b89443a\" data-element_type=\"container\" data-settings=\"{&quot;background_background&quot;:&quot;classic&quot;}\">\n\t\t\t\t<div class=\"elementor-element elementor-element-4c71765 elementor-position-left elementor-view-default elementor-mobile-position-top elementor-widget elementor-widget-icon-box\" data-id=\"4c71765\" data-element_type=\"widget\" data-widget_type=\"icon-box.default\">\n\t\t\t\t<div class=\"elementor-widget-container\">\n\t\t\t\t\t\t\t<div class=\"elementor-icon-box-wrapper\">\n\n\t\t\t\t\t\t<div class=\"elementor-icon-box-icon\">\n\t\t\t\t<span  class=\"elementor-icon\">\n\t\t\t\t<i aria-hidden=\"true\" class=\"icofont icofont-learn\"><\/i>\t\t\t\t<\/span>\n\t\t\t<\/div>\n\t\t\t\n\t\t\t\t\t\t<div class=\"elementor-icon-box-content\">\n\n\t\t\t\t\t\t\t\t\t<h3 class=\"elementor-icon-box-title\">\n\t\t\t\t\t\t<span  >\n\t\t\t\t\t\t\t2. Knowledge of Spanish language and culture\t\t\t\t\t\t<\/span>\n\t\t\t\t\t<\/h3>\n\t\t\t\t\n\t\t\t\t\t\t\t\t\t<p class=\"elementor-icon-box-description\">\n\t\t\t\t\t\tYou must prove that you have a sufficient level of knowledge of the Spanish language and Spanish culture. This can be done by passing an exam (DELE A2 or higher) and another exam on constitutional and sociocultural knowledge of Spain (CCSE).\t\t\t\t\t<\/p>\n\t\t\t\t\n\t\t\t<\/div>\n\t\t\t\n\t\t<\/div>\n\t\t\t\t\t\t<\/div>\n\t\t\t\t<\/div>\n\t\t\t\t<\/div>\n\t\t<div class=\"elementor-element elementor-element-7bde0cb e-con-full e-flex e-con e-child\" data-id=\"7bde0cb\" data-element_type=\"container\" data-settings=\"{&quot;background_background&quot;:&quot;classic&quot;}\">\n\t\t\t\t<div class=\"elementor-element elementor-element-7c8e73e elementor-position-left elementor-view-default elementor-mobile-position-top elementor-widget elementor-widget-icon-box\" data-id=\"7c8e73e\" data-element_type=\"widget\" data-widget_type=\"icon-box.default\">\n\t\t\t\t<div class=\"elementor-widget-container\">\n\t\t\t\t\t\t\t<div class=\"elementor-icon-box-wrapper\">\n\n\t\t\t\t\t\t<div class=\"elementor-icon-box-icon\">\n\t\t\t\t<span  class=\"elementor-icon\">\n\t\t\t\t<i aria-hidden=\"true\" class=\"icofont icofont-law-order\"><\/i>\t\t\t\t<\/span>\n\t\t\t<\/div>\n\t\t\t\n\t\t\t\t\t\t<div class=\"elementor-icon-box-content\">\n\n\t\t\t\t\t\t\t\t\t<h3 class=\"elementor-icon-box-title\">\n\t\t\t\t\t\t<span  >\n\t\t\t\t\t\t\t3. Good civic conduct\t\t\t\t\t\t<\/span>\n\t\t\t\t\t<\/h3>\n\t\t\t\t\n\t\t\t\t\t\t\t\t\t<p class=\"elementor-icon-box-description\">\n\t\t\t\t\t\tYou must not have been convicted of a serious crime in Spain or in your country of origin during the period of residence.\n\t\t\t\t\t<\/p>\n\t\t\t\t\n\t\t\t<\/div>\n\t\t\t\n\t\t<\/div>\n\t\t\t\t\t\t<\/div>\n\t\t\t\t<\/div>\n\t\t\t\t<\/div>\n\t\t<div class=\"elementor-element elementor-element-84236a2 e-con-full e-flex e-con e-child\" data-id=\"84236a2\" data-element_type=\"container\" data-settings=\"{&quot;background_background&quot;:&quot;classic&quot;}\">\n\t\t\t\t<div class=\"elementor-element elementor-element-4d12366 elementor-position-left elementor-view-default elementor-mobile-position-top elementor-widget elementor-widget-icon-box\" data-id=\"4d12366\" data-element_type=\"widget\" data-widget_type=\"icon-box.default\">\n\t\t\t\t<div class=\"elementor-widget-container\">\n\t\t\t\t\t\t\t<div class=\"elementor-icon-box-wrapper\">\n\n\t\t\t\t\t\t<div class=\"elementor-icon-box-icon\">\n\t\t\t\t<span  class=\"elementor-icon\">\n\t\t\t\t<i aria-hidden=\"true\" class=\"icofont icofont-law-document\"><\/i>\t\t\t\t<\/span>\n\t\t\t<\/div>\n\t\t\t\n\t\t\t\t\t\t<div class=\"elementor-icon-box-content\">\n\n\t\t\t\t\t\t\t\t\t<h3 class=\"elementor-icon-box-title\">\n\t\t\t\t\t\t<span  >\n\t\t\t\t\t\t\t4. Additional documentation\t\t\t\t\t\t<\/span>\n\t\t\t\t\t<\/h3>\n\t\t\t\t\n\t\t\t\t\t\t\t\t\t<p class=\"elementor-icon-box-description\">\n\t\t\t\t\t\tInclude a valid passport, a criminal record certificate from your country of origin and from the countries where you have resided during the last five years, and any other documentation that proves your residence and ties to Spain.\t\t\t\t\t<\/p>\n\t\t\t\t\n\t\t\t<\/div>\n\t\t\t\n\t\t<\/div>\n\t\t\t\t\t\t<\/div>\n\t\t\t\t<\/div>\n\t\t\t\t<\/div>\n\t\t\t\t<\/div>\n\t\t\t\t\t<\/div>\n\t\t\t\t<\/div>\n\t\t<div class=\"elementor-element elementor-element-dd22318 e-flex e-con-boxed e-con e-parent\" data-id=\"dd22318\" data-element_type=\"container\">\n\t\t\t\t\t<div class=\"e-con-inner\">\n\t\t<div class=\"elementor-element elementor-element-8303c88 e-con-full e-flex e-con e-child\" data-id=\"8303c88\" data-element_type=\"container\">\n\t\t\t\t<div class=\"elementor-element elementor-element-d397ad1 elementor-widget elementor-widget-image\" data-id=\"d397ad1\" data-element_type=\"widget\" data-widget_type=\"image.default\">\n\t\t\t\t<div class=\"elementor-widget-container\">\n\t\t\t\t\t\t\t\t\t\t\t\t\t\t\t<img decoding=\"async\" width=\"800\" height=\"450\" src=\"https:\/\/estecheabogados.com\/wp-content\/uploads\/2024\/07\/51-1024x576.jpg\" class=\"attachment-large size-large wp-image-63\" alt=\"\" srcset=\"https:\/\/estecheabogados.com\/wp-content\/uploads\/2024\/07\/51-1024x576.jpg 1024w, https:\/\/estecheabogados.com\/wp-content\/uploads\/2024\/07\/51-600x338.jpg 600w, https:\/\/estecheabogados.com\/wp-content\/uploads\/2024\/07\/51-300x169.jpg 300w, https:\/\/estecheabogados.com\/wp-content\/uploads\/2024\/07\/51-768x432.jpg 768w, https:\/\/estecheabogados.com\/wp-content\/uploads\/2024\/07\/51-1536x864.jpg 1536w, https:\/\/estecheabogados.com\/wp-content\/uploads\/2024\/07\/51.jpg 1920w\" sizes=\"(max-width: 800px) 100vw, 800px\" \/>\t\t\t\t\t\t\t\t\t\t\t\t\t\t\t<\/div>\n\t\t\t\t<\/div>\n\t\t\t\t<\/div>\n\t\t<div class=\"elementor-element elementor-element-d6d0570 e-con-full e-flex e-con e-child\" data-id=\"d6d0570\" data-element_type=\"container\">\n\t\t\t\t<div class=\"elementor-element elementor-element-e25533c elementor-widget elementor-widget-heading\" data-id=\"e25533c\" data-element_type=\"widget\" data-widget_type=\"heading.default\">\n\t\t\t\t<div class=\"elementor-widget-container\">\n\t\t\t\t\t<h3 class=\"elementor-heading-title elementor-size-default\">At Esteche Abogados, we make the process easier for you\n<\/h3>\t\t\t\t<\/div>\n\t\t\t\t<\/div>\n\t\t\t\t<div class=\"elementor-element elementor-element-92e9a74 elementor-widget-divider--view-line elementor-widget elementor-widget-divider\" data-id=\"92e9a74\" data-element_type=\"widget\" data-widget_type=\"divider.default\">\n\t\t\t\t<div class=\"elementor-widget-container\">\n\t\t\t\t\t\t\t<div class=\"elementor-divider\">\n\t\t\t<span class=\"elementor-divider-separator\">\n\t\t\t\t\t\t<\/span>\n\t\t<\/div>\n\t\t\t\t\t\t<\/div>\n\t\t\t\t<\/div>\n\t\t\t\t<div class=\"elementor-element elementor-element-2794b4a elementor-widget elementor-widget-text-editor\" data-id=\"2794b4a\" data-element_type=\"widget\" data-widget_type=\"text-editor.default\">\n\t\t\t\t<div class=\"elementor-widget-container\">\n\t\t\t\t\t\t\t\t\t<p><span style=\"font-weight: 400;\">At the Esteche law firm in Madrid, we are committed to offering you a personalized and efficient service so that you can successfully obtain Spanish nationality. Our goal is to accompany you and facilitate each step of the process, giving you the peace of mind and confidence necessary to regularize your situation.\u00a0<\/span><\/p><p><span style=\"font-weight: 400;\">Contact us for more information and to begin your application process.<\/span><\/p>\t\t\t\t\t\t\t\t<\/div>\n\t\t\t\t<\/div>\n\t\t\t\t<div class=\"elementor-element elementor-element-88bb567 elementor-mobile-align-center elementor-widget elementor-widget-button\" data-id=\"88bb567\" data-element_type=\"widget\" data-widget_type=\"button.default\">\n\t\t\t\t<div class=\"elementor-widget-container\">\n\t\t\t\t\t\t\t\t\t<div class=\"elementor-button-wrapper\">\n\t\t\t\t\t<a class=\"elementor-button elementor-button-link elementor-size-sm\" href=\"https:\/\/estecheabogados.com\/en\/contacto\/\">\n\t\t\t\t\t\t<span class=\"elementor-button-content-wrapper\">\n\t\t\t\t\t\t\t\t\t<span class=\"elementor-button-text\">Send Request<\/span>\n\t\t\t\t\t<\/span>\n\t\t\t\t\t<\/a>\n\t\t\t\t<\/div>\n\t\t\t\t\t\t\t\t<\/div>\n\t\t\t\t<\/div>\n\t\t\t\t<\/div>\n\t\t\t\t\t<\/div>\n\t\t\t\t<\/div>\n\t\t\t\t<\/div>","protected":false},"excerpt":{"rendered":"<p>Spanish Nationality Process: Obtain Spanish nationality legally. The Spanish nationality process is the legal procedure that allows foreigners to obtain Spanish nationality, granting them the same rights and obligations as Spanish citizens. At Esteche Abogados in Madrid, we offer specialized assistance to guide our clients through [\u2026]<\/p>","protected":false},"author":2,"featured_media":0,"parent":236,"menu_order":0,"comment_status":"closed","ping_status":"closed","template":"","meta":{"footnotes":""},"class_list":["post-617","page","type-page","status-publish","hentry"],"yoast_head":"<!-- This site is optimized with the Yoast SEO plugin v26.2 - https:\/\/yoast.com\/wordpress\/plugins\/seo\/ -->\n<title>Tr\u00e1mite de Nacionalidad - Esteche Abogados<\/title>\n<meta name=\"robots\" content=\"index, follow, max-snippet:-1, max-image-preview:large, max-video-preview:-1\" \/>\n<link rel=\"canonical\" href=\"https:\/\/estecheabogados.com\/en\/derecho-de-extranjeria\/tramite-de-nacionalidad\/\" \/>\n<meta property=\"og:locale\" content=\"en_GB\" \/>\n<meta property=\"og:type\" content=\"article\" \/>\n<meta property=\"og:title\" content=\"Tr\u00e1mite de Nacionalidad - Esteche Abogados\" \/>\n<meta property=\"og:description\" content=\"Tr\u00e1mite de nacionalidad espa\u00f1ola Consigue la nacionalidad espa\u00f1ola de manera leg\u00edtima El tr\u00e1mite de nacionalidad espa\u00f1ola es el procedimiento legal que permite a los extranjeros obtener la nacionalidad espa\u00f1ola, otorg\u00e1ndoles los mismos derechos y deberes que a los ciudadanos espa\u00f1oles.\u00a0 En Esteche Abogados en Madrid, ofrecemos asistencia especializada para guiar a nuestros clientes a trav\u00e9s [&hellip;]\" \/>\n<meta property=\"og:url\" content=\"https:\/\/estecheabogados.com\/en\/derecho-de-extranjeria\/tramite-de-nacionalidad\/\" \/>\n<meta property=\"og:site_name\" content=\"Esteche Abogados\" \/>\n<meta property=\"article:modified_time\" content=\"2024-07-22T10:39:21+00:00\" \/>\n<meta property=\"og:image\" content=\"https:\/\/estecheabogados.com\/wp-content\/uploads\/2024\/07\/ESTECHE-ABOGADA-web-5-1024x576.jpg\" \/>\n<meta name=\"twitter:card\" content=\"summary_large_image\" \/>\n<meta name=\"twitter:label1\" content=\"Estimated reading time\" \/>\n\t<meta name=\"twitter:data1\" content=\"2 minutes\" \/>\n<script type=\"application\/ld+json\" class=\"yoast-schema-graph\">{\"@context\":\"https:\/\/schema.org\",\"@graph\":[{\"@type\":\"WebPage\",\"@id\":\"https:\/\/estecheabogados.com\/derecho-de-extranjeria\/tramite-de-nacionalidad\/\",\"url\":\"https:\/\/estecheabogados.com\/derecho-de-extranjeria\/tramite-de-nacionalidad\/\",\"name\":\"Tr\u00e1mite de Nacionalidad - Esteche Abogados\",\"isPartOf\":{\"@id\":\"https:\/\/estecheabogados.com\/#website\"},\"primaryImageOfPage\":{\"@id\":\"https:\/\/estecheabogados.com\/derecho-de-extranjeria\/tramite-de-nacionalidad\/#primaryimage\"},\"image\":{\"@id\":\"https:\/\/estecheabogados.com\/derecho-de-extranjeria\/tramite-de-nacionalidad\/#primaryimage\"},\"thumbnailUrl\":\"https:\/\/estecheabogados.com\/wp-content\/uploads\/2024\/07\/ESTECHE-ABOGADA-web-5-1024x576.jpg\",\"datePublished\":\"2024-07-05T08:01:14+00:00\",\"dateModified\":\"2024-07-22T10:39:21+00:00\",\"breadcrumb\":{\"@id\":\"https:\/\/estecheabogados.com\/derecho-de-extranjeria\/tramite-de-nacionalidad\/#breadcrumb\"},\"inLanguage\":\"en-GB\",\"potentialAction\":[{\"@type\":\"ReadAction\",\"target\":[\"https:\/\/estecheabogados.com\/derecho-de-extranjeria\/tramite-de-nacionalidad\/\"]}]},{\"@type\":\"ImageObject\",\"inLanguage\":\"en-GB\",\"@id\":\"https:\/\/estecheabogados.com\/derecho-de-extranjeria\/tramite-de-nacionalidad\/#primaryimage\",\"url\":\"https:\/\/estecheabogados.com\/wp-content\/uploads\/2024\/07\/ESTECHE-ABOGADA-web-5-1024x576.jpg\",\"contentUrl\":\"https:\/\/estecheabogados.com\/wp-content\/uploads\/2024\/07\/ESTECHE-ABOGADA-web-5-1024x576.jpg\"},{\"@type\":\"BreadcrumbList\",\"@id\":\"https:\/\/estecheabogados.com\/derecho-de-extranjeria\/tramite-de-nacionalidad\/#breadcrumb\",\"itemListElement\":[{\"@type\":\"ListItem\",\"position\":1,\"name\":\"Portada\",\"item\":\"https:\/\/estecheabogados.com\/\"},{\"@type\":\"ListItem\",\"position\":2,\"name\":\"Derecho de extranjer\u00eda\",\"item\":\"https:\/\/estecheabogados.com\/derecho-de-extranjeria\/\"},{\"@type\":\"ListItem\",\"position\":3,\"name\":\"Tr\u00e1mite de Nacionalidad\"}]},{\"@type\":\"WebSite\",\"@id\":\"https:\/\/estecheabogados.com\/#website\",\"url\":\"https:\/\/estecheabogados.com\/\",\"name\":\"Esteche Abogados\",\"description\":\"\",\"potentialAction\":[{\"@type\":\"SearchAction\",\"target\":{\"@type\":\"EntryPoint\",\"urlTemplate\":\"https:\/\/estecheabogados.com\/?s={search_term_string}\"},\"query-input\":{\"@type\":\"PropertyValueSpecification\",\"valueRequired\":true,\"valueName\":\"search_term_string\"}}],\"inLanguage\":\"en-GB\"}]}<\/script>\n<!-- \/ Yoast SEO plugin. -->","yoast_head_json":{"title":"Tr\u00e1mite de Nacionalidad - Esteche Abogados","robots":{"index":"index","follow":"follow","max-snippet":"max-snippet:-1","max-image-preview":"max-image-preview:large","max-video-preview":"max-video-preview:-1"},"canonical":"https:\/\/estecheabogados.com\/en\/derecho-de-extranjeria\/tramite-de-nacionalidad\/","og_locale":"en_GB","og_type":"article","og_title":"Tr\u00e1mite de Nacionalidad - Esteche Abogados","og_description":"Tr\u00e1mite de nacionalidad espa\u00f1ola Consigue la nacionalidad espa\u00f1ola de manera leg\u00edtima El tr\u00e1mite de nacionalidad espa\u00f1ola es el procedimiento legal que permite a los extranjeros obtener la nacionalidad espa\u00f1ola, otorg\u00e1ndoles los mismos derechos y deberes que a los ciudadanos espa\u00f1oles.\u00a0 En Esteche Abogados en Madrid, ofrecemos asistencia especializada para guiar a nuestros clientes a trav\u00e9s [&hellip;]","og_url":"https:\/\/estecheabogados.com\/en\/derecho-de-extranjeria\/tramite-de-nacionalidad\/","og_site_name":"Esteche Abogados","article_modified_time":"2024-07-22T10:39:21+00:00","og_image":[{"url":"https:\/\/estecheabogados.com\/wp-content\/uploads\/2024\/07\/ESTECHE-ABOGADA-web-5-1024x576.jpg","type":"","width":"","height":""}],"twitter_card":"summary_large_image","twitter_misc":{"Estimated reading time":"2 minutes"},"schema":{"@context":"https:\/\/schema.org","@graph":[{"@type":"WebPage","@id":"https:\/\/estecheabogados.com\/derecho-de-extranjeria\/tramite-de-nacionalidad\/","url":"https:\/\/estecheabogados.com\/derecho-de-extranjeria\/tramite-de-nacionalidad\/","name":"Tr\u00e1mite de Nacionalidad - Esteche Abogados","isPartOf":{"@id":"https:\/\/estecheabogados.com\/#website"},"primaryImageOfPage":{"@id":"https:\/\/estecheabogados.com\/derecho-de-extranjeria\/tramite-de-nacionalidad\/#primaryimage"},"image":{"@id":"https:\/\/estecheabogados.com\/derecho-de-extranjeria\/tramite-de-nacionalidad\/#primaryimage"},"thumbnailUrl":"https:\/\/estecheabogados.com\/wp-content\/uploads\/2024\/07\/ESTECHE-ABOGADA-web-5-1024x576.jpg","datePublished":"2024-07-05T08:01:14+00:00","dateModified":"2024-07-22T10:39:21+00:00","breadcrumb":{"@id":"https:\/\/estecheabogados.com\/derecho-de-extranjeria\/tramite-de-nacionalidad\/#breadcrumb"},"inLanguage":"en-GB","potentialAction":[{"@type":"ReadAction","target":["https:\/\/estecheabogados.com\/derecho-de-extranjeria\/tramite-de-nacionalidad\/"]}]},{"@type":"ImageObject","inLanguage":"en-GB","@id":"https:\/\/estecheabogados.com\/derecho-de-extranjeria\/tramite-de-nacionalidad\/#primaryimage","url":"https:\/\/estecheabogados.com\/wp-content\/uploads\/2024\/07\/ESTECHE-ABOGADA-web-5-1024x576.jpg","contentUrl":"https:\/\/estecheabogados.com\/wp-content\/uploads\/2024\/07\/ESTECHE-ABOGADA-web-5-1024x576.jpg"},{"@type":"BreadcrumbList","@id":"https:\/\/estecheabogados.com\/derecho-de-extranjeria\/tramite-de-nacionalidad\/#breadcrumb","itemListElement":[{"@type":"ListItem","position":1,"name":"Portada","item":"https:\/\/estecheabogados.com\/"},{"@type":"ListItem","position":2,"name":"Derecho de extranjer\u00eda","item":"https:\/\/estecheabogados.com\/derecho-de-extranjeria\/"},{"@type":"ListItem","position":3,"name":"Tr\u00e1mite de Nacionalidad"}]},{"@type":"WebSite","@id":"https:\/\/estecheabogados.com\/#website","url":"https:\/\/estecheabogados.com\/","name":"Esteche Lawyers","description":"","potentialAction":[{"@type":"SearchAction","target":{"@type":"EntryPoint","urlTemplate":"https:\/\/estecheabogados.com\/?s={search_term_string}"},"query-input":{"@type":"PropertyValueSpecification","valueRequired":true,"valueName":"search_term_string"}}],"inLanguage":"en-GB"}]}},"_links":{"self":[{"href":"https:\/\/estecheabogados.com\/en\/wp-json\/wp\/v2\/pages\/617","targetHints":{"allow":["GET"]}}],"collection":[{"href":"https:\/\/estecheabogados.com\/en\/wp-json\/wp\/v2\/pages"}],"about":[{"href":"https:\/\/estecheabogados.com\/en\/wp-json\/wp\/v2\/types\/page"}],"author":[{"embeddable":true,"href":"https:\/\/estecheabogados.com\/en\/wp-json\/wp\/v2\/users\/2"}],"replies":[{"embeddable":true,"href":"https:\/\/estecheabogados.com\/en\/wp-json\/wp\/v2\/comments?post=617"}],"version-history":[{"count":43,"href":"https:\/\/estecheabogados.com\/en\/wp-json\/wp\/v2\/pages\/617\/revisions"}],"predecessor-version":[{"id":997,"href":"https:\/\/estecheabogados.com\/en\/wp-json\/wp\/v2\/pages\/617\/revisions\/997"}],"up":[{"embeddable":true,"href":"https:\/\/estecheabogados.com\/en\/wp-json\/wp\/v2\/pages\/236"}],"wp:attachment":[{"href":"https:\/\/estecheabogados.com\/en\/wp-json\/wp\/v2\/media?parent=617"}],"curies":[{"name":"wp","href":"https:\/\/api.w.org\/{rel}","templated":true}]}}