{"id":579,"date":"2024-07-05T07:50:04","date_gmt":"2024-07-05T07:50:04","guid":{"rendered":"https:\/\/estecheabogados.com\/?page_id=579"},"modified":"2024-07-22T10:39:13","modified_gmt":"2024-07-22T10:39:13","slug":"reagrupacion-familiar","status":"publish","type":"page","link":"https:\/\/estecheabogados.com\/en\/derecho-de-extranjeria\/reagrupacion-familiar\/","title":{"rendered":"Family reunification"},"content":{"rendered":"<div data-elementor-type=\"wp-page\" data-elementor-id=\"579\" class=\"elementor elementor-579\" data-elementor-post-type=\"page\">\n\t\t\t\t<div class=\"elementor-element elementor-element-1d4c3e1 e-flex e-con-boxed e-con e-parent\" data-id=\"1d4c3e1\" data-element_type=\"container\" data-settings=\"{&quot;background_background&quot;:&quot;classic&quot;}\">\n\t\t\t\t\t<div class=\"e-con-inner\">\n\t\t<div class=\"elementor-element elementor-element-aab5bfe e-con-full e-flex e-con e-child\" data-id=\"aab5bfe\" data-element_type=\"container\">\n\t\t\t\t<div class=\"elementor-element elementor-element-e43e94a elementor-widget elementor-widget-heading\" data-id=\"e43e94a\" data-element_type=\"widget\" data-widget_type=\"heading.default\">\n\t\t\t\t<div class=\"elementor-widget-container\">\n\t\t\t\t\t<h2 class=\"elementor-heading-title elementor-size-default\">Family reunification in Spain<\/h2>\t\t\t\t<\/div>\n\t\t\t\t<\/div>\n\t\t\t\t<\/div>\n\t\t<div class=\"elementor-element elementor-element-55883c3 e-con-full elementor-hidden-mobile e-flex e-con e-child\" data-id=\"55883c3\" data-element_type=\"container\">\n\t\t\t\t<\/div>\n\t\t\t\t\t<\/div>\n\t\t\t\t<\/div>\n\t\t<div class=\"elementor-element elementor-element-c0c95b9 e-flex e-con-boxed e-con e-parent\" data-id=\"c0c95b9\" data-element_type=\"container\">\n\t\t\t\t\t<div class=\"e-con-inner\">\n\t\t<div class=\"elementor-element elementor-element-6ad605e e-con-full e-flex e-con e-child\" data-id=\"6ad605e\" data-element_type=\"container\">\n\t\t\t\t<div class=\"elementor-element elementor-element-83e4fa5 elementor-widget elementor-widget-heading\" data-id=\"83e4fa5\" data-element_type=\"widget\" data-widget_type=\"heading.default\">\n\t\t\t\t<div class=\"elementor-widget-container\">\n\t\t\t\t\t<h2 class=\"elementor-heading-title elementor-size-default\">Reunite your immediate family in Spain in a legitimate manner<\/h2>\t\t\t\t<\/div>\n\t\t\t\t<\/div>\n\t\t\t\t<div class=\"elementor-element elementor-element-4371635 elementor-widget-divider--view-line elementor-widget elementor-widget-divider\" data-id=\"4371635\" data-element_type=\"widget\" data-widget_type=\"divider.default\">\n\t\t\t\t<div class=\"elementor-widget-container\">\n\t\t\t\t\t\t\t<div class=\"elementor-divider\">\n\t\t\t<span class=\"elementor-divider-separator\">\n\t\t\t\t\t\t<\/span>\n\t\t<\/div>\n\t\t\t\t\t\t<\/div>\n\t\t\t\t<\/div>\n\t\t\t\t<div class=\"elementor-element elementor-element-4567db0 elementor-widget__width-initial elementor-widget elementor-widget-text-editor\" data-id=\"4567db0\" data-element_type=\"widget\" data-widget_type=\"text-editor.default\">\n\t\t\t\t<div class=\"elementor-widget-container\">\n\t\t\t\t\t\t\t\t\t<p><span style=\"font-weight: 400;\">Family reunification is a legal procedure that allows foreign citizens residing in Spain to reunite their immediate family members (spouse or registered partner, children under 18 years of age or older with disabilities, and in some cases, dependent ascendants) to legally reside in the country.\u00a0<\/span><\/p><p><span style=\"font-weight: 400;\">At Esteche Abogados in Madrid, we offer specialized advice to facilitate this process effectively and guarantee success in family reunification.<\/span><\/p>\t\t\t\t\t\t\t\t<\/div>\n\t\t\t\t<\/div>\n\t\t\t\t<\/div>\n\t\t<div class=\"elementor-element elementor-element-b8479b7 e-con-full e-flex e-con e-child\" data-id=\"b8479b7\" data-element_type=\"container\">\n\t\t\t\t<div class=\"elementor-element elementor-element-30e63d9 elementor-widget elementor-widget-image\" data-id=\"30e63d9\" data-element_type=\"widget\" data-widget_type=\"image.default\">\n\t\t\t\t<div class=\"elementor-widget-container\">\n\t\t\t\t\t\t\t\t\t\t\t\t\t\t\t<img fetchpriority=\"high\" decoding=\"async\" width=\"800\" height=\"450\" src=\"https:\/\/estecheabogados.com\/wp-content\/uploads\/2024\/07\/63-1024x576.jpg\" class=\"attachment-large size-large wp-image-75\" alt=\"\" srcset=\"https:\/\/estecheabogados.com\/wp-content\/uploads\/2024\/07\/63-1024x576.jpg 1024w, https:\/\/estecheabogados.com\/wp-content\/uploads\/2024\/07\/63-600x338.jpg 600w, https:\/\/estecheabogados.com\/wp-content\/uploads\/2024\/07\/63-300x169.jpg 300w, https:\/\/estecheabogados.com\/wp-content\/uploads\/2024\/07\/63-768x432.jpg 768w, https:\/\/estecheabogados.com\/wp-content\/uploads\/2024\/07\/63-1536x864.jpg 1536w, https:\/\/estecheabogados.com\/wp-content\/uploads\/2024\/07\/63.jpg 1920w\" sizes=\"(max-width: 800px) 100vw, 800px\" \/>\t\t\t\t\t\t\t\t\t\t\t\t\t\t\t<\/div>\n\t\t\t\t<\/div>\n\t\t\t\t<\/div>\n\t\t\t\t\t<\/div>\n\t\t\t\t<\/div>\n\t\t<div class=\"elementor-element elementor-element-5e2d07c e-flex e-con-boxed e-con e-parent\" data-id=\"5e2d07c\" data-element_type=\"container\" data-settings=\"{&quot;background_background&quot;:&quot;classic&quot;}\">\n\t\t\t\t\t<div class=\"e-con-inner\">\n\t\t\t\t<div class=\"elementor-element elementor-element-3a252ec elementor-widget elementor-widget-heading\" data-id=\"3a252ec\" data-element_type=\"widget\" data-widget_type=\"heading.default\">\n\t\t\t\t<div class=\"elementor-widget-container\">\n\t\t\t\t\t<h3 class=\"elementor-heading-title elementor-size-default\">Requirements for carrying out Family Reunification in Spain<\/h3>\t\t\t\t<\/div>\n\t\t\t\t<\/div>\n\t\t\t\t<div class=\"elementor-element elementor-element-11e2087 elementor-widget-divider--view-line elementor-widget elementor-widget-divider\" data-id=\"11e2087\" data-element_type=\"widget\" data-widget_type=\"divider.default\">\n\t\t\t\t<div class=\"elementor-widget-container\">\n\t\t\t\t\t\t\t<div class=\"elementor-divider\">\n\t\t\t<span class=\"elementor-divider-separator\">\n\t\t\t\t\t\t<\/span>\n\t\t<\/div>\n\t\t\t\t\t\t<\/div>\n\t\t\t\t<\/div>\n\t\t<div class=\"elementor-element elementor-element-6a59786 e-con-full e-flex e-con e-child\" data-id=\"6a59786\" data-element_type=\"container\">\n\t\t<div class=\"elementor-element elementor-element-2b254fb e-con-full e-flex e-con e-child\" data-id=\"2b254fb\" data-element_type=\"container\" data-settings=\"{&quot;background_background&quot;:&quot;classic&quot;}\">\n\t\t\t\t<div class=\"elementor-element elementor-element-543dbfc elementor-position-left elementor-view-default elementor-mobile-position-top elementor-widget elementor-widget-icon-box\" data-id=\"543dbfc\" data-element_type=\"widget\" data-widget_type=\"icon-box.default\">\n\t\t\t\t<div class=\"elementor-widget-container\">\n\t\t\t\t\t\t\t<div class=\"elementor-icon-box-wrapper\">\n\n\t\t\t\t\t\t<div class=\"elementor-icon-box-icon\">\n\t\t\t\t<span  class=\"elementor-icon\">\n\t\t\t\t<i aria-hidden=\"true\" class=\"icon_house_alt\"><\/i>\t\t\t\t<\/span>\n\t\t\t<\/div>\n\t\t\t\n\t\t\t\t\t\t<div class=\"elementor-icon-box-content\">\n\n\t\t\t\t\t\t\t\t\t<h3 class=\"elementor-icon-box-title\">\n\t\t\t\t\t\t<span  >\n\t\t\t\t\t\t\t1. Legal residence in Spain\t\t\t\t\t\t<\/span>\n\t\t\t\t\t<\/h3>\n\t\t\t\t\n\t\t\t\t\t\t\t\t\t<p class=\"elementor-icon-box-description\">\n\t\t\t\t\t\t You must hold a valid residence permit in Spain and have the legal capacity to meet the financial and housing requirements for your family.\n\t\t\t\t\t<\/p>\n\t\t\t\t\n\t\t\t<\/div>\n\t\t\t\n\t\t<\/div>\n\t\t\t\t\t\t<\/div>\n\t\t\t\t<\/div>\n\t\t\t\t<\/div>\n\t\t<div class=\"elementor-element elementor-element-b89443a e-con-full e-flex e-con e-child\" data-id=\"b89443a\" data-element_type=\"container\" data-settings=\"{&quot;background_background&quot;:&quot;classic&quot;}\">\n\t\t\t\t<div class=\"elementor-element elementor-element-4c71765 elementor-position-left elementor-view-default elementor-mobile-position-top elementor-widget elementor-widget-icon-box\" data-id=\"4c71765\" data-element_type=\"widget\" data-widget_type=\"icon-box.default\">\n\t\t\t\t<div class=\"elementor-widget-container\">\n\t\t\t\t\t\t\t<div class=\"elementor-icon-box-wrapper\">\n\n\t\t\t\t\t\t<div class=\"elementor-icon-box-icon\">\n\t\t\t\t<span  class=\"elementor-icon\">\n\t\t\t\t<i aria-hidden=\"true\" class=\"icon_group\"><\/i>\t\t\t\t<\/span>\n\t\t\t<\/div>\n\t\t\t\n\t\t\t\t\t\t<div class=\"elementor-icon-box-content\">\n\n\t\t\t\t\t\t\t\t\t<h3 class=\"elementor-icon-box-title\">\n\t\t\t\t\t\t<span  >\n\t\t\t\t\t\t\t2. Family to regroup\t\t\t\t\t\t<\/span>\n\t\t\t\t\t<\/h3>\n\t\t\t\t\n\t\t\t\t\t\t\t\t\t<p class=\"elementor-icon-box-description\">\n\t\t\t\t\t\tFamily members must be direct relatives, either a spouse or registered partner, children under 18 years of age or older with disabilities, and in some cases, dependent ascendants.\n\t\t\t\t\t<\/p>\n\t\t\t\t\n\t\t\t<\/div>\n\t\t\t\n\t\t<\/div>\n\t\t\t\t\t\t<\/div>\n\t\t\t\t<\/div>\n\t\t\t\t<\/div>\n\t\t<div class=\"elementor-element elementor-element-7bde0cb e-con-full e-flex e-con e-child\" data-id=\"7bde0cb\" data-element_type=\"container\" data-settings=\"{&quot;background_background&quot;:&quot;classic&quot;}\">\n\t\t\t\t<div class=\"elementor-element elementor-element-7c8e73e elementor-position-left elementor-view-default elementor-mobile-position-top elementor-widget elementor-widget-icon-box\" data-id=\"7c8e73e\" data-element_type=\"widget\" data-widget_type=\"icon-box.default\">\n\t\t\t\t<div class=\"elementor-widget-container\">\n\t\t\t\t\t\t\t<div class=\"elementor-icon-box-wrapper\">\n\n\t\t\t\t\t\t<div class=\"elementor-icon-box-icon\">\n\t\t\t\t<span  class=\"elementor-icon\">\n\t\t\t\t<svg aria-hidden=\"true\" class=\"e-font-icon-svg e-fas-wallet\" viewbox=\"0 0 512 512\" xmlns=\"http:\/\/www.w3.org\/2000\/svg\"><path d=\"M461.2 128H80c-8.84 0-16-7.16-16-16s7.16-16 16-16h384c8.84 0 16-7.16 16-16 0-26.51-21.49-48-48-48H64C28.65 32 0 60.65 0 96v320c0 35.35 28.65 64 64 64h397.2c28.02 0 50.8-21.53 50.8-48V176c0-26.47-22.78-48-50.8-48zM416 336c-17.67 0-32-14.33-32-32s14.33-32 32-32 32 14.33 32 32-14.33 32-32 32z\"><\/path><\/svg>\t\t\t\t<\/span>\n\t\t\t<\/div>\n\t\t\t\n\t\t\t\t\t\t<div class=\"elementor-icon-box-content\">\n\n\t\t\t\t\t\t\t\t\t<h3 class=\"elementor-icon-box-title\">\n\t\t\t\t\t\t<span  >\n\t\t\t\t\t\t\t3. Sufficient financial resources\t\t\t\t\t\t<\/span>\n\t\t\t\t\t<\/h3>\n\t\t\t\t\n\t\t\t\t\t\t\t\t\t<p class=\"elementor-icon-box-description\">\n\t\t\t\t\t\tYou must prove that you have sufficient financial means to support your family without resorting to social assistance. The minimum amount required is determined annually and varies depending on the number of members to be reunited.\n\t\t\t\t\t<\/p>\n\t\t\t\t\n\t\t\t<\/div>\n\t\t\t\n\t\t<\/div>\n\t\t\t\t\t\t<\/div>\n\t\t\t\t<\/div>\n\t\t\t\t<\/div>\n\t\t<div class=\"elementor-element elementor-element-3940e09 e-con-full e-flex e-con e-child\" data-id=\"3940e09\" data-element_type=\"container\" data-settings=\"{&quot;background_background&quot;:&quot;classic&quot;}\">\n\t\t\t\t<div class=\"elementor-element elementor-element-e5bb701 elementor-position-left elementor-view-default elementor-mobile-position-top elementor-widget elementor-widget-icon-box\" data-id=\"e5bb701\" data-element_type=\"widget\" data-widget_type=\"icon-box.default\">\n\t\t\t\t<div class=\"elementor-widget-container\">\n\t\t\t\t\t\t\t<div class=\"elementor-icon-box-wrapper\">\n\n\t\t\t\t\t\t<div class=\"elementor-icon-box-icon\">\n\t\t\t\t<span  class=\"elementor-icon\">\n\t\t\t\t<svg aria-hidden=\"true\" class=\"e-font-icon-svg e-fas-house-user\" viewbox=\"0 0 576 512\" xmlns=\"http:\/\/www.w3.org\/2000\/svg\"><path d=\"M570.69,236.27,512,184.44V48a16,16,0,0,0-16-16H432a16,16,0,0,0-16,16V99.67L314.78,10.3C308.5,4.61,296.53,0,288,0s-20.46,4.61-26.74,10.3l-256,226A18.27,18.27,0,0,0,0,248.2a18.64,18.64,0,0,0,4.09,10.71L25.5,282.7a21.14,21.14,0,0,0,12,5.3,21.67,21.67,0,0,0,10.69-4.11l15.9-14V480a32,32,0,0,0,32,32H480a32,32,0,0,0,32-32V269.88l15.91,14A21.94,21.94,0,0,0,538.63,288a20.89,20.89,0,0,0,11.87-5.31l21.41-23.81A21.64,21.64,0,0,0,576,248.19,21,21,0,0,0,570.69,236.27ZM288,176a64,64,0,1,1-64,64A64,64,0,0,1,288,176ZM400,448H176a16,16,0,0,1-16-16,96,96,0,0,1,96-96h64a96,96,0,0,1,96,96A16,16,0,0,1,400,448Z\"><\/path><\/svg>\t\t\t\t<\/span>\n\t\t\t<\/div>\n\t\t\t\n\t\t\t\t\t\t<div class=\"elementor-icon-box-content\">\n\n\t\t\t\t\t\t\t\t\t<h3 class=\"elementor-icon-box-title\">\n\t\t\t\t\t\t<span  >\n\t\t\t\t\t\t\t4. Adequate housing\t\t\t\t\t\t<\/span>\n\t\t\t\t\t<\/h3>\n\t\t\t\t\n\t\t\t\t\t\t\t\t\t<p class=\"elementor-icon-box-description\">\n\t\t\t\t\t\tYou must have suitable housing that meets the habitability requirements to accommodate your family.\t\t\t\t\t<\/p>\n\t\t\t\t\n\t\t\t<\/div>\n\t\t\t\n\t\t<\/div>\n\t\t\t\t\t\t<\/div>\n\t\t\t\t<\/div>\n\t\t\t\t<\/div>\n\t\t<div class=\"elementor-element elementor-element-84236a2 e-con-full e-flex e-con e-child\" data-id=\"84236a2\" data-element_type=\"container\" data-settings=\"{&quot;background_background&quot;:&quot;classic&quot;}\">\n\t\t\t\t<div class=\"elementor-element elementor-element-4d12366 elementor-position-left elementor-view-default elementor-mobile-position-top elementor-widget elementor-widget-icon-box\" data-id=\"4d12366\" data-element_type=\"widget\" data-widget_type=\"icon-box.default\">\n\t\t\t\t<div class=\"elementor-widget-container\">\n\t\t\t\t\t\t\t<div class=\"elementor-icon-box-wrapper\">\n\n\t\t\t\t\t\t<div class=\"elementor-icon-box-icon\">\n\t\t\t\t<span  class=\"elementor-icon\">\n\t\t\t\t<i aria-hidden=\"true\" class=\"icofont icofont-law-document\"><\/i>\t\t\t\t<\/span>\n\t\t\t<\/div>\n\t\t\t\n\t\t\t\t\t\t<div class=\"elementor-icon-box-content\">\n\n\t\t\t\t\t\t\t\t\t<h3 class=\"elementor-icon-box-title\">\n\t\t\t\t\t\t<span  >\n\t\t\t\t\t\t\t5. Health insurance\t\t\t\t\t\t<\/span>\n\t\t\t\t\t<\/h3>\n\t\t\t\t\n\t\t\t\t\t\t\t\t\t<p class=\"elementor-icon-box-description\">\n\t\t\t\t\t\tIt is necessary to have public or private health insurance that covers the health needs of family members who are to be reunited.\t\t\t\t\t<\/p>\n\t\t\t\t\n\t\t\t<\/div>\n\t\t\t\n\t\t<\/div>\n\t\t\t\t\t\t<\/div>\n\t\t\t\t<\/div>\n\t\t\t\t<\/div>\n\t\t\t\t<\/div>\n\t\t\t\t\t<\/div>\n\t\t\t\t<\/div>\n\t\t<div class=\"elementor-element elementor-element-dd22318 e-flex e-con-boxed e-con e-parent\" data-id=\"dd22318\" data-element_type=\"container\">\n\t\t\t\t\t<div class=\"e-con-inner\">\n\t\t<div class=\"elementor-element elementor-element-8303c88 e-con-full e-flex e-con e-child\" data-id=\"8303c88\" data-element_type=\"container\">\n\t\t\t\t<div class=\"elementor-element elementor-element-d397ad1 elementor-widget elementor-widget-image\" data-id=\"d397ad1\" data-element_type=\"widget\" data-widget_type=\"image.default\">\n\t\t\t\t<div class=\"elementor-widget-container\">\n\t\t\t\t\t\t\t\t\t\t\t\t\t\t\t<img decoding=\"async\" width=\"800\" height=\"450\" src=\"https:\/\/estecheabogados.com\/wp-content\/uploads\/2024\/07\/51-1024x576.jpg\" class=\"attachment-large size-large wp-image-63\" alt=\"\" srcset=\"https:\/\/estecheabogados.com\/wp-content\/uploads\/2024\/07\/51-1024x576.jpg 1024w, https:\/\/estecheabogados.com\/wp-content\/uploads\/2024\/07\/51-600x338.jpg 600w, https:\/\/estecheabogados.com\/wp-content\/uploads\/2024\/07\/51-300x169.jpg 300w, https:\/\/estecheabogados.com\/wp-content\/uploads\/2024\/07\/51-768x432.jpg 768w, https:\/\/estecheabogados.com\/wp-content\/uploads\/2024\/07\/51-1536x864.jpg 1536w, https:\/\/estecheabogados.com\/wp-content\/uploads\/2024\/07\/51.jpg 1920w\" sizes=\"(max-width: 800px) 100vw, 800px\" \/>\t\t\t\t\t\t\t\t\t\t\t\t\t\t\t<\/div>\n\t\t\t\t<\/div>\n\t\t\t\t<\/div>\n\t\t<div class=\"elementor-element elementor-element-d6d0570 e-con-full e-flex e-con e-child\" data-id=\"d6d0570\" data-element_type=\"container\">\n\t\t\t\t<div class=\"elementor-element elementor-element-e25533c elementor-widget elementor-widget-heading\" data-id=\"e25533c\" data-element_type=\"widget\" data-widget_type=\"heading.default\">\n\t\t\t\t<div class=\"elementor-widget-container\">\n\t\t\t\t\t<h3 class=\"elementor-heading-title elementor-size-default\">At Esteche Abogados, we make the process easier for you\n<\/h3>\t\t\t\t<\/div>\n\t\t\t\t<\/div>\n\t\t\t\t<div class=\"elementor-element elementor-element-92e9a74 elementor-widget-divider--view-line elementor-widget elementor-widget-divider\" data-id=\"92e9a74\" data-element_type=\"widget\" data-widget_type=\"divider.default\">\n\t\t\t\t<div class=\"elementor-widget-container\">\n\t\t\t\t\t\t\t<div class=\"elementor-divider\">\n\t\t\t<span class=\"elementor-divider-separator\">\n\t\t\t\t\t\t<\/span>\n\t\t<\/div>\n\t\t\t\t\t\t<\/div>\n\t\t\t\t<\/div>\n\t\t\t\t<div class=\"elementor-element elementor-element-2794b4a elementor-widget elementor-widget-text-editor\" data-id=\"2794b4a\" data-element_type=\"widget\" data-widget_type=\"text-editor.default\">\n\t\t\t\t<div class=\"elementor-widget-container\">\n\t\t\t\t\t\t\t\t\t<p><span style=\"font-weight: 400;\">At the Esteche law firm in Madrid, we are committed to offering you a personalized and efficient service so that you can successfully obtain family reunification. Our goal is to accompany you and facilitate each step of the process, giving you the peace of mind and confidence necessary to regularize your situation.\u00a0<\/span><\/p><p><span style=\"font-weight: 400;\">Contact us for more information and to begin your application process.<\/span><\/p>\t\t\t\t\t\t\t\t<\/div>\n\t\t\t\t<\/div>\n\t\t\t\t<div class=\"elementor-element elementor-element-88bb567 elementor-mobile-align-center elementor-widget elementor-widget-button\" data-id=\"88bb567\" data-element_type=\"widget\" data-widget_type=\"button.default\">\n\t\t\t\t<div class=\"elementor-widget-container\">\n\t\t\t\t\t\t\t\t\t<div class=\"elementor-button-wrapper\">\n\t\t\t\t\t<a class=\"elementor-button elementor-button-link elementor-size-sm\" href=\"https:\/\/estecheabogados.com\/en\/contacto\/\">\n\t\t\t\t\t\t<span class=\"elementor-button-content-wrapper\">\n\t\t\t\t\t\t\t\t\t<span class=\"elementor-button-text\">Send Request<\/span>\n\t\t\t\t\t<\/span>\n\t\t\t\t\t<\/a>\n\t\t\t\t<\/div>\n\t\t\t\t\t\t\t\t<\/div>\n\t\t\t\t<\/div>\n\t\t\t\t<\/div>\n\t\t\t\t\t<\/div>\n\t\t\t\t<\/div>\n\t\t\t\t<\/div>","protected":false},"excerpt":{"rendered":"<p>Family Reunification in Spain Reunite your immediate family members in Spain legally. Family reunification is a legal procedure that allows foreign citizens residing in Spain to reunite their immediate family members (spouse or registered partner, children under 18 or older with disabilities, and in some cases, dependent ascendants) to [\u2026]<\/p>","protected":false},"author":2,"featured_media":0,"parent":236,"menu_order":0,"comment_status":"closed","ping_status":"closed","template":"","meta":{"footnotes":""},"class_list":["post-579","page","type-page","status-publish","hentry"],"yoast_head":"<!-- This site is optimized with the Yoast SEO plugin v26.2 - https:\/\/yoast.com\/wordpress\/plugins\/seo\/ -->\n<title>Reagrupaci\u00f3n familiar - Esteche Abogados<\/title>\n<meta name=\"robots\" content=\"index, follow, max-snippet:-1, max-image-preview:large, max-video-preview:-1\" \/>\n<link rel=\"canonical\" href=\"https:\/\/estecheabogados.com\/en\/derecho-de-extranjeria\/reagrupacion-familiar\/\" \/>\n<meta property=\"og:locale\" content=\"en_GB\" \/>\n<meta property=\"og:type\" content=\"article\" \/>\n<meta property=\"og:title\" content=\"Reagrupaci\u00f3n familiar - Esteche Abogados\" \/>\n<meta property=\"og:description\" content=\"Reagrupaci\u00f3n familiar en Espa\u00f1a Re\u00fane a tus familiares directos en Espa\u00f1a de manera leg\u00edtima La reagrupaci\u00f3n familiar es un procedimiento legal que permite a ciudadanos extranjeros residentes en Espa\u00f1a reunir a sus familiares directos (c\u00f3nyuge o pareja registrada, hijos menores de 18 a\u00f1os o mayores con discapacidad, y en algunos casos, ascendientes a cargo) para [&hellip;]\" \/>\n<meta property=\"og:url\" content=\"https:\/\/estecheabogados.com\/en\/derecho-de-extranjeria\/reagrupacion-familiar\/\" \/>\n<meta property=\"og:site_name\" content=\"Esteche Abogados\" \/>\n<meta property=\"article:modified_time\" content=\"2024-07-22T10:39:13+00:00\" \/>\n<meta property=\"og:image\" content=\"https:\/\/estecheabogados.com\/wp-content\/uploads\/2024\/07\/63-1024x576.jpg\" \/>\n<meta name=\"twitter:card\" content=\"summary_large_image\" \/>\n<meta name=\"twitter:label1\" content=\"Estimated reading time\" \/>\n\t<meta name=\"twitter:data1\" content=\"2 minutes\" \/>\n<script type=\"application\/ld+json\" class=\"yoast-schema-graph\">{\"@context\":\"https:\/\/schema.org\",\"@graph\":[{\"@type\":\"WebPage\",\"@id\":\"https:\/\/estecheabogados.com\/derecho-de-extranjeria\/reagrupacion-familiar\/\",\"url\":\"https:\/\/estecheabogados.com\/derecho-de-extranjeria\/reagrupacion-familiar\/\",\"name\":\"Reagrupaci\u00f3n familiar - Esteche Abogados\",\"isPartOf\":{\"@id\":\"https:\/\/estecheabogados.com\/#website\"},\"primaryImageOfPage\":{\"@id\":\"https:\/\/estecheabogados.com\/derecho-de-extranjeria\/reagrupacion-familiar\/#primaryimage\"},\"image\":{\"@id\":\"https:\/\/estecheabogados.com\/derecho-de-extranjeria\/reagrupacion-familiar\/#primaryimage\"},\"thumbnailUrl\":\"https:\/\/estecheabogados.com\/wp-content\/uploads\/2024\/07\/63-1024x576.jpg\",\"datePublished\":\"2024-07-05T07:50:04+00:00\",\"dateModified\":\"2024-07-22T10:39:13+00:00\",\"breadcrumb\":{\"@id\":\"https:\/\/estecheabogados.com\/derecho-de-extranjeria\/reagrupacion-familiar\/#breadcrumb\"},\"inLanguage\":\"en-GB\",\"potentialAction\":[{\"@type\":\"ReadAction\",\"target\":[\"https:\/\/estecheabogados.com\/derecho-de-extranjeria\/reagrupacion-familiar\/\"]}]},{\"@type\":\"ImageObject\",\"inLanguage\":\"en-GB\",\"@id\":\"https:\/\/estecheabogados.com\/derecho-de-extranjeria\/reagrupacion-familiar\/#primaryimage\",\"url\":\"https:\/\/estecheabogados.com\/wp-content\/uploads\/2024\/07\/63-1024x576.jpg\",\"contentUrl\":\"https:\/\/estecheabogados.com\/wp-content\/uploads\/2024\/07\/63-1024x576.jpg\"},{\"@type\":\"BreadcrumbList\",\"@id\":\"https:\/\/estecheabogados.com\/derecho-de-extranjeria\/reagrupacion-familiar\/#breadcrumb\",\"itemListElement\":[{\"@type\":\"ListItem\",\"position\":1,\"name\":\"Portada\",\"item\":\"https:\/\/estecheabogados.com\/\"},{\"@type\":\"ListItem\",\"position\":2,\"name\":\"Derecho de extranjer\u00eda\",\"item\":\"https:\/\/estecheabogados.com\/derecho-de-extranjeria\/\"},{\"@type\":\"ListItem\",\"position\":3,\"name\":\"Reagrupaci\u00f3n familiar\"}]},{\"@type\":\"WebSite\",\"@id\":\"https:\/\/estecheabogados.com\/#website\",\"url\":\"https:\/\/estecheabogados.com\/\",\"name\":\"Esteche Abogados\",\"description\":\"\",\"potentialAction\":[{\"@type\":\"SearchAction\",\"target\":{\"@type\":\"EntryPoint\",\"urlTemplate\":\"https:\/\/estecheabogados.com\/?s={search_term_string}\"},\"query-input\":{\"@type\":\"PropertyValueSpecification\",\"valueRequired\":true,\"valueName\":\"search_term_string\"}}],\"inLanguage\":\"en-GB\"}]}<\/script>\n<!-- \/ Yoast SEO plugin. -->","yoast_head_json":{"title":"Family reunification - Esteche Abogados","robots":{"index":"index","follow":"follow","max-snippet":"max-snippet:-1","max-image-preview":"max-image-preview:large","max-video-preview":"max-video-preview:-1"},"canonical":"https:\/\/estecheabogados.com\/en\/derecho-de-extranjeria\/reagrupacion-familiar\/","og_locale":"en_GB","og_type":"article","og_title":"Reagrupaci\u00f3n familiar - Esteche Abogados","og_description":"Reagrupaci\u00f3n familiar en Espa\u00f1a Re\u00fane a tus familiares directos en Espa\u00f1a de manera leg\u00edtima La reagrupaci\u00f3n familiar es un procedimiento legal que permite a ciudadanos extranjeros residentes en Espa\u00f1a reunir a sus familiares directos (c\u00f3nyuge o pareja registrada, hijos menores de 18 a\u00f1os o mayores con discapacidad, y en algunos casos, ascendientes a cargo) para [&hellip;]","og_url":"https:\/\/estecheabogados.com\/en\/derecho-de-extranjeria\/reagrupacion-familiar\/","og_site_name":"Esteche Abogados","article_modified_time":"2024-07-22T10:39:13+00:00","og_image":[{"url":"https:\/\/estecheabogados.com\/wp-content\/uploads\/2024\/07\/63-1024x576.jpg","type":"","width":"","height":""}],"twitter_card":"summary_large_image","twitter_misc":{"Estimated reading time":"2 minutes"},"schema":{"@context":"https:\/\/schema.org","@graph":[{"@type":"WebPage","@id":"https:\/\/estecheabogados.com\/derecho-de-extranjeria\/reagrupacion-familiar\/","url":"https:\/\/estecheabogados.com\/derecho-de-extranjeria\/reagrupacion-familiar\/","name":"Family reunification - Esteche Abogados","isPartOf":{"@id":"https:\/\/estecheabogados.com\/#website"},"primaryImageOfPage":{"@id":"https:\/\/estecheabogados.com\/derecho-de-extranjeria\/reagrupacion-familiar\/#primaryimage"},"image":{"@id":"https:\/\/estecheabogados.com\/derecho-de-extranjeria\/reagrupacion-familiar\/#primaryimage"},"thumbnailUrl":"https:\/\/estecheabogados.com\/wp-content\/uploads\/2024\/07\/63-1024x576.jpg","datePublished":"2024-07-05T07:50:04+00:00","dateModified":"2024-07-22T10:39:13+00:00","breadcrumb":{"@id":"https:\/\/estecheabogados.com\/derecho-de-extranjeria\/reagrupacion-familiar\/#breadcrumb"},"inLanguage":"en-GB","potentialAction":[{"@type":"ReadAction","target":["https:\/\/estecheabogados.com\/derecho-de-extranjeria\/reagrupacion-familiar\/"]}]},{"@type":"ImageObject","inLanguage":"en-GB","@id":"https:\/\/estecheabogados.com\/derecho-de-extranjeria\/reagrupacion-familiar\/#primaryimage","url":"https:\/\/estecheabogados.com\/wp-content\/uploads\/2024\/07\/63-1024x576.jpg","contentUrl":"https:\/\/estecheabogados.com\/wp-content\/uploads\/2024\/07\/63-1024x576.jpg"},{"@type":"BreadcrumbList","@id":"https:\/\/estecheabogados.com\/derecho-de-extranjeria\/reagrupacion-familiar\/#breadcrumb","itemListElement":[{"@type":"ListItem","position":1,"name":"Portada","item":"https:\/\/estecheabogados.com\/"},{"@type":"ListItem","position":2,"name":"Derecho de extranjer\u00eda","item":"https:\/\/estecheabogados.com\/derecho-de-extranjeria\/"},{"@type":"ListItem","position":3,"name":"Reagrupaci\u00f3n familiar"}]},{"@type":"WebSite","@id":"https:\/\/estecheabogados.com\/#website","url":"https:\/\/estecheabogados.com\/","name":"Esteche Lawyers","description":"","potentialAction":[{"@type":"SearchAction","target":{"@type":"EntryPoint","urlTemplate":"https:\/\/estecheabogados.com\/?s={search_term_string}"},"query-input":{"@type":"PropertyValueSpecification","valueRequired":true,"valueName":"search_term_string"}}],"inLanguage":"en-GB"}]}},"_links":{"self":[{"href":"https:\/\/estecheabogados.com\/en\/wp-json\/wp\/v2\/pages\/579","targetHints":{"allow":["GET"]}}],"collection":[{"href":"https:\/\/estecheabogados.com\/en\/wp-json\/wp\/v2\/pages"}],"about":[{"href":"https:\/\/estecheabogados.com\/en\/wp-json\/wp\/v2\/types\/page"}],"author":[{"embeddable":true,"href":"https:\/\/estecheabogados.com\/en\/wp-json\/wp\/v2\/users\/2"}],"replies":[{"embeddable":true,"href":"https:\/\/estecheabogados.com\/en\/wp-json\/wp\/v2\/comments?post=579"}],"version-history":[{"count":43,"href":"https:\/\/estecheabogados.com\/en\/wp-json\/wp\/v2\/pages\/579\/revisions"}],"predecessor-version":[{"id":994,"href":"https:\/\/estecheabogados.com\/en\/wp-json\/wp\/v2\/pages\/579\/revisions\/994"}],"up":[{"embeddable":true,"href":"https:\/\/estecheabogados.com\/en\/wp-json\/wp\/v2\/pages\/236"}],"wp:attachment":[{"href":"https:\/\/estecheabogados.com\/en\/wp-json\/wp\/v2\/media?parent=579"}],"curies":[{"name":"wp","href":"https:\/\/api.w.org\/{rel}","templated":true}]}}