{"id":536,"date":"2024-07-05T07:38:04","date_gmt":"2024-07-05T07:38:04","guid":{"rendered":"https:\/\/estecheabogados.com\/?page_id=536"},"modified":"2024-07-22T10:39:07","modified_gmt":"2024-07-22T10:39:07","slug":"renovacion-de-permiso-de-residencia","status":"publish","type":"page","link":"https:\/\/estecheabogados.com\/en\/derecho-de-extranjeria\/renovacion-de-permiso-de-residencia\/","title":{"rendered":"Renewal of Residence Permit"},"content":{"rendered":"<div data-elementor-type=\"wp-page\" data-elementor-id=\"536\" class=\"elementor elementor-536\" data-elementor-post-type=\"page\">\n\t\t\t\t<div class=\"elementor-element elementor-element-1d4c3e1 e-flex e-con-boxed e-con e-parent\" data-id=\"1d4c3e1\" data-element_type=\"container\" data-settings=\"{&quot;background_background&quot;:&quot;classic&quot;}\">\n\t\t\t\t\t<div class=\"e-con-inner\">\n\t\t<div class=\"elementor-element elementor-element-aab5bfe e-con-full e-flex e-con e-child\" data-id=\"aab5bfe\" data-element_type=\"container\">\n\t\t\t\t<div class=\"elementor-element elementor-element-e43e94a elementor-widget elementor-widget-heading\" data-id=\"e43e94a\" data-element_type=\"widget\" data-widget_type=\"heading.default\">\n\t\t\t\t<div class=\"elementor-widget-container\">\n\t\t\t\t\t<h2 class=\"elementor-heading-title elementor-size-default\">Renewal of Residence Permit in Spain<\/h2>\t\t\t\t<\/div>\n\t\t\t\t<\/div>\n\t\t\t\t<\/div>\n\t\t<div class=\"elementor-element elementor-element-55883c3 e-con-full elementor-hidden-mobile e-flex e-con e-child\" data-id=\"55883c3\" data-element_type=\"container\">\n\t\t\t\t<\/div>\n\t\t\t\t\t<\/div>\n\t\t\t\t<\/div>\n\t\t<div class=\"elementor-element elementor-element-c0c95b9 e-flex e-con-boxed e-con e-parent\" data-id=\"c0c95b9\" data-element_type=\"container\">\n\t\t\t\t\t<div class=\"e-con-inner\">\n\t\t<div class=\"elementor-element elementor-element-6ad605e e-con-full e-flex e-con e-child\" data-id=\"6ad605e\" data-element_type=\"container\">\n\t\t\t\t<div class=\"elementor-element elementor-element-83e4fa5 elementor-widget elementor-widget-heading\" data-id=\"83e4fa5\" data-element_type=\"widget\" data-widget_type=\"heading.default\">\n\t\t\t\t<div class=\"elementor-widget-container\">\n\t\t\t\t\t<h2 class=\"elementor-heading-title elementor-size-default\">Extend your legal stay in Spain by renewing your residence permit<\/h2>\t\t\t\t<\/div>\n\t\t\t\t<\/div>\n\t\t\t\t<div class=\"elementor-element elementor-element-4371635 elementor-widget-divider--view-line elementor-widget elementor-widget-divider\" data-id=\"4371635\" data-element_type=\"widget\" data-widget_type=\"divider.default\">\n\t\t\t\t<div class=\"elementor-widget-container\">\n\t\t\t\t\t\t\t<div class=\"elementor-divider\">\n\t\t\t<span class=\"elementor-divider-separator\">\n\t\t\t\t\t\t<\/span>\n\t\t<\/div>\n\t\t\t\t\t\t<\/div>\n\t\t\t\t<\/div>\n\t\t\t\t<div class=\"elementor-element elementor-element-4567db0 elementor-widget__width-initial elementor-widget elementor-widget-text-editor\" data-id=\"4567db0\" data-element_type=\"widget\" data-widget_type=\"text-editor.default\">\n\t\t\t\t<div class=\"elementor-widget-container\">\n\t\t\t\t\t\t\t\t\t<p><span style=\"font-weight: 400;\">Renewing a residence permit in Spain is a necessary procedure for those foreigners who wish to extend their legal stay in the country once their initial permit is about to expire.\u00a0<\/span><\/p><p><span style=\"font-weight: 400;\">At Esteche Abogados in Madrid, we offer comprehensive and expert assistance to guide our clients through this process efficiently and effectively.<\/span><\/p>\t\t\t\t\t\t\t\t<\/div>\n\t\t\t\t<\/div>\n\t\t\t\t<\/div>\n\t\t<div class=\"elementor-element elementor-element-b8479b7 e-con-full e-flex e-con e-child\" data-id=\"b8479b7\" data-element_type=\"container\">\n\t\t\t\t<div class=\"elementor-element elementor-element-30e63d9 elementor-widget elementor-widget-image\" data-id=\"30e63d9\" data-element_type=\"widget\" data-widget_type=\"image.default\">\n\t\t\t\t<div class=\"elementor-widget-container\">\n\t\t\t\t\t\t\t\t\t\t\t\t\t\t\t<img fetchpriority=\"high\" decoding=\"async\" width=\"800\" height=\"450\" src=\"https:\/\/estecheabogados.com\/wp-content\/uploads\/2024\/07\/ESTECHE-ABOGADA-web-2-1024x576.jpg\" class=\"attachment-large size-large wp-image-574\" alt=\"\" srcset=\"https:\/\/estecheabogados.com\/wp-content\/uploads\/2024\/07\/ESTECHE-ABOGADA-web-2-1024x576.jpg 1024w, https:\/\/estecheabogados.com\/wp-content\/uploads\/2024\/07\/ESTECHE-ABOGADA-web-2-600x338.jpg 600w, https:\/\/estecheabogados.com\/wp-content\/uploads\/2024\/07\/ESTECHE-ABOGADA-web-2-300x169.jpg 300w, https:\/\/estecheabogados.com\/wp-content\/uploads\/2024\/07\/ESTECHE-ABOGADA-web-2-768x432.jpg 768w, https:\/\/estecheabogados.com\/wp-content\/uploads\/2024\/07\/ESTECHE-ABOGADA-web-2-1536x864.jpg 1536w, https:\/\/estecheabogados.com\/wp-content\/uploads\/2024\/07\/ESTECHE-ABOGADA-web-2.jpg 1920w\" sizes=\"(max-width: 800px) 100vw, 800px\" \/>\t\t\t\t\t\t\t\t\t\t\t\t\t\t\t<\/div>\n\t\t\t\t<\/div>\n\t\t\t\t<\/div>\n\t\t\t\t\t<\/div>\n\t\t\t\t<\/div>\n\t\t<div class=\"elementor-element elementor-element-5e2d07c e-flex e-con-boxed e-con e-parent\" data-id=\"5e2d07c\" data-element_type=\"container\" data-settings=\"{&quot;background_background&quot;:&quot;classic&quot;}\">\n\t\t\t\t\t<div class=\"e-con-inner\">\n\t\t\t\t<div class=\"elementor-element elementor-element-3a252ec elementor-widget elementor-widget-heading\" data-id=\"3a252ec\" data-element_type=\"widget\" data-widget_type=\"heading.default\">\n\t\t\t\t<div class=\"elementor-widget-container\">\n\t\t\t\t\t<h3 class=\"elementor-heading-title elementor-size-default\">Requirements for the renewal of a residence permit<\/h3>\t\t\t\t<\/div>\n\t\t\t\t<\/div>\n\t\t\t\t<div class=\"elementor-element elementor-element-11e2087 elementor-widget-divider--view-line elementor-widget elementor-widget-divider\" data-id=\"11e2087\" data-element_type=\"widget\" data-widget_type=\"divider.default\">\n\t\t\t\t<div class=\"elementor-widget-container\">\n\t\t\t\t\t\t\t<div class=\"elementor-divider\">\n\t\t\t<span class=\"elementor-divider-separator\">\n\t\t\t\t\t\t<\/span>\n\t\t<\/div>\n\t\t\t\t\t\t<\/div>\n\t\t\t\t<\/div>\n\t\t<div class=\"elementor-element elementor-element-6a59786 e-con-full e-flex e-con e-child\" data-id=\"6a59786\" data-element_type=\"container\">\n\t\t<div class=\"elementor-element elementor-element-2b254fb e-con-full e-flex e-con e-child\" data-id=\"2b254fb\" data-element_type=\"container\" data-settings=\"{&quot;background_background&quot;:&quot;classic&quot;}\">\n\t\t\t\t<div class=\"elementor-element elementor-element-543dbfc elementor-position-left elementor-view-default elementor-mobile-position-top elementor-widget elementor-widget-icon-box\" data-id=\"543dbfc\" data-element_type=\"widget\" data-widget_type=\"icon-box.default\">\n\t\t\t\t<div class=\"elementor-widget-container\">\n\t\t\t\t\t\t\t<div class=\"elementor-icon-box-wrapper\">\n\n\t\t\t\t\t\t<div class=\"elementor-icon-box-icon\">\n\t\t\t\t<span  class=\"elementor-icon\">\n\t\t\t\t<i aria-hidden=\"true\" class=\"icofont icofont-tick-boxed\"><\/i>\t\t\t\t<\/span>\n\t\t\t<\/div>\n\t\t\t\n\t\t\t\t\t\t<div class=\"elementor-icon-box-content\">\n\n\t\t\t\t\t\t\t\t\t<h3 class=\"elementor-icon-box-title\">\n\t\t\t\t\t\t<span  >\n\t\t\t\t\t\t\t1. Fulfillment of initial conditions\t\t\t\t\t\t<\/span>\n\t\t\t\t\t<\/h3>\n\t\t\t\t\n\t\t\t\t\t\t\t\t\t<p class=\"elementor-icon-box-description\">\n\t\t\t\t\t\tYou must have met all the conditions and requirements set out in your initial residence permit, such as maintaining your work activity or studying as permitted by your type of permit.\n\t\t\t\t\t<\/p>\n\t\t\t\t\n\t\t\t<\/div>\n\t\t\t\n\t\t<\/div>\n\t\t\t\t\t\t<\/div>\n\t\t\t\t<\/div>\n\t\t\t\t<\/div>\n\t\t<div class=\"elementor-element elementor-element-b89443a e-con-full e-flex e-con e-child\" data-id=\"b89443a\" data-element_type=\"container\" data-settings=\"{&quot;background_background&quot;:&quot;classic&quot;}\">\n\t\t\t\t<div class=\"elementor-element elementor-element-4c71765 elementor-position-left elementor-view-default elementor-mobile-position-top elementor-widget elementor-widget-icon-box\" data-id=\"4c71765\" data-element_type=\"widget\" data-widget_type=\"icon-box.default\">\n\t\t\t\t<div class=\"elementor-widget-container\">\n\t\t\t\t\t\t\t<div class=\"elementor-icon-box-wrapper\">\n\n\t\t\t\t\t\t<div class=\"elementor-icon-box-icon\">\n\t\t\t\t<span  class=\"elementor-icon\">\n\t\t\t\t<i aria-hidden=\"true\" class=\"icon_documents_alt\"><\/i>\t\t\t\t<\/span>\n\t\t\t<\/div>\n\t\t\t\n\t\t\t\t\t\t<div class=\"elementor-icon-box-content\">\n\n\t\t\t\t\t\t\t\t\t<h3 class=\"elementor-icon-box-title\">\n\t\t\t\t\t\t<span  >\n\t\t\t\t\t\t\t2. Updated documentation\t\t\t\t\t\t<\/span>\n\t\t\t\t\t<\/h3>\n\t\t\t\t\n\t\t\t\t\t\t\t\t\t<p class=\"elementor-icon-box-description\">\n\t\t\t\t\t\tYou will need to submit a number of up-to-date documents that vary depending on the type of residence permit you hold. This may include a valid passport, criminal record certificates, proof of sufficient financial means to support yourself, and any other specific documentation required by the authorities.\n\t\t\t\t\t<\/p>\n\t\t\t\t\n\t\t\t<\/div>\n\t\t\t\n\t\t<\/div>\n\t\t\t\t\t\t<\/div>\n\t\t\t\t<\/div>\n\t\t\t\t<\/div>\n\t\t<div class=\"elementor-element elementor-element-7bde0cb e-con-full e-flex e-con e-child\" data-id=\"7bde0cb\" data-element_type=\"container\" data-settings=\"{&quot;background_background&quot;:&quot;classic&quot;}\">\n\t\t\t\t<div class=\"elementor-element elementor-element-7c8e73e elementor-position-left elementor-view-default elementor-mobile-position-top elementor-widget elementor-widget-icon-box\" data-id=\"7c8e73e\" data-element_type=\"widget\" data-widget_type=\"icon-box.default\">\n\t\t\t\t<div class=\"elementor-widget-container\">\n\t\t\t\t\t\t\t<div class=\"elementor-icon-box-wrapper\">\n\n\t\t\t\t\t\t<div class=\"elementor-icon-box-icon\">\n\t\t\t\t<span  class=\"elementor-icon\">\n\t\t\t\t<svg aria-hidden=\"true\" class=\"e-font-icon-svg e-far-money-bill-alt\" viewbox=\"0 0 640 512\" xmlns=\"http:\/\/www.w3.org\/2000\/svg\"><path d=\"M320 144c-53.02 0-96 50.14-96 112 0 61.85 42.98 112 96 112 53 0 96-50.13 96-112 0-61.86-42.98-112-96-112zm40 168c0 4.42-3.58 8-8 8h-64c-4.42 0-8-3.58-8-8v-16c0-4.42 3.58-8 8-8h16v-55.44l-.47.31a7.992 7.992 0 0 1-11.09-2.22l-8.88-13.31a7.992 7.992 0 0 1 2.22-11.09l15.33-10.22a23.99 23.99 0 0 1 13.31-4.03H328c4.42 0 8 3.58 8 8v88h16c4.42 0 8 3.58 8 8v16zM608 64H32C14.33 64 0 78.33 0 96v320c0 17.67 14.33 32 32 32h576c17.67 0 32-14.33 32-32V96c0-17.67-14.33-32-32-32zm-16 272c-35.35 0-64 28.65-64 64H112c0-35.35-28.65-64-64-64V176c35.35 0 64-28.65 64-64h416c0 35.35 28.65 64 64 64v160z\"><\/path><\/svg>\t\t\t\t<\/span>\n\t\t\t<\/div>\n\t\t\t\n\t\t\t\t\t\t<div class=\"elementor-icon-box-content\">\n\n\t\t\t\t\t\t\t\t\t<h3 class=\"elementor-icon-box-title\">\n\t\t\t\t\t\t<span  >\n\t\t\t\t\t\t\t3. Payment of administrative fees\t\t\t\t\t\t<\/span>\n\t\t\t\t\t<\/h3>\n\t\t\t\t\n\t\t\t\t\t\t\t\t\t<p class=\"elementor-icon-box-description\">\n\t\t\t\t\t\tYou will have to pay the administrative fees corresponding to the renewal process, which vary depending on the type of permit and personal circumstances.\n\t\t\t\t\t<\/p>\n\t\t\t\t\n\t\t\t<\/div>\n\t\t\t\n\t\t<\/div>\n\t\t\t\t\t\t<\/div>\n\t\t\t\t<\/div>\n\t\t\t\t<\/div>\n\t\t<div class=\"elementor-element elementor-element-3940e09 e-con-full e-flex e-con e-child\" data-id=\"3940e09\" data-element_type=\"container\" data-settings=\"{&quot;background_background&quot;:&quot;classic&quot;}\">\n\t\t\t\t<div class=\"elementor-element elementor-element-e5bb701 elementor-position-left elementor-view-default elementor-mobile-position-top elementor-widget elementor-widget-icon-box\" data-id=\"e5bb701\" data-element_type=\"widget\" data-widget_type=\"icon-box.default\">\n\t\t\t\t<div class=\"elementor-widget-container\">\n\t\t\t\t\t\t\t<div class=\"elementor-icon-box-wrapper\">\n\n\t\t\t\t\t\t<div class=\"elementor-icon-box-icon\">\n\t\t\t\t<span  class=\"elementor-icon\">\n\t\t\t\t<i aria-hidden=\"true\" class=\"mdi mdi-doctor\"><\/i>\t\t\t\t<\/span>\n\t\t\t<\/div>\n\t\t\t\n\t\t\t\t\t\t<div class=\"elementor-icon-box-content\">\n\n\t\t\t\t\t\t\t\t\t<h3 class=\"elementor-icon-box-title\">\n\t\t\t\t\t\t<span  >\n\t\t\t\t\t\t\t4. Health insurance\t\t\t\t\t\t<\/span>\n\t\t\t\t\t<\/h3>\n\t\t\t\t\n\t\t\t\t\t\t\t\t\t<p class=\"elementor-icon-box-description\">\n\t\t\t\t\t\tYou may be required to present valid and current medical insurance that covers your health needs during your stay in Spain.\t\t\t\t\t<\/p>\n\t\t\t\t\n\t\t\t<\/div>\n\t\t\t\n\t\t<\/div>\n\t\t\t\t\t\t<\/div>\n\t\t\t\t<\/div>\n\t\t\t\t<\/div>\n\t\t\t\t<\/div>\n\t\t\t\t\t<\/div>\n\t\t\t\t<\/div>\n\t\t<div class=\"elementor-element elementor-element-dd22318 e-flex e-con-boxed e-con e-parent\" data-id=\"dd22318\" data-element_type=\"container\">\n\t\t\t\t\t<div class=\"e-con-inner\">\n\t\t<div class=\"elementor-element elementor-element-8303c88 e-con-full e-flex e-con e-child\" data-id=\"8303c88\" data-element_type=\"container\">\n\t\t\t\t<div class=\"elementor-element elementor-element-d397ad1 elementor-widget elementor-widget-image\" data-id=\"d397ad1\" data-element_type=\"widget\" data-widget_type=\"image.default\">\n\t\t\t\t<div class=\"elementor-widget-container\">\n\t\t\t\t\t\t\t\t\t\t\t\t\t\t\t<img decoding=\"async\" width=\"800\" height=\"450\" src=\"https:\/\/estecheabogados.com\/wp-content\/uploads\/2024\/07\/51-1024x576.jpg\" class=\"attachment-large size-large wp-image-63\" alt=\"\" srcset=\"https:\/\/estecheabogados.com\/wp-content\/uploads\/2024\/07\/51-1024x576.jpg 1024w, https:\/\/estecheabogados.com\/wp-content\/uploads\/2024\/07\/51-600x338.jpg 600w, https:\/\/estecheabogados.com\/wp-content\/uploads\/2024\/07\/51-300x169.jpg 300w, https:\/\/estecheabogados.com\/wp-content\/uploads\/2024\/07\/51-768x432.jpg 768w, https:\/\/estecheabogados.com\/wp-content\/uploads\/2024\/07\/51-1536x864.jpg 1536w, https:\/\/estecheabogados.com\/wp-content\/uploads\/2024\/07\/51.jpg 1920w\" sizes=\"(max-width: 800px) 100vw, 800px\" \/>\t\t\t\t\t\t\t\t\t\t\t\t\t\t\t<\/div>\n\t\t\t\t<\/div>\n\t\t\t\t<\/div>\n\t\t<div class=\"elementor-element elementor-element-d6d0570 e-con-full e-flex e-con e-child\" data-id=\"d6d0570\" data-element_type=\"container\">\n\t\t\t\t<div class=\"elementor-element elementor-element-e25533c elementor-widget elementor-widget-heading\" data-id=\"e25533c\" data-element_type=\"widget\" data-widget_type=\"heading.default\">\n\t\t\t\t<div class=\"elementor-widget-container\">\n\t\t\t\t\t<h3 class=\"elementor-heading-title elementor-size-default\">At Esteche Abogados, we make the process easier for you\n<\/h3>\t\t\t\t<\/div>\n\t\t\t\t<\/div>\n\t\t\t\t<div class=\"elementor-element elementor-element-92e9a74 elementor-widget-divider--view-line elementor-widget elementor-widget-divider\" data-id=\"92e9a74\" data-element_type=\"widget\" data-widget_type=\"divider.default\">\n\t\t\t\t<div class=\"elementor-widget-container\">\n\t\t\t\t\t\t\t<div class=\"elementor-divider\">\n\t\t\t<span class=\"elementor-divider-separator\">\n\t\t\t\t\t\t<\/span>\n\t\t<\/div>\n\t\t\t\t\t\t<\/div>\n\t\t\t\t<\/div>\n\t\t\t\t<div class=\"elementor-element elementor-element-2794b4a elementor-widget elementor-widget-text-editor\" data-id=\"2794b4a\" data-element_type=\"widget\" data-widget_type=\"text-editor.default\">\n\t\t\t\t<div class=\"elementor-widget-container\">\n\t\t\t\t\t\t\t\t\t<p><span style=\"font-weight: 400;\">At the Esteche law firm in Madrid, we are committed to offering you a personalized and efficient service so that you can successfully obtain your residence permit renewal. Our goal is to accompany you and facilitate each step of the process, giving you the peace of mind and confidence necessary to regularize your situation.\u00a0<\/span><\/p><p><span style=\"font-weight: 400;\">Contact us for more information and to begin your application process.<\/span><\/p>\t\t\t\t\t\t\t\t<\/div>\n\t\t\t\t<\/div>\n\t\t\t\t<div class=\"elementor-element elementor-element-88bb567 elementor-mobile-align-center elementor-widget elementor-widget-button\" data-id=\"88bb567\" data-element_type=\"widget\" data-widget_type=\"button.default\">\n\t\t\t\t<div class=\"elementor-widget-container\">\n\t\t\t\t\t\t\t\t\t<div class=\"elementor-button-wrapper\">\n\t\t\t\t\t<a class=\"elementor-button elementor-button-link elementor-size-sm\" href=\"https:\/\/estecheabogados.com\/en\/contacto\/\">\n\t\t\t\t\t\t<span class=\"elementor-button-content-wrapper\">\n\t\t\t\t\t\t\t\t\t<span class=\"elementor-button-text\">Send Request<\/span>\n\t\t\t\t\t<\/span>\n\t\t\t\t\t<\/a>\n\t\t\t\t<\/div>\n\t\t\t\t\t\t\t\t<\/div>\n\t\t\t\t<\/div>\n\t\t\t\t<\/div>\n\t\t\t\t\t<\/div>\n\t\t\t\t<\/div>\n\t\t\t\t<\/div>","protected":false},"excerpt":{"rendered":"<p>Renewal of Residence Permit in Spain Extend your legal stay in Spain by Renewing your Residence Permit Renewal of residence permit in Spain is a necessary procedure for those foreigners who wish to extend their legal stay in the country once their initial permit is about to expire. In Esteche, [\u2026]<\/p>","protected":false},"author":2,"featured_media":0,"parent":236,"menu_order":0,"comment_status":"closed","ping_status":"closed","template":"","meta":{"footnotes":""},"class_list":["post-536","page","type-page","status-publish","hentry"],"yoast_head":"<!-- This site is optimized with the Yoast SEO plugin v26.2 - https:\/\/yoast.com\/wordpress\/plugins\/seo\/ -->\n<title>Renovaci\u00f3n de Permiso de Residencia - Esteche Abogados<\/title>\n<meta name=\"robots\" content=\"index, follow, max-snippet:-1, max-image-preview:large, max-video-preview:-1\" \/>\n<link rel=\"canonical\" href=\"https:\/\/estecheabogados.com\/en\/derecho-de-extranjeria\/renovacion-de-permiso-de-residencia\/\" \/>\n<meta property=\"og:locale\" content=\"en_GB\" \/>\n<meta property=\"og:type\" content=\"article\" \/>\n<meta property=\"og:title\" content=\"Renovaci\u00f3n de Permiso de Residencia - Esteche Abogados\" \/>\n<meta property=\"og:description\" content=\"Renovaci\u00f3n del Permiso de Residencia en Espa\u00f1a Extiende tu estancia legal en Espa\u00f1a mediante la Renovaci\u00f3n del Permiso de Residencia La renovaci\u00f3n de permiso de residencia en Espa\u00f1a es un procedimiento necesario para aquellos extranjeros que desean extender su estancia legal en el pa\u00eds una vez que su permiso inicial est\u00e1 por expirar.\u00a0 En Esteche [&hellip;]\" \/>\n<meta property=\"og:url\" content=\"https:\/\/estecheabogados.com\/en\/derecho-de-extranjeria\/renovacion-de-permiso-de-residencia\/\" \/>\n<meta property=\"og:site_name\" content=\"Esteche Abogados\" \/>\n<meta property=\"article:modified_time\" content=\"2024-07-22T10:39:07+00:00\" \/>\n<meta property=\"og:image\" content=\"https:\/\/estecheabogados.com\/wp-content\/uploads\/2024\/07\/ESTECHE-ABOGADA-web-2-1024x576.jpg\" \/>\n<meta name=\"twitter:card\" content=\"summary_large_image\" \/>\n<meta name=\"twitter:label1\" content=\"Estimated reading time\" \/>\n\t<meta name=\"twitter:data1\" content=\"2 minutes\" \/>\n<script type=\"application\/ld+json\" class=\"yoast-schema-graph\">{\"@context\":\"https:\/\/schema.org\",\"@graph\":[{\"@type\":\"WebPage\",\"@id\":\"https:\/\/estecheabogados.com\/derecho-de-extranjeria\/renovacion-de-permiso-de-residencia\/\",\"url\":\"https:\/\/estecheabogados.com\/derecho-de-extranjeria\/renovacion-de-permiso-de-residencia\/\",\"name\":\"Renovaci\u00f3n de Permiso de Residencia - Esteche Abogados\",\"isPartOf\":{\"@id\":\"https:\/\/estecheabogados.com\/#website\"},\"primaryImageOfPage\":{\"@id\":\"https:\/\/estecheabogados.com\/derecho-de-extranjeria\/renovacion-de-permiso-de-residencia\/#primaryimage\"},\"image\":{\"@id\":\"https:\/\/estecheabogados.com\/derecho-de-extranjeria\/renovacion-de-permiso-de-residencia\/#primaryimage\"},\"thumbnailUrl\":\"https:\/\/estecheabogados.com\/wp-content\/uploads\/2024\/07\/ESTECHE-ABOGADA-web-2-1024x576.jpg\",\"datePublished\":\"2024-07-05T07:38:04+00:00\",\"dateModified\":\"2024-07-22T10:39:07+00:00\",\"breadcrumb\":{\"@id\":\"https:\/\/estecheabogados.com\/derecho-de-extranjeria\/renovacion-de-permiso-de-residencia\/#breadcrumb\"},\"inLanguage\":\"en-GB\",\"potentialAction\":[{\"@type\":\"ReadAction\",\"target\":[\"https:\/\/estecheabogados.com\/derecho-de-extranjeria\/renovacion-de-permiso-de-residencia\/\"]}]},{\"@type\":\"ImageObject\",\"inLanguage\":\"en-GB\",\"@id\":\"https:\/\/estecheabogados.com\/derecho-de-extranjeria\/renovacion-de-permiso-de-residencia\/#primaryimage\",\"url\":\"https:\/\/estecheabogados.com\/wp-content\/uploads\/2024\/07\/ESTECHE-ABOGADA-web-2-1024x576.jpg\",\"contentUrl\":\"https:\/\/estecheabogados.com\/wp-content\/uploads\/2024\/07\/ESTECHE-ABOGADA-web-2-1024x576.jpg\"},{\"@type\":\"BreadcrumbList\",\"@id\":\"https:\/\/estecheabogados.com\/derecho-de-extranjeria\/renovacion-de-permiso-de-residencia\/#breadcrumb\",\"itemListElement\":[{\"@type\":\"ListItem\",\"position\":1,\"name\":\"Portada\",\"item\":\"https:\/\/estecheabogados.com\/\"},{\"@type\":\"ListItem\",\"position\":2,\"name\":\"Derecho de extranjer\u00eda\",\"item\":\"https:\/\/estecheabogados.com\/derecho-de-extranjeria\/\"},{\"@type\":\"ListItem\",\"position\":3,\"name\":\"Renovaci\u00f3n de Permiso de Residencia\"}]},{\"@type\":\"WebSite\",\"@id\":\"https:\/\/estecheabogados.com\/#website\",\"url\":\"https:\/\/estecheabogados.com\/\",\"name\":\"Esteche Abogados\",\"description\":\"\",\"potentialAction\":[{\"@type\":\"SearchAction\",\"target\":{\"@type\":\"EntryPoint\",\"urlTemplate\":\"https:\/\/estecheabogados.com\/?s={search_term_string}\"},\"query-input\":{\"@type\":\"PropertyValueSpecification\",\"valueRequired\":true,\"valueName\":\"search_term_string\"}}],\"inLanguage\":\"en-GB\"}]}<\/script>\n<!-- \/ Yoast SEO plugin. -->","yoast_head_json":{"title":"Renovaci\u00f3n de Permiso de Residencia - Esteche Abogados","robots":{"index":"index","follow":"follow","max-snippet":"max-snippet:-1","max-image-preview":"max-image-preview:large","max-video-preview":"max-video-preview:-1"},"canonical":"https:\/\/estecheabogados.com\/en\/derecho-de-extranjeria\/renovacion-de-permiso-de-residencia\/","og_locale":"en_GB","og_type":"article","og_title":"Renovaci\u00f3n de Permiso de Residencia - Esteche Abogados","og_description":"Renovaci\u00f3n del Permiso de Residencia en Espa\u00f1a Extiende tu estancia legal en Espa\u00f1a mediante la Renovaci\u00f3n del Permiso de Residencia La renovaci\u00f3n de permiso de residencia en Espa\u00f1a es un procedimiento necesario para aquellos extranjeros que desean extender su estancia legal en el pa\u00eds una vez que su permiso inicial est\u00e1 por expirar.\u00a0 En Esteche [&hellip;]","og_url":"https:\/\/estecheabogados.com\/en\/derecho-de-extranjeria\/renovacion-de-permiso-de-residencia\/","og_site_name":"Esteche Abogados","article_modified_time":"2024-07-22T10:39:07+00:00","og_image":[{"url":"https:\/\/estecheabogados.com\/wp-content\/uploads\/2024\/07\/ESTECHE-ABOGADA-web-2-1024x576.jpg","type":"","width":"","height":""}],"twitter_card":"summary_large_image","twitter_misc":{"Estimated reading time":"2 minutes"},"schema":{"@context":"https:\/\/schema.org","@graph":[{"@type":"WebPage","@id":"https:\/\/estecheabogados.com\/derecho-de-extranjeria\/renovacion-de-permiso-de-residencia\/","url":"https:\/\/estecheabogados.com\/derecho-de-extranjeria\/renovacion-de-permiso-de-residencia\/","name":"Renovaci\u00f3n de Permiso de Residencia - Esteche Abogados","isPartOf":{"@id":"https:\/\/estecheabogados.com\/#website"},"primaryImageOfPage":{"@id":"https:\/\/estecheabogados.com\/derecho-de-extranjeria\/renovacion-de-permiso-de-residencia\/#primaryimage"},"image":{"@id":"https:\/\/estecheabogados.com\/derecho-de-extranjeria\/renovacion-de-permiso-de-residencia\/#primaryimage"},"thumbnailUrl":"https:\/\/estecheabogados.com\/wp-content\/uploads\/2024\/07\/ESTECHE-ABOGADA-web-2-1024x576.jpg","datePublished":"2024-07-05T07:38:04+00:00","dateModified":"2024-07-22T10:39:07+00:00","breadcrumb":{"@id":"https:\/\/estecheabogados.com\/derecho-de-extranjeria\/renovacion-de-permiso-de-residencia\/#breadcrumb"},"inLanguage":"en-GB","potentialAction":[{"@type":"ReadAction","target":["https:\/\/estecheabogados.com\/derecho-de-extranjeria\/renovacion-de-permiso-de-residencia\/"]}]},{"@type":"ImageObject","inLanguage":"en-GB","@id":"https:\/\/estecheabogados.com\/derecho-de-extranjeria\/renovacion-de-permiso-de-residencia\/#primaryimage","url":"https:\/\/estecheabogados.com\/wp-content\/uploads\/2024\/07\/ESTECHE-ABOGADA-web-2-1024x576.jpg","contentUrl":"https:\/\/estecheabogados.com\/wp-content\/uploads\/2024\/07\/ESTECHE-ABOGADA-web-2-1024x576.jpg"},{"@type":"BreadcrumbList","@id":"https:\/\/estecheabogados.com\/derecho-de-extranjeria\/renovacion-de-permiso-de-residencia\/#breadcrumb","itemListElement":[{"@type":"ListItem","position":1,"name":"Portada","item":"https:\/\/estecheabogados.com\/"},{"@type":"ListItem","position":2,"name":"Derecho de extranjer\u00eda","item":"https:\/\/estecheabogados.com\/derecho-de-extranjeria\/"},{"@type":"ListItem","position":3,"name":"Renovaci\u00f3n de Permiso de Residencia"}]},{"@type":"WebSite","@id":"https:\/\/estecheabogados.com\/#website","url":"https:\/\/estecheabogados.com\/","name":"Esteche Lawyers","description":"","potentialAction":[{"@type":"SearchAction","target":{"@type":"EntryPoint","urlTemplate":"https:\/\/estecheabogados.com\/?s={search_term_string}"},"query-input":{"@type":"PropertyValueSpecification","valueRequired":true,"valueName":"search_term_string"}}],"inLanguage":"en-GB"}]}},"_links":{"self":[{"href":"https:\/\/estecheabogados.com\/en\/wp-json\/wp\/v2\/pages\/536","targetHints":{"allow":["GET"]}}],"collection":[{"href":"https:\/\/estecheabogados.com\/en\/wp-json\/wp\/v2\/pages"}],"about":[{"href":"https:\/\/estecheabogados.com\/en\/wp-json\/wp\/v2\/types\/page"}],"author":[{"embeddable":true,"href":"https:\/\/estecheabogados.com\/en\/wp-json\/wp\/v2\/users\/2"}],"replies":[{"embeddable":true,"href":"https:\/\/estecheabogados.com\/en\/wp-json\/wp\/v2\/comments?post=536"}],"version-history":[{"count":43,"href":"https:\/\/estecheabogados.com\/en\/wp-json\/wp\/v2\/pages\/536\/revisions"}],"predecessor-version":[{"id":991,"href":"https:\/\/estecheabogados.com\/en\/wp-json\/wp\/v2\/pages\/536\/revisions\/991"}],"up":[{"embeddable":true,"href":"https:\/\/estecheabogados.com\/en\/wp-json\/wp\/v2\/pages\/236"}],"wp:attachment":[{"href":"https:\/\/estecheabogados.com\/en\/wp-json\/wp\/v2\/media?parent=536"}],"curies":[{"name":"wp","href":"https:\/\/api.w.org\/{rel}","templated":true}]}}