{"id":503,"date":"2024-07-05T07:24:47","date_gmt":"2024-07-05T07:24:47","guid":{"rendered":"https:\/\/estecheabogados.com\/?page_id=503"},"modified":"2024-07-22T10:39:01","modified_gmt":"2024-07-22T10:39:01","slug":"solicitud-de-arraigo-por-formacion","status":"publish","type":"page","link":"https:\/\/estecheabogados.com\/en\/derecho-de-extranjeria\/solicitud-de-arraigo-por-formacion\/","title":{"rendered":"Application for Roots for Training"},"content":{"rendered":"<div data-elementor-type=\"wp-page\" data-elementor-id=\"503\" class=\"elementor elementor-503\" data-elementor-post-type=\"page\">\n\t\t\t\t<div class=\"elementor-element elementor-element-1d4c3e1 e-flex e-con-boxed e-con e-parent\" data-id=\"1d4c3e1\" data-element_type=\"container\" data-settings=\"{&quot;background_background&quot;:&quot;classic&quot;}\">\n\t\t\t\t\t<div class=\"e-con-inner\">\n\t\t<div class=\"elementor-element elementor-element-aab5bfe e-con-full e-flex e-con e-child\" data-id=\"aab5bfe\" data-element_type=\"container\">\n\t\t\t\t<div class=\"elementor-element elementor-element-e43e94a elementor-widget elementor-widget-heading\" data-id=\"e43e94a\" data-element_type=\"widget\" data-widget_type=\"heading.default\">\n\t\t\t\t<div class=\"elementor-widget-container\">\n\t\t\t\t\t<h2 class=\"elementor-heading-title elementor-size-default\">Application for residence permit for training in Madrid<\/h2>\t\t\t\t<\/div>\n\t\t\t\t<\/div>\n\t\t\t\t<\/div>\n\t\t<div class=\"elementor-element elementor-element-55883c3 e-con-full elementor-hidden-mobile e-flex e-con e-child\" data-id=\"55883c3\" data-element_type=\"container\">\n\t\t\t\t<\/div>\n\t\t\t\t\t<\/div>\n\t\t\t\t<\/div>\n\t\t<div class=\"elementor-element elementor-element-c0c95b9 e-flex e-con-boxed e-con e-parent\" data-id=\"c0c95b9\" data-element_type=\"container\">\n\t\t\t\t\t<div class=\"e-con-inner\">\n\t\t<div class=\"elementor-element elementor-element-6ad605e e-con-full e-flex e-con e-child\" data-id=\"6ad605e\" data-element_type=\"container\">\n\t\t\t\t<div class=\"elementor-element elementor-element-83e4fa5 elementor-widget elementor-widget-heading\" data-id=\"83e4fa5\" data-element_type=\"widget\" data-widget_type=\"heading.default\">\n\t\t\t\t<div class=\"elementor-widget-container\">\n\t\t\t\t\t<h2 class=\"elementor-heading-title elementor-size-default\">Obtaining a temporary residence permit for training in Spain<\/h2>\t\t\t\t<\/div>\n\t\t\t\t<\/div>\n\t\t\t\t<div class=\"elementor-element elementor-element-4371635 elementor-widget-divider--view-line elementor-widget elementor-widget-divider\" data-id=\"4371635\" data-element_type=\"widget\" data-widget_type=\"divider.default\">\n\t\t\t\t<div class=\"elementor-widget-container\">\n\t\t\t\t\t\t\t<div class=\"elementor-divider\">\n\t\t\t<span class=\"elementor-divider-separator\">\n\t\t\t\t\t\t<\/span>\n\t\t<\/div>\n\t\t\t\t\t\t<\/div>\n\t\t\t\t<\/div>\n\t\t\t\t<div class=\"elementor-element elementor-element-4567db0 elementor-widget__width-initial elementor-widget elementor-widget-text-editor\" data-id=\"4567db0\" data-element_type=\"widget\" data-widget_type=\"text-editor.default\">\n\t\t\t\t<div class=\"elementor-widget-container\">\n\t\t\t\t\t\t\t\t\t<p><span style=\"font-weight: 400;\">The residency permit is an option for foreigners who have completed their studies in Spain to regularize their immigration status and obtain a residence permit.<\/span><\/p><p><span style=\"font-weight: 400;\">This type of residency is specifically aimed at those who have resided in Spain continuously for a certain period and have completed training recognized by the Spanish educational authorities.<\/span><\/p><p><span style=\"font-weight: 400;\">At Esteche Abogados, we understand the importance of this process for your future in Spain and we are here to guide you every step of the way.\u00a0<\/span><\/p>\t\t\t\t\t\t\t\t<\/div>\n\t\t\t\t<\/div>\n\t\t\t\t<\/div>\n\t\t<div class=\"elementor-element elementor-element-b8479b7 e-con-full e-flex e-con e-child\" data-id=\"b8479b7\" data-element_type=\"container\">\n\t\t\t\t<div class=\"elementor-element elementor-element-30e63d9 elementor-widget elementor-widget-image\" data-id=\"30e63d9\" data-element_type=\"widget\" data-widget_type=\"image.default\">\n\t\t\t\t<div class=\"elementor-widget-container\">\n\t\t\t\t\t\t\t\t\t\t\t\t\t\t\t<img fetchpriority=\"high\" decoding=\"async\" width=\"800\" height=\"450\" src=\"https:\/\/estecheabogados.com\/wp-content\/uploads\/2024\/07\/53-1024x576.jpg\" class=\"attachment-large size-large wp-image-65\" alt=\"\" srcset=\"https:\/\/estecheabogados.com\/wp-content\/uploads\/2024\/07\/53-1024x576.jpg 1024w, https:\/\/estecheabogados.com\/wp-content\/uploads\/2024\/07\/53-600x338.jpg 600w, https:\/\/estecheabogados.com\/wp-content\/uploads\/2024\/07\/53-300x169.jpg 300w, https:\/\/estecheabogados.com\/wp-content\/uploads\/2024\/07\/53-768x432.jpg 768w, https:\/\/estecheabogados.com\/wp-content\/uploads\/2024\/07\/53-1536x864.jpg 1536w, https:\/\/estecheabogados.com\/wp-content\/uploads\/2024\/07\/53.jpg 1920w\" sizes=\"(max-width: 800px) 100vw, 800px\" \/>\t\t\t\t\t\t\t\t\t\t\t\t\t\t\t<\/div>\n\t\t\t\t<\/div>\n\t\t\t\t<\/div>\n\t\t\t\t\t<\/div>\n\t\t\t\t<\/div>\n\t\t<div class=\"elementor-element elementor-element-5e2d07c e-flex e-con-boxed e-con e-parent\" data-id=\"5e2d07c\" data-element_type=\"container\" data-settings=\"{&quot;background_background&quot;:&quot;classic&quot;}\">\n\t\t\t\t\t<div class=\"e-con-inner\">\n\t\t\t\t<div class=\"elementor-element elementor-element-3a252ec elementor-widget elementor-widget-heading\" data-id=\"3a252ec\" data-element_type=\"widget\" data-widget_type=\"heading.default\">\n\t\t\t\t<div class=\"elementor-widget-container\">\n\t\t\t\t\t<h3 class=\"elementor-heading-title elementor-size-default\">Requirements for making the request for social roots<\/h3>\t\t\t\t<\/div>\n\t\t\t\t<\/div>\n\t\t\t\t<div class=\"elementor-element elementor-element-11e2087 elementor-widget-divider--view-line elementor-widget elementor-widget-divider\" data-id=\"11e2087\" data-element_type=\"widget\" data-widget_type=\"divider.default\">\n\t\t\t\t<div class=\"elementor-widget-container\">\n\t\t\t\t\t\t\t<div class=\"elementor-divider\">\n\t\t\t<span class=\"elementor-divider-separator\">\n\t\t\t\t\t\t<\/span>\n\t\t<\/div>\n\t\t\t\t\t\t<\/div>\n\t\t\t\t<\/div>\n\t\t<div class=\"elementor-element elementor-element-6a59786 e-con-full e-flex e-con e-child\" data-id=\"6a59786\" data-element_type=\"container\">\n\t\t<div class=\"elementor-element elementor-element-2b254fb e-con-full e-flex e-con e-child\" data-id=\"2b254fb\" data-element_type=\"container\" data-settings=\"{&quot;background_background&quot;:&quot;classic&quot;}\">\n\t\t\t\t<div class=\"elementor-element elementor-element-543dbfc elementor-position-left elementor-view-default elementor-mobile-position-top elementor-widget elementor-widget-icon-box\" data-id=\"543dbfc\" data-element_type=\"widget\" data-widget_type=\"icon-box.default\">\n\t\t\t\t<div class=\"elementor-widget-container\">\n\t\t\t\t\t\t\t<div class=\"elementor-icon-box-wrapper\">\n\n\t\t\t\t\t\t<div class=\"elementor-icon-box-icon\">\n\t\t\t\t<span  class=\"elementor-icon\">\n\t\t\t\t<i aria-hidden=\"true\" class=\"icon_house_alt\"><\/i>\t\t\t\t<\/span>\n\t\t\t<\/div>\n\t\t\t\n\t\t\t\t\t\t<div class=\"elementor-icon-box-content\">\n\n\t\t\t\t\t\t\t\t\t<h3 class=\"elementor-icon-box-title\">\n\t\t\t\t\t\t<span  >\n\t\t\t\t\t\t\t1. Continuous residence in Spain\t\t\t\t\t\t<\/span>\n\t\t\t\t\t<\/h3>\n\t\t\t\t\n\t\t\t\t\t\t\t\t\t<p class=\"elementor-icon-box-description\">\n\t\t\t\t\t\tYou must have resided in Spain continuously for a period of two years. Your absence from Spanish territory cannot exceed 120 days in total within these two years.\t\t\t\t\t<\/p>\n\t\t\t\t\n\t\t\t<\/div>\n\t\t\t\n\t\t<\/div>\n\t\t\t\t\t\t<\/div>\n\t\t\t\t<\/div>\n\t\t\t\t<\/div>\n\t\t<div class=\"elementor-element elementor-element-b89443a e-con-full e-flex e-con e-child\" data-id=\"b89443a\" data-element_type=\"container\" data-settings=\"{&quot;background_background&quot;:&quot;classic&quot;}\">\n\t\t\t\t<div class=\"elementor-element elementor-element-4c71765 elementor-position-left elementor-view-default elementor-mobile-position-top elementor-widget elementor-widget-icon-box\" data-id=\"4c71765\" data-element_type=\"widget\" data-widget_type=\"icon-box.default\">\n\t\t\t\t<div class=\"elementor-widget-container\">\n\t\t\t\t\t\t\t<div class=\"elementor-icon-box-wrapper\">\n\n\t\t\t\t\t\t<div class=\"elementor-icon-box-icon\">\n\t\t\t\t<span  class=\"elementor-icon\">\n\t\t\t\t<i aria-hidden=\"true\" class=\"ion ion-md-school\"><\/i>\t\t\t\t<\/span>\n\t\t\t<\/div>\n\t\t\t\n\t\t\t\t\t\t<div class=\"elementor-icon-box-content\">\n\n\t\t\t\t\t\t\t\t\t<h3 class=\"elementor-icon-box-title\">\n\t\t\t\t\t\t<span  >\n\t\t\t\t\t\t\t2. Training carried out in Spain\t\t\t\t\t\t<\/span>\n\t\t\t\t\t<\/h3>\n\t\t\t\t\n\t\t\t\t\t\t\t\t\t<p class=\"elementor-icon-box-description\">\n\t\t\t\t\t\tIt is necessary to have completed studies recognised in Spain, such as vocational training courses, university studies, master&#039;s degrees or postgraduate programmes. This training must be duly accredited by the Spanish educational authorities.\t\t\t\t\t<\/p>\n\t\t\t\t\n\t\t\t<\/div>\n\t\t\t\n\t\t<\/div>\n\t\t\t\t\t\t<\/div>\n\t\t\t\t<\/div>\n\t\t\t\t<\/div>\n\t\t<div class=\"elementor-element elementor-element-7bde0cb e-con-full e-flex e-con e-child\" data-id=\"7bde0cb\" data-element_type=\"container\" data-settings=\"{&quot;background_background&quot;:&quot;classic&quot;}\">\n\t\t\t\t<div class=\"elementor-element elementor-element-7c8e73e elementor-position-left elementor-view-default elementor-mobile-position-top elementor-widget elementor-widget-icon-box\" data-id=\"7c8e73e\" data-element_type=\"widget\" data-widget_type=\"icon-box.default\">\n\t\t\t\t<div class=\"elementor-widget-container\">\n\t\t\t\t\t\t\t<div class=\"elementor-icon-box-wrapper\">\n\n\t\t\t\t\t\t<div class=\"elementor-icon-box-icon\">\n\t\t\t\t<span  class=\"elementor-icon\">\n\t\t\t\t<i aria-hidden=\"true\" class=\"icofont icofont-money-bag\"><\/i>\t\t\t\t<\/span>\n\t\t\t<\/div>\n\t\t\t\n\t\t\t\t\t\t<div class=\"elementor-icon-box-content\">\n\n\t\t\t\t\t\t\t\t\t<h3 class=\"elementor-icon-box-title\">\n\t\t\t\t\t\t<span  >\n\t\t\t\t\t\t\t3. Sufficient financial means\t\t\t\t\t\t<\/span>\n\t\t\t\t\t<\/h3>\n\t\t\t\t\n\t\t\t\t\t\t\t\t\t<p class=\"elementor-icon-box-description\">\n\t\t\t\t\t\tYou must prove that you have sufficient financial means to support yourself during your stay in Spain. This may be through a valid employment contract, your own financial means, or the financial support of a family member or legal guardian.\n\t\t\t\t\t<\/p>\n\t\t\t\t\n\t\t\t<\/div>\n\t\t\t\n\t\t<\/div>\n\t\t\t\t\t\t<\/div>\n\t\t\t\t<\/div>\n\t\t\t\t<\/div>\n\t\t<div class=\"elementor-element elementor-element-3940e09 e-con-full e-flex e-con e-child\" data-id=\"3940e09\" data-element_type=\"container\" data-settings=\"{&quot;background_background&quot;:&quot;classic&quot;}\">\n\t\t\t\t<div class=\"elementor-element elementor-element-e5bb701 elementor-position-left elementor-view-default elementor-mobile-position-top elementor-widget elementor-widget-icon-box\" data-id=\"e5bb701\" data-element_type=\"widget\" data-widget_type=\"icon-box.default\">\n\t\t\t\t<div class=\"elementor-widget-container\">\n\t\t\t\t\t\t\t<div class=\"elementor-icon-box-wrapper\">\n\n\t\t\t\t\t\t<div class=\"elementor-icon-box-icon\">\n\t\t\t\t<span  class=\"elementor-icon\">\n\t\t\t\t<i aria-hidden=\"true\" class=\"icofont icofont-law-order\"><\/i>\t\t\t\t<\/span>\n\t\t\t<\/div>\n\t\t\t\n\t\t\t\t\t\t<div class=\"elementor-icon-box-content\">\n\n\t\t\t\t\t\t\t\t\t<h3 class=\"elementor-icon-box-title\">\n\t\t\t\t\t\t<span  >\n\t\t\t\t\t\t\t4. Absence of criminal record\t\t\t\t\t\t<\/span>\n\t\t\t\t\t<\/h3>\n\t\t\t\t\n\t\t\t\t\t\t\t\t\t<p class=\"elementor-icon-box-description\">\n\t\t\t\t\t\tYou must not have a criminal record in Spain or in your country of origin during the last five years.\t\t\t\t\t<\/p>\n\t\t\t\t\n\t\t\t<\/div>\n\t\t\t\n\t\t<\/div>\n\t\t\t\t\t\t<\/div>\n\t\t\t\t<\/div>\n\t\t\t\t<\/div>\n\t\t<div class=\"elementor-element elementor-element-84236a2 e-con-full e-flex e-con e-child\" data-id=\"84236a2\" data-element_type=\"container\" data-settings=\"{&quot;background_background&quot;:&quot;classic&quot;}\">\n\t\t\t\t<div class=\"elementor-element elementor-element-4d12366 elementor-position-left elementor-view-default elementor-mobile-position-top elementor-widget elementor-widget-icon-box\" data-id=\"4d12366\" data-element_type=\"widget\" data-widget_type=\"icon-box.default\">\n\t\t\t\t<div class=\"elementor-widget-container\">\n\t\t\t\t\t\t\t<div class=\"elementor-icon-box-wrapper\">\n\n\t\t\t\t\t\t<div class=\"elementor-icon-box-icon\">\n\t\t\t\t<span  class=\"elementor-icon\">\n\t\t\t\t<i aria-hidden=\"true\" class=\"icofont icofont-law-document\"><\/i>\t\t\t\t<\/span>\n\t\t\t<\/div>\n\t\t\t\n\t\t\t\t\t\t<div class=\"elementor-icon-box-content\">\n\n\t\t\t\t\t\t\t\t\t<h3 class=\"elementor-icon-box-title\">\n\t\t\t\t\t\t<span  >\n\t\t\t\t\t\t\t5. Additional documentation\t\t\t\t\t\t<\/span>\n\t\t\t\t\t<\/h3>\n\t\t\t\t\n\t\t\t\t\t\t\t\t\t<p class=\"elementor-icon-box-description\">\n\t\t\t\t\t\tInclude a valid passport, a criminal record certificate from your country of origin, proof of training completed in Spain (such as academic degrees or study certificates), and any other documentation that proves your residence and ties to Spain.\n\t\t\t\t\t<\/p>\n\t\t\t\t\n\t\t\t<\/div>\n\t\t\t\n\t\t<\/div>\n\t\t\t\t\t\t<\/div>\n\t\t\t\t<\/div>\n\t\t\t\t<\/div>\n\t\t\t\t<\/div>\n\t\t\t\t\t<\/div>\n\t\t\t\t<\/div>\n\t\t<div class=\"elementor-element elementor-element-dd22318 e-flex e-con-boxed e-con e-parent\" data-id=\"dd22318\" data-element_type=\"container\">\n\t\t\t\t\t<div class=\"e-con-inner\">\n\t\t<div class=\"elementor-element elementor-element-8303c88 e-con-full e-flex e-con e-child\" data-id=\"8303c88\" data-element_type=\"container\">\n\t\t\t\t<div class=\"elementor-element elementor-element-d397ad1 elementor-widget elementor-widget-image\" data-id=\"d397ad1\" data-element_type=\"widget\" data-widget_type=\"image.default\">\n\t\t\t\t<div class=\"elementor-widget-container\">\n\t\t\t\t\t\t\t\t\t\t\t\t\t\t\t<img decoding=\"async\" width=\"800\" height=\"450\" src=\"https:\/\/estecheabogados.com\/wp-content\/uploads\/2024\/07\/51-1024x576.jpg\" class=\"attachment-large size-large wp-image-63\" alt=\"\" srcset=\"https:\/\/estecheabogados.com\/wp-content\/uploads\/2024\/07\/51-1024x576.jpg 1024w, https:\/\/estecheabogados.com\/wp-content\/uploads\/2024\/07\/51-600x338.jpg 600w, https:\/\/estecheabogados.com\/wp-content\/uploads\/2024\/07\/51-300x169.jpg 300w, https:\/\/estecheabogados.com\/wp-content\/uploads\/2024\/07\/51-768x432.jpg 768w, https:\/\/estecheabogados.com\/wp-content\/uploads\/2024\/07\/51-1536x864.jpg 1536w, https:\/\/estecheabogados.com\/wp-content\/uploads\/2024\/07\/51.jpg 1920w\" sizes=\"(max-width: 800px) 100vw, 800px\" \/>\t\t\t\t\t\t\t\t\t\t\t\t\t\t\t<\/div>\n\t\t\t\t<\/div>\n\t\t\t\t<\/div>\n\t\t<div class=\"elementor-element elementor-element-d6d0570 e-con-full e-flex e-con e-child\" data-id=\"d6d0570\" data-element_type=\"container\">\n\t\t\t\t<div class=\"elementor-element elementor-element-e25533c elementor-widget elementor-widget-heading\" data-id=\"e25533c\" data-element_type=\"widget\" data-widget_type=\"heading.default\">\n\t\t\t\t<div class=\"elementor-widget-container\">\n\t\t\t\t\t<h3 class=\"elementor-heading-title elementor-size-default\">At Esteche Abogados, we make the process easier for you\n<\/h3>\t\t\t\t<\/div>\n\t\t\t\t<\/div>\n\t\t\t\t<div class=\"elementor-element elementor-element-92e9a74 elementor-widget-divider--view-line elementor-widget elementor-widget-divider\" data-id=\"92e9a74\" data-element_type=\"widget\" data-widget_type=\"divider.default\">\n\t\t\t\t<div class=\"elementor-widget-container\">\n\t\t\t\t\t\t\t<div class=\"elementor-divider\">\n\t\t\t<span class=\"elementor-divider-separator\">\n\t\t\t\t\t\t<\/span>\n\t\t<\/div>\n\t\t\t\t\t\t<\/div>\n\t\t\t\t<\/div>\n\t\t\t\t<div class=\"elementor-element elementor-element-2794b4a elementor-widget elementor-widget-text-editor\" data-id=\"2794b4a\" data-element_type=\"widget\" data-widget_type=\"text-editor.default\">\n\t\t\t\t<div class=\"elementor-widget-container\">\n\t\t\t\t\t\t\t\t\t<p><span style=\"font-weight: 400;\">At the Esteche law firm in Madrid, we are committed to offering you a personalized and efficient service so that you can successfully obtain your temporary residence permit for training-based roots. Our goal is to accompany you and facilitate each step of the process, giving you the peace of mind and confidence necessary to regularize your situation.\u00a0<\/span><\/p><p><span style=\"font-weight: 400;\">Contact us for more information and to begin your application process.<\/span><\/p>\t\t\t\t\t\t\t\t<\/div>\n\t\t\t\t<\/div>\n\t\t\t\t<div class=\"elementor-element elementor-element-88bb567 elementor-mobile-align-center elementor-widget elementor-widget-button\" data-id=\"88bb567\" data-element_type=\"widget\" data-widget_type=\"button.default\">\n\t\t\t\t<div class=\"elementor-widget-container\">\n\t\t\t\t\t\t\t\t\t<div class=\"elementor-button-wrapper\">\n\t\t\t\t\t<a class=\"elementor-button elementor-button-link elementor-size-sm\" href=\"https:\/\/estecheabogados.com\/en\/contacto\/\">\n\t\t\t\t\t\t<span class=\"elementor-button-content-wrapper\">\n\t\t\t\t\t\t\t\t\t<span class=\"elementor-button-text\">Send Request<\/span>\n\t\t\t\t\t<\/span>\n\t\t\t\t\t<\/a>\n\t\t\t\t<\/div>\n\t\t\t\t\t\t\t\t<\/div>\n\t\t\t\t<\/div>\n\t\t\t\t<\/div>\n\t\t\t\t\t<\/div>\n\t\t\t\t<\/div>\n\t\t\t\t<\/div>","protected":false},"excerpt":{"rendered":"<p>Solicitud de arraigo por formaci\u00f3n en Madrid Obtener un permiso de residencia temporal por formaci\u00f3n en Espa\u00f1a El arraigo por formaci\u00f3n es una opci\u00f3n para que los extranjeros que han completado estudios en Espa\u00f1a puedan regularizar su situaci\u00f3n migratoria y obtener un permiso de residencia. Este tipo de arraigo est\u00e1 dirigido espec\u00edficamente a aquellos que [&hellip;]<\/p>","protected":false},"author":2,"featured_media":0,"parent":236,"menu_order":0,"comment_status":"closed","ping_status":"closed","template":"","meta":{"footnotes":""},"class_list":["post-503","page","type-page","status-publish","hentry"],"yoast_head":"<!-- This site is optimized with the Yoast SEO plugin v26.2 - https:\/\/yoast.com\/wordpress\/plugins\/seo\/ -->\n<title>Solicitud de Arraigo por Formaci\u00f3n - Esteche Abogados<\/title>\n<meta name=\"robots\" content=\"index, follow, max-snippet:-1, max-image-preview:large, max-video-preview:-1\" \/>\n<link rel=\"canonical\" href=\"https:\/\/estecheabogados.com\/en\/derecho-de-extranjeria\/solicitud-de-arraigo-por-formacion\/\" \/>\n<meta property=\"og:locale\" content=\"en_GB\" \/>\n<meta property=\"og:type\" content=\"article\" \/>\n<meta property=\"og:title\" content=\"Solicitud de Arraigo por Formaci\u00f3n - Esteche Abogados\" \/>\n<meta property=\"og:description\" content=\"Solicitud de arraigo por formaci\u00f3n en Madrid Obtener un permiso de residencia temporal por formaci\u00f3n en Espa\u00f1a El arraigo por formaci\u00f3n es una opci\u00f3n para que los extranjeros que han completado estudios en Espa\u00f1a puedan regularizar su situaci\u00f3n migratoria y obtener un permiso de residencia. Este tipo de arraigo est\u00e1 dirigido espec\u00edficamente a aquellos que [&hellip;]\" \/>\n<meta property=\"og:url\" content=\"https:\/\/estecheabogados.com\/en\/derecho-de-extranjeria\/solicitud-de-arraigo-por-formacion\/\" \/>\n<meta property=\"og:site_name\" content=\"Esteche Abogados\" \/>\n<meta property=\"article:modified_time\" content=\"2024-07-22T10:39:01+00:00\" \/>\n<meta property=\"og:image\" content=\"https:\/\/estecheabogados.com\/wp-content\/uploads\/2024\/07\/53-1024x576.jpg\" \/>\n<meta name=\"twitter:card\" content=\"summary_large_image\" \/>\n<meta name=\"twitter:label1\" content=\"Estimated reading time\" \/>\n\t<meta name=\"twitter:data1\" content=\"2 minutes\" \/>\n<script type=\"application\/ld+json\" class=\"yoast-schema-graph\">{\"@context\":\"https:\/\/schema.org\",\"@graph\":[{\"@type\":\"WebPage\",\"@id\":\"https:\/\/estecheabogados.com\/derecho-de-extranjeria\/solicitud-de-arraigo-por-formacion\/\",\"url\":\"https:\/\/estecheabogados.com\/derecho-de-extranjeria\/solicitud-de-arraigo-por-formacion\/\",\"name\":\"Solicitud de Arraigo por Formaci\u00f3n - Esteche Abogados\",\"isPartOf\":{\"@id\":\"https:\/\/estecheabogados.com\/#website\"},\"primaryImageOfPage\":{\"@id\":\"https:\/\/estecheabogados.com\/derecho-de-extranjeria\/solicitud-de-arraigo-por-formacion\/#primaryimage\"},\"image\":{\"@id\":\"https:\/\/estecheabogados.com\/derecho-de-extranjeria\/solicitud-de-arraigo-por-formacion\/#primaryimage\"},\"thumbnailUrl\":\"https:\/\/estecheabogados.com\/wp-content\/uploads\/2024\/07\/53-1024x576.jpg\",\"datePublished\":\"2024-07-05T07:24:47+00:00\",\"dateModified\":\"2024-07-22T10:39:01+00:00\",\"breadcrumb\":{\"@id\":\"https:\/\/estecheabogados.com\/derecho-de-extranjeria\/solicitud-de-arraigo-por-formacion\/#breadcrumb\"},\"inLanguage\":\"en-GB\",\"potentialAction\":[{\"@type\":\"ReadAction\",\"target\":[\"https:\/\/estecheabogados.com\/derecho-de-extranjeria\/solicitud-de-arraigo-por-formacion\/\"]}]},{\"@type\":\"ImageObject\",\"inLanguage\":\"en-GB\",\"@id\":\"https:\/\/estecheabogados.com\/derecho-de-extranjeria\/solicitud-de-arraigo-por-formacion\/#primaryimage\",\"url\":\"https:\/\/estecheabogados.com\/wp-content\/uploads\/2024\/07\/53-1024x576.jpg\",\"contentUrl\":\"https:\/\/estecheabogados.com\/wp-content\/uploads\/2024\/07\/53-1024x576.jpg\"},{\"@type\":\"BreadcrumbList\",\"@id\":\"https:\/\/estecheabogados.com\/derecho-de-extranjeria\/solicitud-de-arraigo-por-formacion\/#breadcrumb\",\"itemListElement\":[{\"@type\":\"ListItem\",\"position\":1,\"name\":\"Portada\",\"item\":\"https:\/\/estecheabogados.com\/\"},{\"@type\":\"ListItem\",\"position\":2,\"name\":\"Derecho de extranjer\u00eda\",\"item\":\"https:\/\/estecheabogados.com\/derecho-de-extranjeria\/\"},{\"@type\":\"ListItem\",\"position\":3,\"name\":\"Solicitud de Arraigo por Formaci\u00f3n\"}]},{\"@type\":\"WebSite\",\"@id\":\"https:\/\/estecheabogados.com\/#website\",\"url\":\"https:\/\/estecheabogados.com\/\",\"name\":\"Esteche Abogados\",\"description\":\"\",\"potentialAction\":[{\"@type\":\"SearchAction\",\"target\":{\"@type\":\"EntryPoint\",\"urlTemplate\":\"https:\/\/estecheabogados.com\/?s={search_term_string}\"},\"query-input\":{\"@type\":\"PropertyValueSpecification\",\"valueRequired\":true,\"valueName\":\"search_term_string\"}}],\"inLanguage\":\"en-GB\"}]}<\/script>\n<!-- \/ Yoast SEO plugin. -->","yoast_head_json":{"title":"Solicitud de Arraigo por Formaci\u00f3n - Esteche Abogados","robots":{"index":"index","follow":"follow","max-snippet":"max-snippet:-1","max-image-preview":"max-image-preview:large","max-video-preview":"max-video-preview:-1"},"canonical":"https:\/\/estecheabogados.com\/en\/derecho-de-extranjeria\/solicitud-de-arraigo-por-formacion\/","og_locale":"en_GB","og_type":"article","og_title":"Solicitud de Arraigo por Formaci\u00f3n - Esteche Abogados","og_description":"Solicitud de arraigo por formaci\u00f3n en Madrid Obtener un permiso de residencia temporal por formaci\u00f3n en Espa\u00f1a El arraigo por formaci\u00f3n es una opci\u00f3n para que los extranjeros que han completado estudios en Espa\u00f1a puedan regularizar su situaci\u00f3n migratoria y obtener un permiso de residencia. Este tipo de arraigo est\u00e1 dirigido espec\u00edficamente a aquellos que [&hellip;]","og_url":"https:\/\/estecheabogados.com\/en\/derecho-de-extranjeria\/solicitud-de-arraigo-por-formacion\/","og_site_name":"Esteche Abogados","article_modified_time":"2024-07-22T10:39:01+00:00","og_image":[{"url":"https:\/\/estecheabogados.com\/wp-content\/uploads\/2024\/07\/53-1024x576.jpg","type":"","width":"","height":""}],"twitter_card":"summary_large_image","twitter_misc":{"Estimated reading time":"2 minutes"},"schema":{"@context":"https:\/\/schema.org","@graph":[{"@type":"WebPage","@id":"https:\/\/estecheabogados.com\/derecho-de-extranjeria\/solicitud-de-arraigo-por-formacion\/","url":"https:\/\/estecheabogados.com\/derecho-de-extranjeria\/solicitud-de-arraigo-por-formacion\/","name":"Solicitud de Arraigo por Formaci\u00f3n - Esteche Abogados","isPartOf":{"@id":"https:\/\/estecheabogados.com\/#website"},"primaryImageOfPage":{"@id":"https:\/\/estecheabogados.com\/derecho-de-extranjeria\/solicitud-de-arraigo-por-formacion\/#primaryimage"},"image":{"@id":"https:\/\/estecheabogados.com\/derecho-de-extranjeria\/solicitud-de-arraigo-por-formacion\/#primaryimage"},"thumbnailUrl":"https:\/\/estecheabogados.com\/wp-content\/uploads\/2024\/07\/53-1024x576.jpg","datePublished":"2024-07-05T07:24:47+00:00","dateModified":"2024-07-22T10:39:01+00:00","breadcrumb":{"@id":"https:\/\/estecheabogados.com\/derecho-de-extranjeria\/solicitud-de-arraigo-por-formacion\/#breadcrumb"},"inLanguage":"en-GB","potentialAction":[{"@type":"ReadAction","target":["https:\/\/estecheabogados.com\/derecho-de-extranjeria\/solicitud-de-arraigo-por-formacion\/"]}]},{"@type":"ImageObject","inLanguage":"en-GB","@id":"https:\/\/estecheabogados.com\/derecho-de-extranjeria\/solicitud-de-arraigo-por-formacion\/#primaryimage","url":"https:\/\/estecheabogados.com\/wp-content\/uploads\/2024\/07\/53-1024x576.jpg","contentUrl":"https:\/\/estecheabogados.com\/wp-content\/uploads\/2024\/07\/53-1024x576.jpg"},{"@type":"BreadcrumbList","@id":"https:\/\/estecheabogados.com\/derecho-de-extranjeria\/solicitud-de-arraigo-por-formacion\/#breadcrumb","itemListElement":[{"@type":"ListItem","position":1,"name":"Portada","item":"https:\/\/estecheabogados.com\/"},{"@type":"ListItem","position":2,"name":"Derecho de extranjer\u00eda","item":"https:\/\/estecheabogados.com\/derecho-de-extranjeria\/"},{"@type":"ListItem","position":3,"name":"Solicitud de Arraigo por Formaci\u00f3n"}]},{"@type":"WebSite","@id":"https:\/\/estecheabogados.com\/#website","url":"https:\/\/estecheabogados.com\/","name":"Esteche Lawyers","description":"","potentialAction":[{"@type":"SearchAction","target":{"@type":"EntryPoint","urlTemplate":"https:\/\/estecheabogados.com\/?s={search_term_string}"},"query-input":{"@type":"PropertyValueSpecification","valueRequired":true,"valueName":"search_term_string"}}],"inLanguage":"en-GB"}]}},"_links":{"self":[{"href":"https:\/\/estecheabogados.com\/en\/wp-json\/wp\/v2\/pages\/503","targetHints":{"allow":["GET"]}}],"collection":[{"href":"https:\/\/estecheabogados.com\/en\/wp-json\/wp\/v2\/pages"}],"about":[{"href":"https:\/\/estecheabogados.com\/en\/wp-json\/wp\/v2\/types\/page"}],"author":[{"embeddable":true,"href":"https:\/\/estecheabogados.com\/en\/wp-json\/wp\/v2\/users\/2"}],"replies":[{"embeddable":true,"href":"https:\/\/estecheabogados.com\/en\/wp-json\/wp\/v2\/comments?post=503"}],"version-history":[{"count":34,"href":"https:\/\/estecheabogados.com\/en\/wp-json\/wp\/v2\/pages\/503\/revisions"}],"predecessor-version":[{"id":988,"href":"https:\/\/estecheabogados.com\/en\/wp-json\/wp\/v2\/pages\/503\/revisions\/988"}],"up":[{"embeddable":true,"href":"https:\/\/estecheabogados.com\/en\/wp-json\/wp\/v2\/pages\/236"}],"wp:attachment":[{"href":"https:\/\/estecheabogados.com\/en\/wp-json\/wp\/v2\/media?parent=503"}],"curies":[{"name":"wp","href":"https:\/\/api.w.org\/{rel}","templated":true}]}}