{"id":358,"date":"2024-07-02T18:24:28","date_gmt":"2024-07-02T18:24:28","guid":{"rendered":"https:\/\/estecheabogados.com\/?page_id=358"},"modified":"2024-07-02T18:25:29","modified_gmt":"2024-07-02T18:25:29","slug":"declaracion-de-accesibilidad","status":"publish","type":"page","link":"https:\/\/estecheabogados.com\/en\/declaracion-de-accesibilidad\/","title":{"rendered":"Accessibility Statement"},"content":{"rendered":"<div data-elementor-type=\"wp-page\" data-elementor-id=\"358\" class=\"elementor elementor-358\" data-elementor-post-type=\"page\">\n\t\t\t\t<div class=\"elementor-element elementor-element-2000d1d e-flex e-con-boxed e-con e-parent\" data-id=\"2000d1d\" data-element_type=\"container\" data-settings=\"{&quot;background_background&quot;:&quot;classic&quot;}\">\n\t\t\t\t\t<div class=\"e-con-inner\">\n\t\t<div class=\"elementor-element elementor-element-7477957 e-con-full e-flex e-con e-child\" data-id=\"7477957\" data-element_type=\"container\">\n\t\t\t\t<\/div>\n\t\t<div class=\"elementor-element elementor-element-a06c53d e-con-full elementor-hidden-mobile e-flex e-con e-child\" data-id=\"a06c53d\" data-element_type=\"container\">\n\t\t\t\t<\/div>\n\t\t\t\t\t<\/div>\n\t\t\t\t<\/div>\n\t\t<div class=\"elementor-element elementor-element-492382c e-flex e-con-boxed e-con e-parent\" data-id=\"492382c\" data-element_type=\"container\">\n\t\t\t\t\t<div class=\"e-con-inner\">\n\t\t\t\t<div class=\"elementor-element elementor-element-ea3111a elementor-widget elementor-widget-text-editor\" data-id=\"ea3111a\" data-element_type=\"widget\" data-widget_type=\"text-editor.default\">\n\t\t\t\t<div class=\"elementor-widget-container\">\n\t\t\t\t\t\t\t\t\t<p>Online Vall\u00e9s is committed to making its website accessible, in accordance with Royal Decree 1112\/2018, of September 7, on the accessibility of websites and mobile applications in the public sector.<\/p><p>This accessibility statement applies to this website.<\/p><h2 class=\"wp-block-heading\">Compliance status<\/h2><p>This website is developed in accordance with RD 1112\/2018<\/p><h2 class=\"wp-block-heading\">Preparing for the next accessibility statement<\/h2><p>This statement was prepared on May 20, 2023.<\/p><p>The method used to prepare the declaration was a self-assessment.<\/p><h2 class=\"wp-block-heading\">Comments and contact information<\/h2><p>You can make communications about accessibility requirements (article 10.2.a of RD 1112\/2018) such as:<\/p><ul><li>Report any potential breach by this website<\/li><li>Transmit other difficulties in accessing content<\/li><li>Ask any other questions or suggestions for improvement regarding the accessibility of the website through the contact form on this website or by calling 93 768 52 49.<\/li><\/ul><p>You can present:<\/p><ul><li>Complaint regarding compliance with the requirements of RD 1112\/2018<\/li><li>Request for accessible information relating to:<ul><li>Contents that are excluded from the scope of application of RD 1112\/2018 as established in article 3, section 4<\/li><li>Content that is exempt from compliance with accessibility requirements to impose a disproportionate burden<\/li><li>In the Request for Accessible Information, the facts, reasons and request must be clearly specified to verify that it is a reasonable and legitimate request.<\/li><\/ul><\/li><\/ul><p>Complaints and claims regarding accessible information will be made through the electronic office (<a href=\"https:\/\/sede.red.gob.es\/procedimientos\/quejas-y-sugerencias\" target=\"_blank\" rel=\"noreferrer noopener\">https:\/\/sede.red.gob.es\/procedimientos\/quejas-y-sugerencias<\/a>), and will be received and processed by the Information Systems area of Red.es.<\/p><h2 class=\"wp-block-heading\">Optional content<\/h2><ul><li>If you want to change the font size of the text in the main graphical browsers, use the following menus:<\/li><li>Safari: View &gt; Make Text Larger<\/li><li>Chrome: Control the current page &gt; Text size<\/li><\/ul><p>To resize everything on the page:<\/p><ul><li>Ctrl++ to increase it<\/li><li>Ctrl + \u2013 to decrease it<\/li><li>Ctrl + 0 restores the original text size<\/li><li>If you want to override the style sheet or change the color of the text, you can consult the WAI&#039;s How to Change Text Size or Colors page, which can be read translated into Spanish at How to change text size or colors?<\/li><\/ul>\t\t\t\t\t\t\t\t<\/div>\n\t\t\t\t<\/div>\n\t\t\t\t\t<\/div>\n\t\t\t\t<\/div>\n\t\t\t\t<\/div>","protected":false},"excerpt":{"rendered":"<p>Online Vall\u00e9s is committed to making its website accessible in accordance with Royal Decree 1112\/2018, of September 7, on the accessibility of websites and mobile applications in the public sector. This accessibility statement applies to this website. Compliance status: This website is developed in accordance with [\u2026]<\/p>","protected":false},"author":2,"featured_media":0,"parent":0,"menu_order":0,"comment_status":"closed","ping_status":"closed","template":"","meta":{"footnotes":""},"class_list":["post-358","page","type-page","status-publish","hentry"],"yoast_head":"<!-- This site is optimized with the Yoast SEO plugin v26.2 - https:\/\/yoast.com\/wordpress\/plugins\/seo\/ -->\n<title>Declaraci\u00f3n de Accesibilidad - Esteche Abogados<\/title>\n<meta name=\"robots\" content=\"index, follow, max-snippet:-1, max-image-preview:large, max-video-preview:-1\" \/>\n<link rel=\"canonical\" href=\"https:\/\/estecheabogados.com\/en\/declaracion-de-accesibilidad\/\" \/>\n<meta property=\"og:locale\" content=\"en_GB\" \/>\n<meta property=\"og:type\" content=\"article\" \/>\n<meta property=\"og:title\" content=\"Declaraci\u00f3n de Accesibilidad - Esteche Abogados\" \/>\n<meta property=\"og:description\" content=\"Online Vall\u00e9s\u00a0se ha comprometido a hacer accesible su sitio web, de conformidad con el Real Decreto 1112\/2018, de 7 de septiembre, sobre accesibilidad de los sitios web y aplicaciones para dispositivos m\u00f3viles del sector p\u00fablico. Esta declaraci\u00f3n de accesibilidad se aplica a esta web. Situaci\u00f3n de cumplimiento Este sitio web est\u00e1 desarrollado de acuerdo con [&hellip;]\" \/>\n<meta property=\"og:url\" content=\"https:\/\/estecheabogados.com\/en\/declaracion-de-accesibilidad\/\" \/>\n<meta property=\"og:site_name\" content=\"Esteche Abogados\" \/>\n<meta property=\"article:modified_time\" content=\"2024-07-02T18:25:29+00:00\" \/>\n<meta name=\"twitter:card\" content=\"summary_large_image\" \/>\n<meta name=\"twitter:label1\" content=\"Estimated reading time\" \/>\n\t<meta name=\"twitter:data1\" content=\"2 minutes\" \/>\n<script type=\"application\/ld+json\" class=\"yoast-schema-graph\">{\"@context\":\"https:\/\/schema.org\",\"@graph\":[{\"@type\":\"WebPage\",\"@id\":\"https:\/\/estecheabogados.com\/declaracion-de-accesibilidad\/\",\"url\":\"https:\/\/estecheabogados.com\/declaracion-de-accesibilidad\/\",\"name\":\"Declaraci\u00f3n de Accesibilidad - Esteche Abogados\",\"isPartOf\":{\"@id\":\"https:\/\/estecheabogados.com\/#website\"},\"datePublished\":\"2024-07-02T18:24:28+00:00\",\"dateModified\":\"2024-07-02T18:25:29+00:00\",\"breadcrumb\":{\"@id\":\"https:\/\/estecheabogados.com\/declaracion-de-accesibilidad\/#breadcrumb\"},\"inLanguage\":\"en-GB\",\"potentialAction\":[{\"@type\":\"ReadAction\",\"target\":[\"https:\/\/estecheabogados.com\/declaracion-de-accesibilidad\/\"]}]},{\"@type\":\"BreadcrumbList\",\"@id\":\"https:\/\/estecheabogados.com\/declaracion-de-accesibilidad\/#breadcrumb\",\"itemListElement\":[{\"@type\":\"ListItem\",\"position\":1,\"name\":\"Portada\",\"item\":\"https:\/\/estecheabogados.com\/\"},{\"@type\":\"ListItem\",\"position\":2,\"name\":\"Declaraci\u00f3n de Accesibilidad\"}]},{\"@type\":\"WebSite\",\"@id\":\"https:\/\/estecheabogados.com\/#website\",\"url\":\"https:\/\/estecheabogados.com\/\",\"name\":\"Esteche Abogados\",\"description\":\"\",\"potentialAction\":[{\"@type\":\"SearchAction\",\"target\":{\"@type\":\"EntryPoint\",\"urlTemplate\":\"https:\/\/estecheabogados.com\/?s={search_term_string}\"},\"query-input\":{\"@type\":\"PropertyValueSpecification\",\"valueRequired\":true,\"valueName\":\"search_term_string\"}}],\"inLanguage\":\"en-GB\"}]}<\/script>\n<!-- \/ Yoast SEO plugin. -->","yoast_head_json":{"title":"Declaraci\u00f3n de Accesibilidad - Esteche Abogados","robots":{"index":"index","follow":"follow","max-snippet":"max-snippet:-1","max-image-preview":"max-image-preview:large","max-video-preview":"max-video-preview:-1"},"canonical":"https:\/\/estecheabogados.com\/en\/declaracion-de-accesibilidad\/","og_locale":"en_GB","og_type":"article","og_title":"Declaraci\u00f3n de Accesibilidad - Esteche Abogados","og_description":"Online Vall\u00e9s\u00a0se ha comprometido a hacer accesible su sitio web, de conformidad con el Real Decreto 1112\/2018, de 7 de septiembre, sobre accesibilidad de los sitios web y aplicaciones para dispositivos m\u00f3viles del sector p\u00fablico. Esta declaraci\u00f3n de accesibilidad se aplica a esta web. Situaci\u00f3n de cumplimiento Este sitio web est\u00e1 desarrollado de acuerdo con [&hellip;]","og_url":"https:\/\/estecheabogados.com\/en\/declaracion-de-accesibilidad\/","og_site_name":"Esteche Abogados","article_modified_time":"2024-07-02T18:25:29+00:00","twitter_card":"summary_large_image","twitter_misc":{"Estimated reading time":"2 minutes"},"schema":{"@context":"https:\/\/schema.org","@graph":[{"@type":"WebPage","@id":"https:\/\/estecheabogados.com\/declaracion-de-accesibilidad\/","url":"https:\/\/estecheabogados.com\/declaracion-de-accesibilidad\/","name":"Declaraci\u00f3n de Accesibilidad - Esteche Abogados","isPartOf":{"@id":"https:\/\/estecheabogados.com\/#website"},"datePublished":"2024-07-02T18:24:28+00:00","dateModified":"2024-07-02T18:25:29+00:00","breadcrumb":{"@id":"https:\/\/estecheabogados.com\/declaracion-de-accesibilidad\/#breadcrumb"},"inLanguage":"en-GB","potentialAction":[{"@type":"ReadAction","target":["https:\/\/estecheabogados.com\/declaracion-de-accesibilidad\/"]}]},{"@type":"BreadcrumbList","@id":"https:\/\/estecheabogados.com\/declaracion-de-accesibilidad\/#breadcrumb","itemListElement":[{"@type":"ListItem","position":1,"name":"Portada","item":"https:\/\/estecheabogados.com\/"},{"@type":"ListItem","position":2,"name":"Declaraci\u00f3n de Accesibilidad"}]},{"@type":"WebSite","@id":"https:\/\/estecheabogados.com\/#website","url":"https:\/\/estecheabogados.com\/","name":"Esteche Lawyers","description":"","potentialAction":[{"@type":"SearchAction","target":{"@type":"EntryPoint","urlTemplate":"https:\/\/estecheabogados.com\/?s={search_term_string}"},"query-input":{"@type":"PropertyValueSpecification","valueRequired":true,"valueName":"search_term_string"}}],"inLanguage":"en-GB"}]}},"_links":{"self":[{"href":"https:\/\/estecheabogados.com\/en\/wp-json\/wp\/v2\/pages\/358","targetHints":{"allow":["GET"]}}],"collection":[{"href":"https:\/\/estecheabogados.com\/en\/wp-json\/wp\/v2\/pages"}],"about":[{"href":"https:\/\/estecheabogados.com\/en\/wp-json\/wp\/v2\/types\/page"}],"author":[{"embeddable":true,"href":"https:\/\/estecheabogados.com\/en\/wp-json\/wp\/v2\/users\/2"}],"replies":[{"embeddable":true,"href":"https:\/\/estecheabogados.com\/en\/wp-json\/wp\/v2\/comments?post=358"}],"version-history":[{"count":4,"href":"https:\/\/estecheabogados.com\/en\/wp-json\/wp\/v2\/pages\/358\/revisions"}],"predecessor-version":[{"id":362,"href":"https:\/\/estecheabogados.com\/en\/wp-json\/wp\/v2\/pages\/358\/revisions\/362"}],"wp:attachment":[{"href":"https:\/\/estecheabogados.com\/en\/wp-json\/wp\/v2\/media?parent=358"}],"curies":[{"name":"wp","href":"https:\/\/api.w.org\/{rel}","templated":true}]}}