{"id":1312,"date":"2025-06-17T11:55:46","date_gmt":"2025-06-17T09:55:46","guid":{"rendered":"https:\/\/estecheabogados.com\/?page_id=1312"},"modified":"2025-06-17T12:01:56","modified_gmt":"2025-06-17T10:01:56","slug":"politica-de-cookies","status":"publish","type":"page","link":"https:\/\/estecheabogados.com\/en\/politica-de-cookies\/","title":{"rendered":"Cookie Policy"},"content":{"rendered":"<div data-elementor-type=\"wp-page\" data-elementor-id=\"1312\" class=\"elementor elementor-1312\" data-elementor-post-type=\"page\">\n\t\t\t\t<div class=\"elementor-element elementor-element-e4e9afe e-flex e-con-boxed e-con e-parent\" data-id=\"e4e9afe\" data-element_type=\"container\">\n\t\t\t\t\t<div class=\"e-con-inner\">\n\t\t\t\t<div class=\"elementor-element elementor-element-6f2fbf7 elementor-widget elementor-widget-text-editor\" data-id=\"6f2fbf7\" data-element_type=\"widget\" data-widget_type=\"text-editor.default\">\n\t\t\t\t<div class=\"elementor-widget-container\">\n\t\t\t\t\t\t\t\t\t<p>This Cookie Policy was last updated on August 1, 2024, and applies to citizens and legal permanent residents of the European Economic Area and Switzerland.<\/p><h3><strong>1. Introduction<\/strong><\/h3><p>Our website,\u00a0<span style=\"text-align: var(--text-align);\">https:\/\/estecheabogados.com (<\/span><span style=\"text-align: var(--text-align); font-size: 1rem;\">(hereinafter &quot;the website&quot;), uses cookies and other related technologies (for convenience, all technologies are referred to as &quot;cookies&quot;). Cookies are also set by third parties with whom we have contracted. This document informs you about the use of cookies on our website.<\/span><\/p><h3><strong>2. What are cookies?<\/strong><\/h3><p>A cookie is a small file that is sent along with pages of this website and stored by your browser on the hard drive of your computer or other device. The stored information may be returned to our servers or the servers of relevant third parties during a subsequent visit.<\/p><h3><strong>3. What are scripts?<\/strong><\/h3><p>A script is a piece of code used to make our website function properly and interactively. This code runs on our server or on your device.<\/p><h3><strong>4. What is a web beacon?<\/strong><\/h3><p>A web beacon (or pixel tag) is a small, invisible piece of text or image on a website that is used to monitor traffic. These web beacons store various data about you.<\/p><h3><strong>5. Cookies<\/strong><\/h3><h4><strong>5.1 Technical or functional cookies<\/strong><\/h4><p>Some cookies ensure that certain areas of the website function properly and that your user preferences are remembered. By installing functional cookies, we make your visit to our website easier. For example, you don&#039;t need to repeatedly enter the same information when visiting our website, and the items remain in your shopping cart until you complete your purchase. We may install these cookies without your consent.<\/p><h4><strong>5.2 Marketing\/Tracking Cookies<\/strong><\/h4><p>Marketing\/tracking cookies are cookies or any other form of local storage used to create user profiles to display ads or track users on this website or across multiple websites for similar marketing purposes.<\/p><h3><strong>6. Cookies used<\/strong><\/h3><ul><li><strong>Elementor<\/strong><br \/><ul><li>Purpose: Anonymous statistics<\/li><li>Consent: required for Elementor service<\/li><\/ul><\/li><li><strong>WordPress<\/strong><br \/><ul><li>Purpose: Functional<\/li><li>Consent: required for WordPress service<\/li><\/ul><\/li><li><strong>Several<\/strong><br \/><ul><li>Purpose: Pending investigation<\/li><li>Consent: Required for various services<\/li><\/ul><\/li><\/ul><h3><strong>7. Consent<\/strong><\/h3><p>When you visit our website for the first time, a pop-up window will appear with an explanation about cookies. By clicking &quot;Save preferences,&quot; you agree to the use of the selected cookie categories and plugins, as described in this cookie policy. You can disable the use of cookies through your browser, but please note that our website may not function properly.<\/p><h4><strong>7.1 Manage your consent settings<\/strong><\/h4><ul><li><strong>Functional<\/strong>\u00a0\u2013 Always active<\/li><li><strong>Marketing<\/strong>\u00a0\u2013 Marketing<\/li><\/ul><h3><strong>8. Enabling, disabling and deleting cookies<\/strong><\/h3><p>You can use your internet browser to automatically or manually delete cookies. You can also specify that certain cookies not be installed. Another option is to configure your internet browser to receive a message each time a cookie is installed. For more information about these options, please consult your browser&#039;s Help section.<\/p><p>Please note that our website may not function properly if all cookies are disabled. If you delete cookies from your browser, they will be reinstalled after your consent when you visit our website again.<\/p><hr \/><h3><strong>9. Your rights regarding personal data<\/strong><\/h3><p>You have the following rights with respect to your personal data:<\/p><ul><li><strong>Right to know<\/strong>\u00a0why your personal data is needed, what will happen to it, and how long it will be retained.<\/li><li><strong>Right of access<\/strong>\u00a0: You have the right to access the personal data we hold about you.<\/li><li><strong>Right of rectification<\/strong>\u00a0: You have the right to complete, correct, delete or block your personal data at any time.<\/li><li><strong>Right to withdraw consent<\/strong>\u00a0: If you have given us consent to process your data, you have the right to revoke it and delete your personal data.<\/li><li><strong>Right to data portability<\/strong>\u00a0: You have the right to request all your personal data from the data controller and to transfer it to another data controller.<\/li><li><strong>Right to object<\/strong>\u00a0: You may object to the processing of your data. We will comply with your obligation unless there are justified grounds for processing.<\/li><\/ul><p>To exercise these rights, please contact us using the details at the end of this cookie policy. If you have any complaints about how we handle your data, we would appreciate it if you would let us know, but you also have the right to lodge a complaint with a supervisory authority (the Data Protection Authority).<\/p><h3><strong>10. Contact information<\/strong><\/h3><p>For questions and\/or comments about our cookie policy and this statement, please contact us using the details below:<\/p><p><strong>Web:<\/strong>\u00a0<a href=\"https:\/\/estecheabogados.com\/en\/\" target=\"_new\" rel=\"noreferrer\">www.estecheabogados.com<\/a><br \/><strong>Name:<\/strong>\u00a0MARIBEL ESTECHE CARDOSO<br \/><strong>NIF:<\/strong>\u00a049392351N<br \/><strong>Address:<\/strong>\u00a0Paseo de la Castellana 123, left mezzanine. Madrid-28046<\/p><p><strong>Phone:<\/strong>\u00a0666945367<br \/><strong>Mail:<\/strong>\u00a0<a rel=\"noreferrer\">maribelesteche@icam.es<\/a><\/p><p>This cookie policy was synchronized with\u00a0<a href=\"https:\/\/cookiedatabase.org\/\">cookiedatabase.org<\/a>\u00a0on 08\/01\/2024.<\/p>\t\t\t\t\t\t\t\t<\/div>\n\t\t\t\t<\/div>\n\t\t\t\t\t<\/div>\n\t\t\t\t<\/div>\n\t\t\t\t<\/div>","protected":false},"excerpt":{"rendered":"<p>This Cookie Policy was last updated on August 1, 2024, and applies to citizens and legal permanent residents of the European Economic Area and Switzerland. 1. Introduction Our website, https:\/\/estecheabogados.com (hereinafter &quot;the Website&quot;), uses cookies and other related technologies (for convenience, all technologies are referred to as &quot;Cookies&quot;). Cookies are also [\u2026]<\/p>","protected":false},"author":2,"featured_media":0,"parent":0,"menu_order":0,"comment_status":"closed","ping_status":"closed","template":"","meta":{"footnotes":""},"class_list":["post-1312","page","type-page","status-publish","hentry"],"yoast_head":"<!-- This site is optimized with the Yoast SEO plugin v26.2 - https:\/\/yoast.com\/wordpress\/plugins\/seo\/ -->\n<title>Pol\u00edtica de cookies - Esteche Abogados<\/title>\n<meta name=\"robots\" content=\"index, follow, max-snippet:-1, max-image-preview:large, max-video-preview:-1\" \/>\n<link rel=\"canonical\" href=\"https:\/\/estecheabogados.com\/en\/politica-de-cookies\/\" \/>\n<meta property=\"og:locale\" content=\"en_GB\" \/>\n<meta property=\"og:type\" content=\"article\" \/>\n<meta property=\"og:title\" content=\"Pol\u00edtica de cookies - Esteche Abogados\" \/>\n<meta property=\"og:description\" content=\"Esta pol\u00edtica de cookies se actualiz\u00f3 por \u00faltima vez el 01\/08\/2024 y se aplica a los ciudadanos y residentes legales permanentes del Espacio Econ\u00f3mico Europeo y Suiza. 1. Introducci\u00f3n Nuestro sitio web,\u00a0https:\/\/estecheabogados.com (en adelante, \u00abel sitio web\u00bb), utiliza cookies y otras tecnolog\u00edas relacionadas (para mayor comodidad, todas las tecnolog\u00edas se denominan \u00abcookies\u00bb). Las cookies tambi\u00e9n [&hellip;]\" \/>\n<meta property=\"og:url\" content=\"https:\/\/estecheabogados.com\/en\/politica-de-cookies\/\" \/>\n<meta property=\"og:site_name\" content=\"Esteche Abogados\" \/>\n<meta property=\"article:modified_time\" content=\"2025-06-17T10:01:56+00:00\" \/>\n<meta name=\"twitter:card\" content=\"summary_large_image\" \/>\n<meta name=\"twitter:label1\" content=\"Estimated reading time\" \/>\n\t<meta name=\"twitter:data1\" content=\"4 minutes\" \/>\n<script type=\"application\/ld+json\" class=\"yoast-schema-graph\">{\"@context\":\"https:\/\/schema.org\",\"@graph\":[{\"@type\":\"WebPage\",\"@id\":\"https:\/\/estecheabogados.com\/politica-de-cookies\/\",\"url\":\"https:\/\/estecheabogados.com\/politica-de-cookies\/\",\"name\":\"Pol\u00edtica de cookies - Esteche Abogados\",\"isPartOf\":{\"@id\":\"https:\/\/estecheabogados.com\/#website\"},\"datePublished\":\"2025-06-17T09:55:46+00:00\",\"dateModified\":\"2025-06-17T10:01:56+00:00\",\"breadcrumb\":{\"@id\":\"https:\/\/estecheabogados.com\/politica-de-cookies\/#breadcrumb\"},\"inLanguage\":\"en-GB\",\"potentialAction\":[{\"@type\":\"ReadAction\",\"target\":[\"https:\/\/estecheabogados.com\/politica-de-cookies\/\"]}]},{\"@type\":\"BreadcrumbList\",\"@id\":\"https:\/\/estecheabogados.com\/politica-de-cookies\/#breadcrumb\",\"itemListElement\":[{\"@type\":\"ListItem\",\"position\":1,\"name\":\"Portada\",\"item\":\"https:\/\/estecheabogados.com\/\"},{\"@type\":\"ListItem\",\"position\":2,\"name\":\"Pol\u00edtica de cookies\"}]},{\"@type\":\"WebSite\",\"@id\":\"https:\/\/estecheabogados.com\/#website\",\"url\":\"https:\/\/estecheabogados.com\/\",\"name\":\"Esteche Abogados\",\"description\":\"\",\"potentialAction\":[{\"@type\":\"SearchAction\",\"target\":{\"@type\":\"EntryPoint\",\"urlTemplate\":\"https:\/\/estecheabogados.com\/?s={search_term_string}\"},\"query-input\":{\"@type\":\"PropertyValueSpecification\",\"valueRequired\":true,\"valueName\":\"search_term_string\"}}],\"inLanguage\":\"en-GB\"}]}<\/script>\n<!-- \/ Yoast SEO plugin. -->","yoast_head_json":{"title":"Cookies policy - Esteche Abogados","robots":{"index":"index","follow":"follow","max-snippet":"max-snippet:-1","max-image-preview":"max-image-preview:large","max-video-preview":"max-video-preview:-1"},"canonical":"https:\/\/estecheabogados.com\/en\/politica-de-cookies\/","og_locale":"en_GB","og_type":"article","og_title":"Pol\u00edtica de cookies - Esteche Abogados","og_description":"Esta pol\u00edtica de cookies se actualiz\u00f3 por \u00faltima vez el 01\/08\/2024 y se aplica a los ciudadanos y residentes legales permanentes del Espacio Econ\u00f3mico Europeo y Suiza. 1. Introducci\u00f3n Nuestro sitio web,\u00a0https:\/\/estecheabogados.com (en adelante, \u00abel sitio web\u00bb), utiliza cookies y otras tecnolog\u00edas relacionadas (para mayor comodidad, todas las tecnolog\u00edas se denominan \u00abcookies\u00bb). Las cookies tambi\u00e9n [&hellip;]","og_url":"https:\/\/estecheabogados.com\/en\/politica-de-cookies\/","og_site_name":"Esteche Abogados","article_modified_time":"2025-06-17T10:01:56+00:00","twitter_card":"summary_large_image","twitter_misc":{"Estimated reading time":"4 minutes"},"schema":{"@context":"https:\/\/schema.org","@graph":[{"@type":"WebPage","@id":"https:\/\/estecheabogados.com\/politica-de-cookies\/","url":"https:\/\/estecheabogados.com\/politica-de-cookies\/","name":"Cookies policy - Esteche Abogados","isPartOf":{"@id":"https:\/\/estecheabogados.com\/#website"},"datePublished":"2025-06-17T09:55:46+00:00","dateModified":"2025-06-17T10:01:56+00:00","breadcrumb":{"@id":"https:\/\/estecheabogados.com\/politica-de-cookies\/#breadcrumb"},"inLanguage":"en-GB","potentialAction":[{"@type":"ReadAction","target":["https:\/\/estecheabogados.com\/politica-de-cookies\/"]}]},{"@type":"BreadcrumbList","@id":"https:\/\/estecheabogados.com\/politica-de-cookies\/#breadcrumb","itemListElement":[{"@type":"ListItem","position":1,"name":"Portada","item":"https:\/\/estecheabogados.com\/"},{"@type":"ListItem","position":2,"name":"Pol\u00edtica de cookies"}]},{"@type":"WebSite","@id":"https:\/\/estecheabogados.com\/#website","url":"https:\/\/estecheabogados.com\/","name":"Esteche Lawyers","description":"","potentialAction":[{"@type":"SearchAction","target":{"@type":"EntryPoint","urlTemplate":"https:\/\/estecheabogados.com\/?s={search_term_string}"},"query-input":{"@type":"PropertyValueSpecification","valueRequired":true,"valueName":"search_term_string"}}],"inLanguage":"en-GB"}]}},"_links":{"self":[{"href":"https:\/\/estecheabogados.com\/en\/wp-json\/wp\/v2\/pages\/1312","targetHints":{"allow":["GET"]}}],"collection":[{"href":"https:\/\/estecheabogados.com\/en\/wp-json\/wp\/v2\/pages"}],"about":[{"href":"https:\/\/estecheabogados.com\/en\/wp-json\/wp\/v2\/types\/page"}],"author":[{"embeddable":true,"href":"https:\/\/estecheabogados.com\/en\/wp-json\/wp\/v2\/users\/2"}],"replies":[{"embeddable":true,"href":"https:\/\/estecheabogados.com\/en\/wp-json\/wp\/v2\/comments?post=1312"}],"version-history":[{"count":5,"href":"https:\/\/estecheabogados.com\/en\/wp-json\/wp\/v2\/pages\/1312\/revisions"}],"predecessor-version":[{"id":1318,"href":"https:\/\/estecheabogados.com\/en\/wp-json\/wp\/v2\/pages\/1312\/revisions\/1318"}],"wp:attachment":[{"href":"https:\/\/estecheabogados.com\/en\/wp-json\/wp\/v2\/media?parent=1312"}],"curies":[{"name":"wp","href":"https:\/\/api.w.org\/{rel}","templated":true}]}}